{"id":979,"date":"2024-08-21T00:00:09","date_gmt":"2024-08-21T03:00:09","guid":{"rendered":"https:\/\/staging-brasil.mapbiomas.org\/?page_id=979"},"modified":"2025-09-29T15:35:08","modified_gmt":"2025-09-29T18:35:08","slug":"codigos-de-legenda","status":"publish","type":"page","link":"https:\/\/brasil.mapbiomas.org\/en\/codigos-de-legenda\/","title":{"rendered":"Legend Code"},"content":{"rendered":"<h4 class=\"wp-block-heading has-medium-font-size\">Land Cover and Use<\/h4>\n\n\n\n<p>The files below contain the references to the codes of the classes of the legend that appear in the maps and raster files of each MapBiomas collections:<\/p>\n\n\n\n<ul>\n<li><a rel=\"noreferrer noopener\" href=\"https:\/\/brasil.mapbiomas.org\/wp-content\/uploads\/sites\/4\/2025\/08\/Legenda-Colecao-10-Legend-Code.pdf\" data-type=\"URL\" data-id=\"https:\/\/brasil.mapbiomas.org\/wp-content\/uploads\/sites\/4\/2025\/08\/Legenda-Colecao-10-Legend-Code.pdf\" target=\"_blank\">LEGEND CODES - COLLECTION 10<\/a>&nbsp;,&nbsp;<a href=\"https:\/\/brasil.mapbiomas.org\/wp-content\/uploads\/sites\/4\/2025\/08\/Legenda-Colecao-10-Descricao-Detalhada-PDF_PT-BR_EN.pdf\" data-type=\"URL\">LEGEND DESCRIPTION<\/a> (\u2018ravinas\u2019 <a href=\"https:\/\/brasil.mapbiomas.org\/wp-content\/uploads\/sites\/4\/2024\/03\/cores_transicao_col8-1.xlsx\" data-type=\"URL\" data-id=\"https:\/\/brasil.mapbiomas.org\/wp-content\/uploads\/sites\/4\/2024\/03\/cores_transicao_col8-1.xlsx\">TRANSITION COLORS \u2013 no update compared to Col. 8<\/a><\/li>\n\n\n\n<li><a rel=\"noreferrer noopener\" href=\"https:\/\/brasil.mapbiomas.org\/wp-content\/uploads\/sites\/4\/2024\/10\/Legenda-Colecao-9-LEGEND-CODE_v2.pdf\" target=\"_blank\">LEGEND CODES - COLLECTION 9<\/a>&nbsp;,&nbsp;<a href=\"https:\/\/brasil.mapbiomas.org\/wp-content\/uploads\/sites\/4\/2024\/12\/Legenda-Colecao-9-Descricao-Detalhada-PDF-EN.pdf\">LEGEND DESCRIPTION<\/a> (\u2018ravinas\u2019 <a href=\"https:\/\/brasil.mapbiomas.org\/wp-content\/uploads\/sites\/4\/2024\/03\/cores_transicao_col8-1.xlsx\">TRANSITION COLORS \u2013 no update compared to Col. 8<\/a><\/li>\n\n\n\n<li><a href=\"https:\/\/brasil.mapbiomas.org\/wp-content\/uploads\/sites\/4\/2023\/08\/Legenda-Colecao-8-LEGEND-CODE.pdf\">LEGEND CODES - COLLECTION 8<\/a>&nbsp;,&nbsp;<a href=\"https:\/\/brasil.mapbiomas.org\/wp-content\/uploads\/sites\/4\/2024\/12\/Legenda-Colecao-9-Descricao-Detalhada-PDF-EN.pdf\">LEGEND DESCRIPTION<\/a> (\u2018ravinas\u2019 <a rel=\"noreferrer noopener\" href=\"https:\/\/brasil.mapbiomas.org\/wp-content\/uploads\/sites\/4\/2024\/03\/cores_transicao_col8-1.xlsx\" data-type=\"URL\" target=\"_blank\">TRANSITIONS COLORS<\/a><\/li>\n\n\n\n<li><a href=\"https:\/\/brasil.mapbiomas.org\/wp-content\/uploads\/sites\/4\/2023\/08\/EN__Codigos_da_legenda_Colecao_7.pdf\">LEGEND CODES - COLLECTION 7 and 7.1<\/a><\/li>\n\n\n\n<li><a href=\"https:\/\/mapbiomas-br-site.s3.amazonaws.com\/downloads\/C%C3%B3digos_das_classes_da_legenda_e_paleta_de_cores.pdf\"><\/a><a href=\"https:\/\/brasil.mapbiomas.org\/wp-content\/uploads\/sites\/4\/2023\/08\/Cod_Class_legenda_Col6_MapBiomas_BR.pdf\" target=\"_blank\" rel=\"noreferrer noopener\">LEGEND CODES - COLLECTION 6<\/a><\/li>\n\n\n\n<li><a href=\"https:\/\/brasil.mapbiomas.org\/wp-content\/uploads\/sites\/4\/2023\/08\/EN__Codigos_da_legenda_Colecao_5.pdf\">LEGEND CODES - COLLECTION 5<\/a><\/li>\n\n\n\n<li><a href=\"https:\/\/brasil.mapbiomas.org\/wp-content\/uploads\/sites\/4\/2023\/08\/Codigos_da_legenda_Colecao_4.pdf\">LEGEND CODES - COLLECTION 4 and 4.1<\/a><\/li>\n\n\n\n<li><a href=\"https:\/\/brasil.mapbiomas.org\/wp-content\/uploads\/sites\/4\/2023\/08\/Download___Codigos_da_legenda_3.0.pdf\">LEGEND CODES - COLLECTION 3.1<\/a><\/li>\n\n\n\n<li><a href=\"https:\/\/brasil.mapbiomas.org\/wp-content\/uploads\/sites\/4\/2023\/08\/Download___Codigos_da_legenda_3.0.pdf\" target=\"_blank\" rel=\"noreferrer noopener\">LEGEND CODES - COLLECTION 3.0<\/a><\/li>\n\n\n\n<li><a href=\"https:\/\/brasil.mapbiomas.org\/wp-content\/uploads\/sites\/4\/2023\/08\/Download___Codigos_da_legenda_2.0.pdf\" target=\"_blank\" rel=\"noreferrer noopener\">LEGEND CODES - COLLECTION 2.3<\/a><\/li>\n\n\n\n<li><a href=\"https:\/\/brasil.mapbiomas.org\/wp-content\/uploads\/sites\/4\/2023\/08\/Download___Codigos_da_legenda_2.0.pdf\" target=\"_blank\" rel=\"noreferrer noopener\">LEGEND CODES - COLLECTION 2.0<\/a><\/li>\n<\/ul>\n\n\n\n<p>&nbsp;The RGB color palette of each class is available for use in&nbsp;<a href=\"https:\/\/brasil.mapbiomas.org\/wp-content\/uploads\/sites\/4\/2025\/08\/ESTILO_QGIS_COL10_PT_EN.zip\" data-type=\"URL\" data-id=\"https:\/\/brasil.mapbiomas.org\/wp-content\/uploads\/sites\/4\/2025\/08\/ESTILO_QGIS_COL10_PT_EN.zip\">QGIS<\/a>.<\/p>\n\n\n\n<p>The&nbsp;<a href=\"https:\/\/brasil.mapbiomas.org\/wp-content\/uploads\/sites\/4\/2025\/08\/Codigos-da-legenda-colecao-10.zip\" data-type=\"URL\" data-id=\"https:\/\/brasil.mapbiomas.org\/wp-content\/uploads\/sites\/4\/2025\/08\/Codigos-da-legenda-colecao-10.zip\">Legend code and color palette in CSV format<\/a>&nbsp;for each class to ease its use in programs like R.<\/p>\n\n\n\n<h4 class=\"wp-block-heading has-medium-font-size\">Transition Maps<\/h4>\n\n\n\n<p>The transition maps have codes calculated by joining the first and second year codes, according to the formula below:<\/p>\n\n\n\n<p>&nbsp; (year1 x 100) + year2<\/p>\n\n\n\n<p>&nbsp; This means:<\/p>\n\n\n\n<ul>\n<li>&nbsp; 303 = forest that remained forest<\/li>\n\n\n\n<li>&nbsp; 315 = forest that has been converted to pasture<\/li>\n\n\n\n<li>&nbsp; 1515 = pasture that remained pasture<\/li>\n\n\n\n<li>&nbsp; 1524 = pasture that has been converted to urban infrastructure<\/li>\n<\/ul>\n\n\n\n<h4 class=\"wp-block-heading has-medium-font-size\">Deforestation and Secondary Vegetation<\/h4>\n\n\n\n<p>Permite baixar os mapas e estat\u00edsticas de desmatamento e vegeta\u00e7\u00e3o secund\u00e1ria. O valor de cada\u00a0 pixel \u00e9 calculado conforme descri\u00e7\u00e3o da p\u00e1gina do m\u00e9todo de desmatamento e vegeta\u00e7\u00e3o secund\u00e1ria:<\/p>\n\n\n\n<p><\/p>\n\n\n\n<ol>\n<li>\u00a0 \u00a0 \u00a0 \u00a0\u00a0<strong><em>Anthropic<\/em><\/strong><\/li>\n\n\n\n<li>\u00a0 \u00a0 \u00a0 \u00a0Vegeta\u00e7\u00e3o Prim\u00e1ria<\/li>\n\n\n\n<li>\u00a0 \u00a0 \u00a0 \u00a0Secondary Vegetation<\/li>\n\n\n\n<li>\u00a0 \u00a0 \u00a0 \u00a0Supress\u00e3o de Vegeta\u00e7\u00e3o Prim\u00e1ria<\/li>\n\n\n\n<li>\u00a0 \u00a0 \u00a0 \u00a0Recupera\u00e7\u00e3o para Vegeta\u00e7\u00e3o Secund\u00e1ria<\/li>\n\n\n\n<li>\u00a0 \u00a0 \u00a0 \u00a0Supress\u00e3o de Vegeta\u00e7\u00e3o Secund\u00e1ria<\/li>\n\n\n\n<li>\u00a0 \u00a0 \u00a0 \u00a0Ru\u00eddo<\/li>\n<\/ol>\n\n\n\n<h4 class=\"wp-block-heading has-medium-font-size\">Mining<\/h4>\n\n\n\n<p>the identification of codes for the legend can be seen&nbsp;<a rel=\"noreferrer noopener\" href=\"https:\/\/brasil.mapbiomas.org\/en\/estatisticas\/\" target=\"_blank\">in the sheet \"legend\" in the Mining statistics table.<\/a><\/p>\n\n\n\n<h4 class=\"wp-block-heading has-medium-font-size\">Fire<\/h4>\n\n\n\n<p>The explanation of the pixel value meaning in the&nbsp;<a href=\"https:\/\/brasil.mapbiomas.org\/wp-content\/uploads\/sites\/4\/2025\/06\/CODIGO-DE-LEGENDA-FOGO-COLECAO-4.pdf\" target=\"_blank\" rel=\"noreferrer noopener\">Legend Code<\/a>.<\/p>\n\n\n\n<h4 class=\"wp-block-heading has-medium-font-size\">Pasture Vigor<\/h4>\n\n\n\n<p><\/p>\n\n\n\n<ol>\n<li>Pasture Vigour \u2013 Low<\/li>\n\n\n\n<li>Pasture Vigour \u2013 Medium<\/li>\n\n\n\n<li>Pasture Vigour \u2013 High<\/li>\n<\/ol>\n\n\n\n<h4 class=\"wp-block-heading has-medium-font-size\">Agriculture<\/h4>\n\n\n\n<p>It allows to download maps and statistics of deforestation and regeneration. The value of each pixel is calculated using the following formula:<\/p>\n\n\n\n<p> Classe de Irriga\u00e7\u00e3o * 100 + (\u201c<a rel=\"noreferrer noopener\" href=\"https:\/\/brasil.mapbiomas.org\/en\/codigos-de-legenda\/\" target=\"_blank\">usage class id<\/a>\u201d)<\/p>\n\n\n\n<ol>\n<li>Pivot Irrigation&nbsp;<\/li>\n\n\n\n<li>Irrigated rice<\/li>\n\n\n\n<li>Other irrigation system<\/li>\n<\/ol>\n\n\n\n<h4 class=\"wp-block-heading\">MapBiomas Soil<\/h4>\n\n\n\n<p>Access the legend code document for MapBiomas Soil Collection 2 <a href=\"https:\/\/brasil.mapbiomas.org\/wp-content\/uploads\/sites\/4\/2025\/09\/Legend_MapBiomas_Soil_col2.1_PT-EN.pdf\">here<\/a><\/p>\n\n\n\n<h4 class=\"wp-block-heading has-medium-font-size\">Mosaic Quality<\/h4>\n\n\n\n<figure class=\"wp-block-image size-large\"><img decoding=\"async\" src=\"https:\/\/staging-brasil.mapbiomas.org\/wp-content\/uploads\/sites\/4\/2023\/08\/Legenda.png\" alt=\"\" \/><\/figure>","protected":false},"excerpt":{"rendered":"<p>Uso e Cobertura da Terra Os arquivos abaixo cont\u00eam as refer\u00eancias para os c\u00f3digos das classes de cobertura e uso da terra da legenda que aparecem nos mapas e arquivos raster em cada cole\u00e7\u00e3o do MapBiomas: &nbsp;A paleta de cores RGB de cada classe da legenda est\u00e1 dispon\u00edvel&nbsp;tamb\u00e9m para o uso ou no&nbsp;QGIS. O&nbsp;arquivo CSV&nbsp;do [&hellip;]<\/p>","protected":false},"author":2,"featured_media":0,"parent":0,"menu_order":0,"comment_status":"closed","ping_status":"closed","template":"","meta":{"_uag_custom_page_level_css":""},"acf":[],"uagb_featured_image_src":{"full":false,"thumbnail":false,"medium":false,"medium_large":false,"large":false,"1536x1536":false,"2048x2048":false,"trp-custom-language-flag":false,"infographic":false,"team":false},"uagb_author_info":{"display_name":"Adriel Fernandes","author_link":"https:\/\/brasil.mapbiomas.org\/en\/author\/adriel-fernandes\/"},"uagb_comment_info":0,"uagb_excerpt":"Uso e Cobertura da Terra Os arquivos abaixo cont\u00eam as refer\u00eancias para os c\u00f3digos das classes de cobertura e uso da terra da legenda que aparecem nos mapas e arquivos raster em cada cole\u00e7\u00e3o do MapBiomas: &nbsp;A paleta de cores RGB de cada classe da legenda est\u00e1 dispon\u00edvel&nbsp;tamb\u00e9m para o uso ou no&nbsp;QGIS. O&nbsp;arquivo CSV&nbsp;do&hellip;","_links":{"self":[{"href":"https:\/\/brasil.mapbiomas.org\/en\/wp-json\/wp\/v2\/pages\/979"}],"collection":[{"href":"https:\/\/brasil.mapbiomas.org\/en\/wp-json\/wp\/v2\/pages"}],"about":[{"href":"https:\/\/brasil.mapbiomas.org\/en\/wp-json\/wp\/v2\/types\/page"}],"author":[{"embeddable":true,"href":"https:\/\/brasil.mapbiomas.org\/en\/wp-json\/wp\/v2\/users\/2"}],"replies":[{"embeddable":true,"href":"https:\/\/brasil.mapbiomas.org\/en\/wp-json\/wp\/v2\/comments?post=979"}],"version-history":[{"count":34,"href":"https:\/\/brasil.mapbiomas.org\/en\/wp-json\/wp\/v2\/pages\/979\/revisions"}],"predecessor-version":[{"id":8095,"href":"https:\/\/brasil.mapbiomas.org\/en\/wp-json\/wp\/v2\/pages\/979\/revisions\/8095"}],"wp:attachment":[{"href":"https:\/\/brasil.mapbiomas.org\/en\/wp-json\/wp\/v2\/media?parent=979"}],"curies":[{"name":"wp","href":"https:\/\/api.w.org\/{rel}","templated":true}]}}