{"id":976,"date":"2024-08-21T01:00:14","date_gmt":"2024-08-21T04:00:14","guid":{"rendered":"https:\/\/staging-brasil.mapbiomas.org\/?page_id=976"},"modified":"2025-08-25T16:38:18","modified_gmt":"2025-08-25T19:38:18","slug":"mapa-mural","status":"publish","type":"page","link":"https:\/\/brasil.mapbiomas.org\/en\/mapa-mural\/","title":{"rendered":"Mural Maps"},"content":{"rendered":"<p>Aqui voc\u00ea pode baixar o mapa mural de cobertura e uso da terra do Brasil &#8211; Cole\u00e7\u00e3o 10<\/p>\n\n\n\n<p><a href=\"https:\/\/brasil.mapbiomas.org\/wp-content\/uploads\/sites\/4\/2024\/08\/MAPBIOMAS-2023_MAPA-MURAL-DO-BRASIL.pdf\" target=\"_blank\" rel=\"noreferrer noopener\">Mapa Mural do Brasil &#8211; 2024<\/a><\/p>\n\n\n\n<figure class=\"wp-block-image size-large\"><a href=\"https:\/\/storage.googleapis.com\/mapbiomas-public\/initiatives\/brasil\/collection_10\/lulc\/maps\/MAPBIOMAS_BRAZIL_POSTER%202024%20AF%2008.08.2025.pdf\" rel=\"https:\/\/brasil.mapbiomas.org\/wp-content\/uploads\/sites\/4\/2024\/08\/2024_BAP_MURAL_2MAPAS_vFVF-1.pdf\"><img decoding=\"async\" src=\"https:\/\/brasil.mapbiomas.org\/wp-content\/uploads\/sites\/4\/2025\/08\/mapaMural_Brasil_capture.jpeg\" alt=\"\" \/><\/a><\/figure>\n\n\n\n<p>Also download other mural maps of land cover and use for Brazilian biomes \u2013 Collection 10<\/p>\n\n\n\n<p><a href=\"https:\/\/drive.google.com\/file\/d\/1aeei5gX8pqFgrWdeWoQ1Q1a5L30kcXE1\/view?usp=drive_link\">Mapa Mural da Amaz\u00f4nia &#8211; 2024<\/a><\/p>\n\n\n\n<figure class=\"wp-block-image size-large\"><a href=\"https:\/\/drive.google.com\/file\/d\/1aeei5gX8pqFgrWdeWoQ1Q1a5L30kcXE1\/view?usp=drive_link\"><img decoding=\"async\" src=\"https:\/\/brasil.mapbiomas.org\/wp-content\/uploads\/sites\/4\/2025\/08\/mapaMural_Amazonia_capturev3.jpeg\" alt=\"\" \/><\/a><\/figure>\n\n\n\n<p><a href=\"https:\/\/brasil.mapbiomas.org\/wp-content\/uploads\/sites\/4\/2025\/08\/Mapa_Mural_Caatinga_2024_Col10_versao_final.pdf\" data-type=\"URL\" data-id=\"https:\/\/brasil.mapbiomas.org\/wp-content\/uploads\/sites\/4\/2025\/08\/Mapa_Mural_Caatinga_2024_Col10_versao_final.pdf\">Caatinga Mural Map - 2024<\/a><\/p>\n\n\n\n<figure class=\"wp-block-image size-large\"><a href=\"https:\/\/brasil.mapbiomas.org\/wp-content\/uploads\/sites\/4\/2025\/08\/Mapa_Mural_Caatinga_2024_Col10_versao_final.pdf\"><img decoding=\"async\" src=\"https:\/\/brasil.mapbiomas.org\/wp-content\/uploads\/sites\/4\/2025\/08\/mapaMural_Caatinga_capture_v2.jpeg\" alt=\"\" \/><\/a><\/figure>\n\n\n\n<p><a href=\"https:\/\/brasil.mapbiomas.org\/wp-content\/uploads\/sites\/4\/2025\/08\/MAPA-MURAL-CERRADO-2024-1.pdf\" data-type=\"URL\" data-id=\"https:\/\/brasil.mapbiomas.org\/wp-content\/uploads\/sites\/4\/2025\/08\/MAPA-MURAL-CERRADO-2024-1.pdf\"><strong>Cerrado Mural Map - 202<\/strong>4<\/a><\/p>\n\n\n\n<figure class=\"wp-block-image size-large\"><a href=\"https:\/\/brasil.mapbiomas.org\/wp-content\/uploads\/sites\/4\/2025\/08\/MAPA-MURAL-CERRADO-2024-1.pdf\"><img decoding=\"async\" src=\"https:\/\/brasil.mapbiomas.org\/wp-content\/uploads\/sites\/4\/2025\/08\/mapaMural_Cerrado_capture_v2.jpeg\" alt=\"\" \/><\/a><\/figure>\n\n\n\n<p><a rel=\"noreferrer noopener\" href=\"https:\/\/brasil.mapbiomas.org\/wp-content\/uploads\/sites\/4\/2025\/08\/PANTANAL_COL10_MURAL_v3-1.pdf\" target=\"_blank\">Mapa Mural da Bacia do Hidrogr\u00e1fica do Alto Paraguai \/ Pantanal &#8211; 2024<\/a><\/p>\n\n\n\n<figure class=\"wp-block-image size-large\"><a href=\"https:\/\/brasil.mapbiomas.org\/wp-content\/uploads\/sites\/4\/2025\/08\/PANTANAL_COL10_MURAL_v3-1.pdf\"><img decoding=\"async\" src=\"https:\/\/brasil.mapbiomas.org\/wp-content\/uploads\/sites\/4\/2025\/08\/mapaMural_Pantanal_capture.jpeg\" alt=\"\" \/><\/a><\/figure>\n\n\n\n<p><a rel=\"noreferrer noopener\" href=\"https:\/\/brasil.mapbiomas.org\/wp-content\/uploads\/sites\/4\/2025\/08\/mapaMural_MataAtlantica_Col10_final.pdf\" data-type=\"URL\" data-id=\"https:\/\/brasil.mapbiomas.org\/wp-content\/uploads\/sites\/4\/2025\/08\/Mapa_Mural_MataAtlantica_Col10_A1_v01_semObs.pdf\" target=\"_blank\">Mapa Mural da Mata <\/a><a href=\"https:\/\/brasil.mapbiomas.org\/wp-content\/uploads\/sites\/4\/2025\/08\/Mapa_Mural_MataAtlantica_Col10_A1_v02_sLogos.pdf\" data-type=\"URL\" data-id=\"https:\/\/brasil.mapbiomas.org\/wp-content\/uploads\/sites\/4\/2025\/08\/Mapa_Mural_MataAtlantica_Col10_A1_v01_semObs.pdf\" target=\"_blank\" rel=\"noreferrer noopener\">Atl\u00e2ntica &#8211; 2024<\/a><\/p>\n\n\n\n<figure class=\"wp-block-image size-large\"><a href=\"https:\/\/brasil.mapbiomas.org\/wp-content\/uploads\/sites\/4\/2025\/08\/Mapa_Mural_MataAtlantica_Col10_A1_v02_sLogos.pdf\"><img decoding=\"async\" src=\"https:\/\/brasil.mapbiomas.org\/wp-content\/uploads\/sites\/4\/2025\/08\/mapaMural_MataAtlantica_capture_v2.jpeg\" alt=\"\" \/><\/a><\/figure>\n\n\n\n<p><a href=\"https:\/\/drive.google.com\/file\/d\/13sjRAjDqgZCIVsHX40g8e3LF9xVHE723\/view?usp=drive_link\" data-type=\"URL\" data-id=\"https:\/\/drive.google.com\/file\/d\/13sjRAjDqgZCIVsHX40g8e3LF9xVHE723\/view?usp=drive_link\" target=\"_blank\" rel=\"noreferrer noopener\">Mapa Mural do Pampa &#8211; 2024<\/a><\/p>\n\n\n\n<figure class=\"wp-block-image size-large\"><a href=\"https:\/\/drive.google.com\/file\/d\/13sjRAjDqgZCIVsHX40g8e3LF9xVHE723\/view?usp=drive_link\"><img decoding=\"async\" src=\"https:\/\/brasil.mapbiomas.org\/wp-content\/uploads\/sites\/4\/2025\/08\/mapaMural_Pampa_capture_v2.jpeg\" alt=\"\" \/><\/a><\/figure>\n\n\n\n<p><\/p>","protected":false},"excerpt":{"rendered":"<p>Aqui voc\u00ea pode baixar o mapa mural de cobertura e uso da terra do Brasil &#8211; Cole\u00e7\u00e3o 10 Mapa Mural do Brasil &#8211; 2024 Baixe tamb\u00e9m outros mapas murais de cobertura e uso da terra para os biomas brasileiros &#8211; Cole\u00e7\u00e3o 10 Mapa Mural da Amaz\u00f4nia &#8211; 2024 Mapa mural da Caatinga &#8211; 2024 Mapa [&hellip;]<\/p>","protected":false},"author":2,"featured_media":0,"parent":0,"menu_order":0,"comment_status":"closed","ping_status":"closed","template":"","meta":{"_uag_custom_page_level_css":""},"acf":[],"uagb_featured_image_src":{"full":false,"thumbnail":false,"medium":false,"medium_large":false,"large":false,"1536x1536":false,"2048x2048":false,"trp-custom-language-flag":false,"infographic":false,"team":false},"uagb_author_info":{"display_name":"Adriel Fernandes","author_link":"https:\/\/brasil.mapbiomas.org\/en\/author\/adriel-fernandes\/"},"uagb_comment_info":0,"uagb_excerpt":"Aqui voc\u00ea pode baixar o mapa mural de cobertura e uso da terra do Brasil &#8211; Cole\u00e7\u00e3o 10 Mapa Mural do Brasil &#8211; 2024 Baixe tamb\u00e9m outros mapas murais de cobertura e uso da terra para os biomas brasileiros &#8211; Cole\u00e7\u00e3o 10 Mapa Mural da Amaz\u00f4nia &#8211; 2024 Mapa mural da Caatinga &#8211; 2024 Mapa&hellip;","_links":{"self":[{"href":"https:\/\/brasil.mapbiomas.org\/en\/wp-json\/wp\/v2\/pages\/976"}],"collection":[{"href":"https:\/\/brasil.mapbiomas.org\/en\/wp-json\/wp\/v2\/pages"}],"about":[{"href":"https:\/\/brasil.mapbiomas.org\/en\/wp-json\/wp\/v2\/types\/page"}],"author":[{"embeddable":true,"href":"https:\/\/brasil.mapbiomas.org\/en\/wp-json\/wp\/v2\/users\/2"}],"replies":[{"embeddable":true,"href":"https:\/\/brasil.mapbiomas.org\/en\/wp-json\/wp\/v2\/comments?post=976"}],"version-history":[{"count":48,"href":"https:\/\/brasil.mapbiomas.org\/en\/wp-json\/wp\/v2\/pages\/976\/revisions"}],"predecessor-version":[{"id":7429,"href":"https:\/\/brasil.mapbiomas.org\/en\/wp-json\/wp\/v2\/pages\/976\/revisions\/7429"}],"wp:attachment":[{"href":"https:\/\/brasil.mapbiomas.org\/en\/wp-json\/wp\/v2\/media?parent=976"}],"curies":[{"name":"wp","href":"https:\/\/api.w.org\/{rel}","templated":true}]}}