{"id":965,"date":"2023-08-17T17:22:41","date_gmt":"2023-08-17T17:22:41","guid":{"rendered":"https:\/\/staging-brasil.mapbiomas.org\/?page_id=965"},"modified":"2023-08-17T17:24:36","modified_gmt":"2023-08-17T17:24:36","slug":"mapas-de-referencia","status":"publish","type":"page","link":"https:\/\/brasil.mapbiomas.org\/en\/mapas-de-referencia\/","title":{"rendered":"REFERENCE MAPS"},"content":{"rendered":"<p>Check the maps used as references by MapBiomas to train classification algorithms or assess the quality of the project's automatic classification. These references come from various organizations and have diverse temporal and geographical scopes.<\/p>\n\n\n\n<p>Some of these maps are not yet publicly accessible as they are still in the process of publication. When available, we provide the link to download the data directly from the source.<\/p>","protected":false},"excerpt":{"rendered":"<p>Confira os mapas utilizados como refer\u00eancia pelo MapBiomas para treinar algoritmos de classifica\u00e7\u00e3o ou avaliar a qualidade da classifica\u00e7\u00e3o autom\u00e1tica do projeto. Estas refer\u00eancias s\u00e3o de diversas organiza\u00e7\u00f5es e com escopo temporal e geogr\u00e1fico variado. Alguns desses mapas ainda n\u00e3o tem acesso p\u00fablico por estarem em processo de publica\u00e7\u00e3o. Quando dispon\u00edveis indicamos o link para [&hellip;]<\/p>","protected":false},"author":2,"featured_media":0,"parent":0,"menu_order":0,"comment_status":"closed","ping_status":"closed","template":"page_maps_and_references.php","meta":{"_uag_custom_page_level_css":""},"acf":[],"uagb_featured_image_src":{"full":false,"thumbnail":false,"medium":false,"medium_large":false,"large":false,"1536x1536":false,"2048x2048":false,"trp-custom-language-flag":false,"infographic":false,"team":false},"uagb_author_info":{"display_name":"Adriel Fernandes","author_link":"https:\/\/brasil.mapbiomas.org\/en\/author\/adriel-fernandes\/"},"uagb_comment_info":0,"uagb_excerpt":"Confira os mapas utilizados como refer\u00eancia pelo MapBiomas para treinar algoritmos de classifica\u00e7\u00e3o ou avaliar a qualidade da classifica\u00e7\u00e3o autom\u00e1tica do projeto. Estas refer\u00eancias s\u00e3o de diversas organiza\u00e7\u00f5es e com escopo temporal e geogr\u00e1fico variado. Alguns desses mapas ainda n\u00e3o tem acesso p\u00fablico por estarem em processo de publica\u00e7\u00e3o. Quando dispon\u00edveis indicamos o link para&hellip;","_links":{"self":[{"href":"https:\/\/brasil.mapbiomas.org\/en\/wp-json\/wp\/v2\/pages\/965"}],"collection":[{"href":"https:\/\/brasil.mapbiomas.org\/en\/wp-json\/wp\/v2\/pages"}],"about":[{"href":"https:\/\/brasil.mapbiomas.org\/en\/wp-json\/wp\/v2\/types\/page"}],"author":[{"embeddable":true,"href":"https:\/\/brasil.mapbiomas.org\/en\/wp-json\/wp\/v2\/users\/2"}],"replies":[{"embeddable":true,"href":"https:\/\/brasil.mapbiomas.org\/en\/wp-json\/wp\/v2\/comments?post=965"}],"version-history":[{"count":2,"href":"https:\/\/brasil.mapbiomas.org\/en\/wp-json\/wp\/v2\/pages\/965\/revisions"}],"predecessor-version":[{"id":975,"href":"https:\/\/brasil.mapbiomas.org\/en\/wp-json\/wp\/v2\/pages\/965\/revisions\/975"}],"wp:attachment":[{"href":"https:\/\/brasil.mapbiomas.org\/en\/wp-json\/wp\/v2\/media?parent=965"}],"curies":[{"name":"wp","href":"https:\/\/api.w.org\/{rel}","templated":true}]}}