{"id":962,"date":"2024-08-21T00:00:10","date_gmt":"2024-08-21T03:00:10","guid":{"rendered":"https:\/\/staging-brasil.mapbiomas.org\/?page_id=962"},"modified":"2026-01-09T17:12:36","modified_gmt":"2026-01-09T20:12:36","slug":"infograficos","status":"publish","type":"page","link":"https:\/\/brasil.mapbiomas.org\/en\/infograficos\/","title":{"rendered":"Infographics"},"content":{"rendered":"<p><strong>Download infographics on land cover and use data from MapBiomas Brazil Collection 10&nbsp;<\/strong><\/p>\n\n\n\n<p><\/p>\n\n\n\n<figure class=\"wp-block-gallery has-nested-images columns-default is-cropped wp-block-gallery-1 is-layout-flex\">\n<figure class=\"wp-block-image size-large\"><a href=\"https:\/\/brasil.mapbiomas.org\/wp-content\/uploads\/sites\/4\/2025\/08\/MBI-infographics-brazil-10-EN-1-scaled.jpg\" target=\"_blank\" rel=\"noreferrer noopener\"><img decoding=\"async\" src=\"https:\/\/brasil.mapbiomas.org\/wp-content\/uploads\/sites\/4\/2025\/08\/MBI-infographics-brazil-10-EN-1-scaled.jpg\" alt=\"\" \/><\/a><\/figure>\n<\/figure>\n\n\n\n<figure class=\"wp-block-gallery has-nested-images columns-default is-cropped wp-block-gallery-3 is-layout-flex\">\n<figure class=\"wp-block-image size-large\"><a href=\"https:\/\/brasil.mapbiomas.org\/wp-content\/uploads\/sites\/4\/2025\/08\/MBI-infographics-amazon-10-EN-1-scaled.jpg\" target=\"_blank\" rel=\"noreferrer noopener\"><img decoding=\"async\" src=\"https:\/\/brasil.mapbiomas.org\/wp-content\/uploads\/sites\/4\/2025\/08\/MBI-infographics-amazon-10-EN-1-scaled.jpg\" alt=\"\" \/><\/a><\/figure>\n<\/figure>\n\n\n\n<figure class=\"wp-block-gallery has-nested-images columns-default is-cropped wp-block-gallery-5 is-layout-flex\">\n<figure class=\"wp-block-image size-large\"><a href=\"https:\/\/brasil.mapbiomas.org\/wp-content\/uploads\/sites\/4\/2025\/08\/MBI-infographics-caatinga-10-EN-1-scaled.jpg\" target=\"_blank\" rel=\"noreferrer noopener\"><img decoding=\"async\" src=\"https:\/\/brasil.mapbiomas.org\/wp-content\/uploads\/sites\/4\/2025\/08\/MBI-infographics-caatinga-10-EN-1-scaled.jpg\" alt=\"\" \/><\/a><\/figure>\n<\/figure>\n\n\n\n<figure class=\"wp-block-image size-large\"><a href=\"https:\/\/brasil.mapbiomas.org\/wp-content\/uploads\/sites\/4\/2025\/08\/MBI-infographics-cerrado-10-EN-1-scaled.jpg\" target=\"_blank\" rel=\"noreferrer noopener\"><img decoding=\"async\" src=\"https:\/\/brasil.mapbiomas.org\/wp-content\/uploads\/sites\/4\/2025\/08\/MBI-infographics-cerrado-10-EN-1-scaled.jpg\" alt=\"\" \/><\/a><\/figure>\n\n\n\n<figure class=\"wp-block-image aligncenter size-large is-resized\"><a href=\"https:\/\/brasil.mapbiomas.org\/wp-content\/uploads\/sites\/4\/2025\/08\/MBI-infographics-atlanticforest-10-EN-1-scaled.jpg\" target=\"_blank\" rel=\"noreferrer noopener\"><img decoding=\"async\" loading=\"lazy\" src=\"https:\/\/brasil.mapbiomas.org\/wp-content\/uploads\/sites\/4\/2025\/08\/MBI-infographics-atlanticforest-10-EN-1-scaled.jpg\" alt=\"\" width=\"1450\" height=\"814\" \/><\/a><\/figure>\n\n\n\n<figure class=\"wp-block-image size-large\"><a href=\"https:\/\/brasil.mapbiomas.org\/wp-content\/uploads\/sites\/4\/2025\/08\/MBI-infographics-pampa-10-EN-scaled.jpg\" target=\"_blank\" rel=\"noreferrer noopener\"><img decoding=\"async\" src=\"https:\/\/brasil.mapbiomas.org\/wp-content\/uploads\/sites\/4\/2025\/08\/MBI-infographics-pampa-10-EN-scaled.jpg\" alt=\"\" \/><\/a><\/figure>\n\n\n\n<figure class=\"wp-block-image size-large\"><a href=\"https:\/\/brasil.mapbiomas.org\/wp-content\/uploads\/sites\/4\/2025\/08\/MBI-infographics-pantanal-10-EN-scaled.jpg\" target=\"_blank\" rel=\"noreferrer noopener\"><img decoding=\"async\" src=\"https:\/\/brasil.mapbiomas.org\/wp-content\/uploads\/sites\/4\/2025\/08\/MBI-infographics-pantanal-10-EN-scaled.jpg\" alt=\"\" \/><\/a><\/figure>\n\n\n\n<figure class=\"wp-block-image size-large\"><a href=\"https:\/\/brasil.mapbiomas.org\/wp-content\/uploads\/sites\/4\/2025\/08\/MBI-infographics-UPR-10-EN-1-scaled.jpg\" target=\"_blank\" rel=\"noreferrer noopener\"><img decoding=\"async\" src=\"https:\/\/brasil.mapbiomas.org\/wp-content\/uploads\/sites\/4\/2025\/08\/MBI-infographics-UPR-10-EN-1-scaled.jpg\" alt=\"\" \/><\/a><\/figure>\n\n\n\n<figure class=\"wp-block-image size-large\"><a href=\"https:\/\/brasil.mapbiomas.org\/wp-content\/uploads\/sites\/4\/2025\/08\/MBI-infographics-LAW-10-EN-1-scaled.jpg\" target=\"_blank\" rel=\"noreferrer noopener\"><img decoding=\"async\" src=\"https:\/\/brasil.mapbiomas.org\/wp-content\/uploads\/sites\/4\/2025\/08\/MBI-infographics-LAW-10-EN-1-scaled.jpg\" alt=\"\" \/><\/a><\/figure>\n\n\n\n<p><strong>Download the infographic with Mining data.<\/strong> (Cole\u00e7\u00e3o 9)<\/p>\n\n\n\n<figure class=\"wp-block-gallery has-nested-images columns-default is-cropped wp-block-gallery-7 is-layout-flex\">\n<figure class=\"wp-block-image size-large\"><a href=\"https:\/\/brasil.mapbiomas.org\/wp-content\/uploads\/sites\/4\/2024\/10\/MBI-infografico-mineracao-9.0-EN-scaled.jpg\" target=\"_blank\" rel=\"noreferrer noopener\"><img decoding=\"async\" loading=\"lazy\" width=\"1024\" height=\"575\" data-id=\"5785\"  src=\"https:\/\/brasil.mapbiomas.org\/wp-content\/uploads\/sites\/4\/2024\/10\/MBI-infografico-mineracao-9.0-EN-scaled.jpg\" alt=\"\" class=\"wp-image-5785\" srcset=\"https:\/\/brasil.mapbiomas.org\/wp-content\/uploads\/sites\/4\/2024\/10\/MBI-infografico-mineracao-9.0-EN-scaled.jpg 2560w, https:\/\/brasil.mapbiomas.org\/wp-content\/uploads\/sites\/4\/2024\/10\/MBI-infografico-mineracao-9.0-EN-300x168.jpg 300w, https:\/\/brasil.mapbiomas.org\/wp-content\/uploads\/sites\/4\/2024\/10\/MBI-infografico-mineracao-9.0-EN-1024x575.jpg 1024w, https:\/\/brasil.mapbiomas.org\/wp-content\/uploads\/sites\/4\/2024\/10\/MBI-infografico-mineracao-9.0-EN-768x431.jpg 768w, https:\/\/brasil.mapbiomas.org\/wp-content\/uploads\/sites\/4\/2024\/10\/MBI-infografico-mineracao-9.0-EN-1536x863.jpg 1536w, https:\/\/brasil.mapbiomas.org\/wp-content\/uploads\/sites\/4\/2024\/10\/MBI-infografico-mineracao-9.0-EN-2048x1150.jpg 2048w, https:\/\/brasil.mapbiomas.org\/wp-content\/uploads\/sites\/4\/2024\/10\/MBI-infografico-mineracao-9.0-EN-18x10.jpg 18w, https:\/\/brasil.mapbiomas.org\/wp-content\/uploads\/sites\/4\/2024\/10\/MBI-infografico-mineracao-9.0-EN-970x545.jpg 970w\" sizes=\"(max-width: 1024px) 100vw, 1024px\" \/><\/a><\/figure>\n<\/figure>\n\n\n\n<p><strong><strong>Download the MapBiomas Soil Collection Beta infographic<\/strong><\/strong><\/p>\n\n\n\n<figure class=\"wp-block-image size-large\"><a href=\"https:\/\/brasil.mapbiomas.org\/wp-content\/uploads\/sites\/4\/2023\/08\/MBI-infografico-solos-EN-rev2-scaled.jpg\" target=\"_blank\" rel=\"noreferrer noopener\"><img decoding=\"async\" src=\"https:\/\/brasil.mapbiomas.org\/wp-content\/uploads\/sites\/4\/2023\/08\/MBI-infografico-solos-EN-rev2-scaled.jpg\" alt=\"\" \/><\/a><\/figure>\n\n\n\n<p><strong>Download the infographic from MapBiomas Water Collection 4<\/strong><\/p>\n\n\n\n<figure class=\"wp-block-image size-large\"><a href=\"https:\/\/brasil.mapbiomas.org\/wp-content\/uploads\/sites\/4\/2025\/06\/MBI-infografico-fogo-2025-BR-scaled.jpg\" target=\"_blank\" rel=\"noreferrer noopener\"><img decoding=\"async\" loading=\"lazy\" width=\"1024\" height=\"575\" src=\"https:\/\/brasil.mapbiomas.org\/wp-content\/uploads\/sites\/4\/2025\/06\/MBI-infografico-fogo-2025-EN-scaled.jpg\" alt=\"\" class=\"wp-image-6897\" srcset=\"https:\/\/brasil.mapbiomas.org\/wp-content\/uploads\/sites\/4\/2025\/06\/MBI-infografico-fogo-2025-EN-scaled.jpg 2560w, https:\/\/brasil.mapbiomas.org\/wp-content\/uploads\/sites\/4\/2025\/06\/MBI-infografico-fogo-2025-EN-300x168.jpg 300w, https:\/\/brasil.mapbiomas.org\/wp-content\/uploads\/sites\/4\/2025\/06\/MBI-infografico-fogo-2025-EN-1024x575.jpg 1024w, https:\/\/brasil.mapbiomas.org\/wp-content\/uploads\/sites\/4\/2025\/06\/MBI-infografico-fogo-2025-EN-768x431.jpg 768w, https:\/\/brasil.mapbiomas.org\/wp-content\/uploads\/sites\/4\/2025\/06\/MBI-infografico-fogo-2025-EN-1536x863.jpg 1536w, https:\/\/brasil.mapbiomas.org\/wp-content\/uploads\/sites\/4\/2025\/06\/MBI-infografico-fogo-2025-EN-2048x1150.jpg 2048w, https:\/\/brasil.mapbiomas.org\/wp-content\/uploads\/sites\/4\/2025\/06\/MBI-infografico-fogo-2025-EN-18x10.jpg 18w, https:\/\/brasil.mapbiomas.org\/wp-content\/uploads\/sites\/4\/2025\/06\/MBI-infografico-fogo-2025-EN-970x545.jpg 970w\" sizes=\"(max-width: 1024px) 100vw, 1024px\" \/><\/a><\/figure>\n\n\n\n<p><strong>Download the infographic from MapBiomas Water Collection 3<\/strong><\/p>\n\n\n\n<figure class=\"wp-block-gallery has-nested-images columns-default is-cropped wp-block-gallery-9 is-layout-flex\">\n<figure class=\"wp-block-image size-large\"><a href=\"https:\/\/brasil.mapbiomas.org\/wp-content\/uploads\/sites\/4\/2026\/01\/MBI-infografico-agua-col4-EN-scaled.jpg\" target=\"_blank\" rel=\"noreferrer noopener\"><img decoding=\"async\" src=\"https:\/\/brasil.mapbiomas.org\/wp-content\/uploads\/sites\/4\/2026\/01\/MBI-infografico-agua-col4-EN-scaled.jpg\" alt=\"\" \/><\/a><\/figure>\n<\/figure>\n\n\n\n<p><strong>&nbsp;<\/strong><\/p>","protected":false},"excerpt":{"rendered":"<p>Fa\u00e7a o download dos infogr\u00e1ficos dos dados de cobertura e uso da terra da Cole\u00e7\u00e3o 10 do MapBiomas para o Brasil e cada bioma&nbsp; Baixe o infogr\u00e1fico com os dados de Minera\u00e7\u00e3o (Cole\u00e7\u00e3o 9) Baixe o infogr\u00e1fico da Cole\u00e7\u00e3o Beta do MapBiomas Solo Baixe o infogr\u00e1fico da Cole\u00e7\u00e3o 4 do MapBiomas Fogo Baixe o infogr\u00e1fico [&hellip;]<\/p>","protected":false},"author":2,"featured_media":0,"parent":0,"menu_order":0,"comment_status":"closed","ping_status":"closed","template":"","meta":{"_uag_custom_page_level_css":""},"acf":[],"uagb_featured_image_src":{"full":false,"thumbnail":false,"medium":false,"medium_large":false,"large":false,"1536x1536":false,"2048x2048":false,"trp-custom-language-flag":false,"infographic":false,"team":false},"uagb_author_info":{"display_name":"Adriel Fernandes","author_link":"https:\/\/brasil.mapbiomas.org\/en\/author\/adriel-fernandes\/"},"uagb_comment_info":0,"uagb_excerpt":"Fa\u00e7a o download dos infogr\u00e1ficos dos dados de cobertura e uso da terra da Cole\u00e7\u00e3o 10 do MapBiomas para o Brasil e cada bioma&nbsp; Baixe o infogr\u00e1fico com os dados de Minera\u00e7\u00e3o (Cole\u00e7\u00e3o 9) Baixe o infogr\u00e1fico da Cole\u00e7\u00e3o Beta do MapBiomas Solo Baixe o infogr\u00e1fico da Cole\u00e7\u00e3o 4 do MapBiomas Fogo Baixe o infogr\u00e1fico&hellip;","_links":{"self":[{"href":"https:\/\/brasil.mapbiomas.org\/en\/wp-json\/wp\/v2\/pages\/962"}],"collection":[{"href":"https:\/\/brasil.mapbiomas.org\/en\/wp-json\/wp\/v2\/pages"}],"about":[{"href":"https:\/\/brasil.mapbiomas.org\/en\/wp-json\/wp\/v2\/types\/page"}],"author":[{"embeddable":true,"href":"https:\/\/brasil.mapbiomas.org\/en\/wp-json\/wp\/v2\/users\/2"}],"replies":[{"embeddable":true,"href":"https:\/\/brasil.mapbiomas.org\/en\/wp-json\/wp\/v2\/comments?post=962"}],"version-history":[{"count":69,"href":"https:\/\/brasil.mapbiomas.org\/en\/wp-json\/wp\/v2\/pages\/962\/revisions"}],"predecessor-version":[{"id":8268,"href":"https:\/\/brasil.mapbiomas.org\/en\/wp-json\/wp\/v2\/pages\/962\/revisions\/8268"}],"wp:attachment":[{"href":"https:\/\/brasil.mapbiomas.org\/en\/wp-json\/wp\/v2\/media?parent=962"}],"curies":[{"name":"wp","href":"https:\/\/api.w.org\/{rel}","templated":true}]}}