{"id":957,"date":"2023-08-17T17:21:14","date_gmt":"2023-08-17T17:21:14","guid":{"rendered":"https:\/\/staging-brasil.mapbiomas.org\/?page_id=957"},"modified":"2025-10-20T14:46:19","modified_gmt":"2025-10-20T17:46:19","slug":"dados-de-infraestrutura","status":"publish","type":"page","link":"https:\/\/brasil.mapbiomas.org\/en\/dados-de-infraestrutura\/","title":{"rendered":"INFRASTRUCTURE DATA"},"content":{"rendered":"<p><strong>AIRSTRIPS MAPPING DATA<\/strong><\/p>\n\n\n\n<p>Esta \u00e9 a vers\u00e3o 2.1 do mapeamento de pistas de pouso na Amaz\u00f4nia [13 de agosto de 2025]. Foi feita a partir de interpreta\u00e7\u00e3o visual de imagens de sat\u00e9lite de alta resolu\u00e7\u00e3o (mosaicos Planet e os basemaps Google, Bing e ESRI), preferencialmente do ano de 2024.<\/p>\n\n\n\n<p class=\" translation-block\">The mapping of the airstrips was done by Solved, which also leads the mapping of Mining, Aquaculture and Coastal Zone in MapBiomas. <a href=\"https:\/\/plataforma.brasil.mapbiomas.org\/pistas-de-pouso\" target=\"_self\">Access it on MapBiomas Platform.<\/a><\/p>\n\n\n\n<p class=\" translation-block\">The landing strips data are available in the\u00a0<a href=\"https:\/\/staging-brasil.mapbiomas.org\/wp-content\/uploads\/sites\/4\/2023\/08\/Pistas_de_Pouso_27_Mar_2023_v1.2.zip\" target=\"_self\">shapefile<\/a>\u00a0(with readme guideline).<\/p>\n\n\n\n<p><strong>INFRASTRUCTURE MODULE DATA<\/strong><\/p>\n\n\n\n<p class=\" translation-block\">Here you will find the list of all layers of energy, transport, mining, agribusiness, and telecommunications infrastructure data available on thedo\u00a0<strong>MapBiomas<\/strong> platform..<\/p>\n\n\n\n<p class=\" translation-block\">They were compiled from information obtained from several organs, includingo IBGE, ANTT, EPE, ONS, MME, ANAC, among others. They were complemented with information from interviews, searches in bibliography, and internet. \u00a0<strong>For more information about the description of contents and source of transport, energy, mining, agribusiness and telecommunications infrastructure database, access the Infrastructure ATBD  appendix 8 by\u00a0<a rel=\"noreferrer noopener\" href=\"https:\/\/brasil.mapbiomas.org\/wp-content\/uploads\/sites\/4\/2023\/08\/MapBiomas_Infrastructure_Layers_Appendix_ATBD_C8.docx.pdf\" target=\"_blank\">clicking here<\/a>.<\/strong><\/p>\n\n\n\n<p><a rel=\"noreferrer noopener\" href=\"https:\/\/mapbiomas-br-site.s3.amazonaws.com\/Gloss%C3%A1rio_-_Camadas_de_Infraestrutura_2021_-_PORT___ENG.xlsx\" target=\"_blank\"><\/a><a href=\"https:\/\/brasil.mapbiomas.org\/wp-content\/uploads\/sites\/4\/2023\/08\/Glossario-Camadas-de-Infraestrutura-2022.xlsx\" data-type=\"URL\" data-id=\"https:\/\/staging-brasil.mapbiomas.org\/wp-content\/uploads\/sites\/4\/2023\/08\/Glossario-Camadas-de-Infraestrutura-2022.xlsx\" target=\"_blank\" rel=\"noreferrer noopener\">Click here<\/a>&nbsp;the Layers of Infrastructure Glossary.<\/p>\n\n\n\n<p>Todos os dados representam o melhor da base de dados que pudemos compilar at\u00e9 agosto de 2025.<\/p>\n\n\n\n<p>For part of the data layers, where relevant, files containing the buffer polygons in the infrastructure environment (e.g. federal roads, hydroelectric) are also available.<\/p>\n\n\n\n<figure class=\"wp-block-table\"><table><tbody><tr><th>Sector<\/th><th>Theme<\/th><th>Buffer<\/th><th>Link<\/th><\/tr><tr><th rowspan=\"28\">Transportation<\/th><td>Airway<\/td><td>&nbsp;<\/td><td>&nbsp;<\/td><\/tr><tr><td>Public airfield<\/td><td>yes<\/td><td><a href=\"https:\/\/brasil.mapbiomas.org\/wp-content\/uploads\/sites\/4\/2023\/08\/Aerodromos_publicos.zip\">Download<\/a><\/td><\/tr><tr><td>Private airfield<\/td><td>yes<\/td><td><a href=\"https:\/\/brasil.mapbiomas.org\/wp-content\/uploads\/sites\/4\/2023\/08\/Aerodromos_Privados.zip\">Download<\/a><\/td><\/tr><tr><td>Helipad<\/td><td>yes<\/td><td><a href=\"https:\/\/brasil.mapbiomas.org\/wp-content\/uploads\/sites\/4\/2023\/08\/Helipontos.zip\">Download<\/a><\/td><\/tr><tr><td>Waterway<\/td><td>&nbsp;<\/td><td>&nbsp;<\/td><\/tr><tr><td>Lock<\/td><td>yes<\/td><td><a href=\"https:\/\/staging-brasil.mapbiomas.org\/wp-content\/uploads\/sites\/4\/2023\/08\/eclusa.zip\">Do<\/a><a href=\"https:\/\/mapbiomas-br-site.s3.amazonaws.com\/Dados%20de%20Infraestrutura%20Cole%C3%A7%C3%A3o%207\/Tabela%20Transportes\/1.2.1_Eclusa-20230427T122216Z-001.zip\">wnload<\/a><\/td><\/tr><tr><td>Transshipment Station<\/td><td>yes<\/td><td><a href=\"https:\/\/brasil.mapbiomas.org\/wp-content\/uploads\/sites\/4\/2023\/08\/estacao_transbordo_de_cargas.zip\">Download<\/a><\/td><\/tr><tr><td>Waterway<\/td><td>yes<\/td><td><a href=\"https:\/\/brasil.mapbiomas.org\/wp-content\/uploads\/sites\/4\/2023\/08\/hidrovia.zip\">Download<\/a><\/td><\/tr><tr><td>Port Facility for Tourism<\/td><td>yes<\/td><td><a href=\"https:\/\/brasil.mapbiomas.org\/wp-content\/uploads\/sites\/4\/2023\/08\/instalacao_portuaria_de_turismo.zip\">Download<\/a><\/td><\/tr><tr><td>Registered Port Facility<\/td><td>yes<\/td><td><a href=\"https:\/\/brasil.mapbiomas.org\/wp-content\/uploads\/sites\/4\/2023\/08\/Instalacoes_sob-registro.zip\">Download<\/a><\/td><\/tr><tr><td>Organized Port<\/td><td>yes<\/td><td><a href=\"https:\/\/brasil.mapbiomas.org\/wp-content\/uploads\/sites\/4\/2023\/08\/Porto-organizado.zip\">Download<\/a><\/td><\/tr><tr><td>Private Use Terminal<\/td><td>yes<\/td><td><a href=\"https:\/\/brasil.mapbiomas.org\/wp-content\/uploads\/sites\/4\/2023\/08\/terminal_de_uso_privado.zip\">Downlo<\/a><a href=\"https:\/\/mapbiomas-br-site.s3.amazonaws.com\/Dados%20de%20Infraestrutura%20Cole%C3%A7%C3%A3o%207\/Tabela%20Transportes\/1.2.7_TerminalDeUsoPrivado-20230427T123039Z-001.zip\">ad<\/a><\/td><\/tr><tr><td>Other port facilities<\/td><td>yes<\/td><td><a href=\"https:\/\/brasil.mapbiomas.org\/wp-content\/uploads\/sites\/4\/2023\/08\/Outras_inst_port.zip\">Download<\/a><\/td><\/tr><tr><td>Pipeline<\/td><td>&nbsp;<\/td><td>&nbsp;<\/td><\/tr><tr><td>Aquaduct<\/td><td>yes<\/td><td><a href=\"https:\/\/brasil.mapbiomas.org\/wp-content\/uploads\/sites\/4\/2023\/08\/aquaduto.zip\">Download<\/a><\/td><\/tr><tr><td>Gas Pipeline<\/td><td>&nbsp;<\/td><td>&nbsp;<\/td><\/tr><tr><td>Transportation gas Pipeline<\/td><td>yes<\/td><td><a href=\"https:\/\/staging-brasil.mapbiomas.org\/wp-content\/uploads\/sites\/4\/2023\/08\/gasoduto-transporte.zip\">Down<\/a><a href=\"https:\/\/brasil.mapbiomas.org\/wp-content\/uploads\/sites\/4\/2023\/08\/gasoduto-transporte.zip\">l<\/a><a href=\"https:\/\/staging-brasil.mapbiomas.org\/wp-content\/uploads\/sites\/4\/2023\/08\/gasoduto-transporte.zip\">oad<\/a><\/td><\/tr><tr><td>Distribution gas pipeline<\/td><td>&nbsp;<\/td><td><a href=\"https:\/\/brasil.mapbiomas.org\/wp-content\/uploads\/sites\/4\/2023\/08\/gasoduto-distribuicao.zip\">Download<\/a><\/td><\/tr><tr><td>Outflow gas Pipeline<\/td><td>yes<\/td><td><a href=\"https:\/\/brasil.mapbiomas.org\/wp-content\/uploads\/sites\/4\/2023\/08\/gasoduto-escoamento.zip\">Download<\/a><\/td><\/tr><tr><td>Mining pipeline<\/td><td>yes<\/td><td><a href=\"https:\/\/brasil.mapbiomas.org\/wp-content\/uploads\/sites\/4\/2023\/08\/mineroduto.zip\">Download<\/a><\/td><\/tr><tr><td>Oil Pipeline<\/td><td>yes<\/td><td><a href=\"https:\/\/brasil.mapbiomas.org\/wp-content\/uploads\/sites\/4\/2023\/08\/oleoduto.zip\">Download<\/a><\/td><\/tr><tr><td>Polyduct<\/td><td>yes<\/td><td><a href=\"https:\/\/staging-brasil.mapbiomas.org\/wp-content\/uploads\/sites\/4\/2023\/08\/poliduto.zip\">Down<\/a><a href=\"https:\/\/mapbiomas-br-site.s3.amazonaws.com\/Dados%20de%20Infraestrutura%20Cole%C3%A7%C3%A3o%207\/Tabela%20Transportes\/1.3.5_Poliduto-20230427T123100Z-001.zip\">load<\/a><\/td><\/tr><tr><td>Not identified<\/td><td>yes<\/td><td><a href=\"https:\/\/staging-brasil.mapbiomas.org\/wp-content\/uploads\/sites\/4\/2023\/08\/duto_nao_identificado.zip\">Do<\/a><a href=\"https:\/\/mapbiomas-br-site.s3.amazonaws.com\/Dados%20de%20Infraestrutura%20Cole%C3%A7%C3%A3o%207\/Tabela%20Transportes\/1.3.6_DutoNaoIdentificado-20230427T123102Z-001.zip\">wnload<\/a><\/td><\/tr><tr><td>Railroad<\/td><td>yes<\/td><td><a href=\"https:\/\/brasil.mapbiomas.org\/wp-content\/uploads\/sites\/4\/2023\/08\/ferrovia.zip\">Download<\/a><\/td><\/tr><tr><td>Highway<\/td><td>&nbsp;<\/td><td>&nbsp;<\/td><\/tr><tr><td>State highway<\/td><td>yes<\/td><td><a href=\"https:\/\/brasil.mapbiomas.org\/wp-content\/uploads\/sites\/4\/2023\/08\/rodovia-estadual.zip\">Download<\/a><\/td><\/tr><tr><td>Federal Highway<\/td><td>yes<\/td><td><a href=\"https:\/\/brasil.mapbiomas.org\/wp-content\/uploads\/sites\/4\/2023\/08\/rodovia-federal.zip\">Download<\/a><\/td><\/tr><tr><td>Other road sections<\/td><td>&nbsp;<\/td><td><a href=\"https:\/\/brasil.mapbiomas.org\/wp-content\/uploads\/sites\/4\/2023\/08\/outros-trechos.zip\">Download<\/a><\/td><\/tr><tr><th rowspan=\"32\">Energy<\/th><td>Fuels<\/td><td>&nbsp;<\/td><td>&nbsp;<\/td><\/tr><tr><td>Fossil Fuels<\/td><td>&nbsp;<\/td><td>&nbsp;<\/td><\/tr><tr><td>Liquid Fuels<\/td><td>&nbsp;<\/td><td>&nbsp;<\/td><\/tr><tr><td>Oil Refineries and Other Processing Facilities<\/td><td>yes<\/td><td><a href=\"https:\/\/brasil.mapbiomas.org\/wp-content\/uploads\/sites\/4\/2023\/08\/refinarias_petroleo.zip\">Download<\/a><\/td><\/tr><tr><td>Oil and Oil Products Storage and Distribution Terminal<\/td><td>yes<\/td><td><a href=\"https:\/\/brasil.mapbiomas.org\/wp-content\/uploads\/sites\/4\/2023\/08\/teminal_petro.zip\">Download<\/a><\/td><\/tr><tr><td>Gas<\/td><td>&nbsp;<\/td><td>&nbsp;<\/td><\/tr><tr><td>Compression Station<\/td><td>yes<\/td><td><a href=\"https:\/\/brasil.mapbiomas.org\/wp-content\/uploads\/sites\/4\/2023\/08\/estacao_compressao.zip\">Download<\/a><\/td><\/tr><tr><td>Gas Delivery Point<\/td><td>yes<\/td><td><a href=\"https:\/\/brasil.mapbiomas.org\/wp-content\/uploads\/sites\/4\/2023\/08\/PONTOS_ENTREGA.zip\">Download<\/a><\/td><\/tr><tr><td>Natural Gas Processing Unit<\/td><td>yes<\/td><td><a href=\"https:\/\/brasil.mapbiomas.org\/wp-content\/uploads\/sites\/4\/2023\/08\/processamento_gas_natural.zip\">Download<\/a><\/td><\/tr><tr><td>Liquefied Natural Gas Terminals<\/td><td>yes<\/td><td><a href=\"https:\/\/brasil.mapbiomas.org\/wp-content\/uploads\/sites\/4\/2023\/08\/Terminais_GNL.zip\">Download<\/a><\/td><\/tr><tr><td>Renewable Fuels<\/td><td>&nbsp;<\/td><td>&nbsp;<\/td><\/tr><tr><td>Biodiesel Plant<\/td><td>yes<\/td><td><a href=\"https:\/\/staging-brasil.mapbiomas.org\/wp-content\/uploads\/sites\/4\/2023\/08\/usina_biodiesel.zip\">Do<\/a><a href=\"https:\/\/mapbiomas-br-site.s3.amazonaws.com\/Dados%20de%20Infraestrutura%20Cole%C3%A7%C3%A3o%207\/Energia\/2.1.2.1_UsinaDeBiodiesel-20230427T124701Z-001.zip\">wnload<\/a><\/td><\/tr><tr><td>Biogas Plant<\/td><td>yes<\/td><td><a href=\"https:\/\/brasil.mapbiomas.org\/wp-content\/uploads\/sites\/4\/2023\/08\/usina_biogas.zip\">Download<\/a><\/td><\/tr><tr><td>Ethanol Plant<\/td><td>yes<\/td><td><a href=\"https:\/\/brasil.mapbiomas.org\/wp-content\/uploads\/sites\/4\/2023\/08\/usina_etanol.zip\">Download<\/a><\/td><\/tr><tr><td>Distribution Bases<\/td><td>&nbsp;<\/td><td>&nbsp;<\/td><\/tr><tr><td>Liquefied Petroleum Gas Base<\/td><td>yes<\/td><td><a href=\"https:\/\/brasil.mapbiomas.org\/wp-content\/uploads\/sites\/4\/2023\/08\/base_glp.zip\">Download<\/a><\/td><\/tr><tr><td>Liquid Fuel Base<\/td><td>yes<\/td><td><a href=\"https:\/\/brasil.mapbiomas.org\/wp-content\/uploads\/sites\/4\/2023\/08\/base_combustivel.zip\">Download<\/a><\/td><\/tr><tr><td>Power Sector<\/td><td>&nbsp;<\/td><td>&nbsp;<\/td><\/tr><tr><td>Infrastructure<\/td><td>&nbsp;<\/td><td>&nbsp;<\/td><\/tr><tr><td>Substation<\/td><td>yes<\/td><td><a href=\"https:\/\/brasil.mapbiomas.org\/wp-content\/uploads\/sites\/4\/2023\/08\/SE_EXISTENTE.zip\">Download<\/a><\/td><\/tr><tr><td>Transmission Line<\/td><td>yes<\/td><td><a href=\"https:\/\/brasil.mapbiomas.org\/wp-content\/uploads\/sites\/4\/2023\/08\/LT_EXISTENTE.zip\">Download<\/a><\/td><\/tr><tr><td>Generation<\/td><td>&nbsp;<\/td><td>&nbsp;<\/td><\/tr><tr><td>Renewable Generation<\/td><td>&nbsp;<\/td><td>&nbsp;<\/td><\/tr><tr><td>Wind Power Plant<\/td><td>yes<\/td><td><a href=\"https:\/\/brasil.mapbiomas.org\/wp-content\/uploads\/sites\/4\/2023\/08\/Usina-Eolica.zip\">Download<\/a><\/td><\/tr><tr><td>Photovoltaic Solar Power Plant<\/td><td>yes<\/td><td><a href=\"https:\/\/brasil.mapbiomas.org\/wp-content\/uploads\/sites\/4\/2023\/08\/Usina_Fotovoltaica_UFV.zip\">Download<\/a><\/td><\/tr><tr><td>Biomass Thermal Power Plant<\/td><td>yes<\/td><td><a href=\"https:\/\/brasil.mapbiomas.org\/wp-content\/uploads\/sites\/4\/2023\/08\/Usinas_Termeletricas_UTE_Biomassa.zip\">Download<\/a><\/td><\/tr><tr><td>Hydroelectric Power Plant<\/td><td>yes<\/td><td><a href=\"https:\/\/brasil.mapbiomas.org\/wp-content\/uploads\/sites\/4\/2023\/08\/Usinas_Hidreletricas_UHE.zip\">Download<\/a><\/td><\/tr><tr><td>Small Hydropower Plant<\/td><td>yes<\/td><td><a href=\"https:\/\/brasil.mapbiomas.org\/wp-content\/uploads\/sites\/4\/2023\/08\/Pequenas_Centrais_Hidreletricas_PCH.zip\">Download<\/a><\/td><\/tr><tr><td>Hydroelectric Generating Centers<\/td><td>yes<\/td><td><a href=\"https:\/\/brasil.mapbiomas.org\/wp-content\/uploads\/sites\/4\/2023\/08\/Centrais_Geradoras_Hidreletricas_CGH.zip\">Download<\/a><\/td><\/tr><tr><td>Non-Renewable Generation<\/td><td>&nbsp;<\/td><td>&nbsp;<\/td><\/tr><tr><td>Fossil Fuel Thermal Power Plant<\/td><td>yes<\/td><td><a href=\"https:\/\/brasil.mapbiomas.org\/wp-content\/uploads\/sites\/4\/2023\/08\/Usinas_Termeletricas_UTE_Fossil.zip\">Download<\/a><\/td><\/tr><tr><td>Thermonuclear Power Plant<\/td><td>yes<\/td><td><a href=\"https:\/\/brasil.mapbiomas.org\/wp-content\/uploads\/sites\/4\/2023\/08\/termonuclear.zip\">Download<\/a><\/td><\/tr><tr><th rowspan=\"4\">Mining<\/th><td>Energetic Product Mine<\/td><td>yes<\/td><td><a href=\"https:\/\/brasil.mapbiomas.org\/wp-content\/uploads\/sites\/4\/2023\/08\/MinaEnergeticos.zip\">Download<\/a><\/td><\/tr><tr><td>Metallic Product Mine<\/td><td>yes<\/td><td><a href=\"https:\/\/brasil.mapbiomas.org\/wp-content\/uploads\/sites\/4\/2023\/08\/MinaMetalicos.zip\">Download<\/a><\/td><\/tr><tr><td>Other Product Mine<\/td><td>yes<\/td><td><a href=\"https:\/\/brasil.mapbiomas.org\/wp-content\/uploads\/sites\/4\/2023\/08\/MinaOutrosProdutos.zip\">Download<\/a><\/td><\/tr><tr><td>Mining Dam<\/td><td>yes<\/td><td><a href=\"https:\/\/brasil.mapbiomas.org\/wp-content\/uploads\/sites\/4\/2023\/08\/Barragens.zip\">Download<\/a><\/td><\/tr><tr><th rowspan=\"2\">Agribusiness<\/th><td>Warehouses<\/td><td>yes<\/td><td><a href=\"https:\/\/brasil.mapbiomas.org\/wp-content\/uploads\/sites\/4\/2023\/08\/armazens-silos.zip\">Download<\/a><\/td><\/tr><tr><td>Slaughterhouse<\/td><td>yes<\/td><td><a href=\"https:\/\/staging-brasil.mapbiomas.org\/wp-content\/uploads\/sites\/4\/2023\/08\/frigorificos.zip\">Dow<\/a><a href=\"https:\/\/mapbiomas-br-site.s3.amazonaws.com\/Dados%20de%20Infraestrutura%20Cole%C3%A7%C3%A3o%207\/Agroneg%C3%B3cio\/4.2_Frigor%C3%ADficos-20230427T125417Z-001.zip\">nload<\/a><\/td><\/tr><tr><th>Telecommunication<\/th><td>Base radio station<\/td><td>yes<\/td><td><a href=\"https:\/\/brasil.mapbiomas.org\/wp-content\/uploads\/sites\/4\/2023\/08\/ERB.zip\">Download<\/a><\/td><\/tr><\/tbody><\/table><\/figure>","protected":false},"excerpt":{"rendered":"<p>DADOS DO MAPEAMENTO DE PISTAS DE POUSO Esta \u00e9 a vers\u00e3o 2.1 do mapeamento de pistas de pouso na Amaz\u00f4nia [13 de agosto de 2025]. Foi feita a partir de interpreta\u00e7\u00e3o visual de imagens de sat\u00e9lite de alta resolu\u00e7\u00e3o (mosaicos Planet e os basemaps Google, Bing e ESRI), preferencialmente do ano de 2024. O mapeamento [&hellip;]<\/p>","protected":false},"author":2,"featured_media":0,"parent":0,"menu_order":0,"comment_status":"closed","ping_status":"closed","template":"","meta":{"_uag_custom_page_level_css":""},"acf":[],"uagb_featured_image_src":{"full":false,"thumbnail":false,"medium":false,"medium_large":false,"large":false,"1536x1536":false,"2048x2048":false,"trp-custom-language-flag":false,"infographic":false,"team":false},"uagb_author_info":{"display_name":"Adriel Fernandes","author_link":"https:\/\/brasil.mapbiomas.org\/en\/author\/adriel-fernandes\/"},"uagb_comment_info":0,"uagb_excerpt":"DADOS DO MAPEAMENTO DE PISTAS DE POUSO Esta \u00e9 a vers\u00e3o 2.1 do mapeamento de pistas de pouso na Amaz\u00f4nia [13 de agosto de 2025]. Foi feita a partir de interpreta\u00e7\u00e3o visual de imagens de sat\u00e9lite de alta resolu\u00e7\u00e3o (mosaicos Planet e os basemaps Google, Bing e ESRI), preferencialmente do ano de 2024. O mapeamento&hellip;","_links":{"self":[{"href":"https:\/\/brasil.mapbiomas.org\/en\/wp-json\/wp\/v2\/pages\/957"}],"collection":[{"href":"https:\/\/brasil.mapbiomas.org\/en\/wp-json\/wp\/v2\/pages"}],"about":[{"href":"https:\/\/brasil.mapbiomas.org\/en\/wp-json\/wp\/v2\/types\/page"}],"author":[{"embeddable":true,"href":"https:\/\/brasil.mapbiomas.org\/en\/wp-json\/wp\/v2\/users\/2"}],"replies":[{"embeddable":true,"href":"https:\/\/brasil.mapbiomas.org\/en\/wp-json\/wp\/v2\/comments?post=957"}],"version-history":[{"count":21,"href":"https:\/\/brasil.mapbiomas.org\/en\/wp-json\/wp\/v2\/pages\/957\/revisions"}],"predecessor-version":[{"id":7858,"href":"https:\/\/brasil.mapbiomas.org\/en\/wp-json\/wp\/v2\/pages\/957\/revisions\/7858"}],"wp:attachment":[{"href":"https:\/\/brasil.mapbiomas.org\/en\/wp-json\/wp\/v2\/media?parent=957"}],"curies":[{"name":"wp","href":"https:\/\/api.w.org\/{rel}","templated":true}]}}