{"id":951,"date":"2024-08-21T00:00:09","date_gmt":"2024-08-21T03:00:09","guid":{"rendered":"https:\/\/staging-brasil.mapbiomas.org\/?page_id=951"},"modified":"2025-08-12T16:36:24","modified_gmt":"2025-08-12T19:36:24","slug":"pontos-de-validacao","status":"publish","type":"page","link":"https:\/\/brasil.mapbiomas.org\/en\/pontos-de-validacao\/","title":{"rendered":"VALIDATION POINTS"},"content":{"rendered":"<p><strong>VALIDATION POINTS<\/strong><\/p>\n\n\n\n<p>Foram geradas 85.152 amostras estratificadas aleat\u00f3rias para valida\u00e7\u00e3o dos mapas anuais de cobertura e uso da terra do Brasil do MapBiomas. As amostras foram inspecionadas visualmente utilizando imagens Landsat atribuindo a classe de uso e cobertura da terra para cada ano de 1985 a 2024.<\/p>\n\n\n\n<p><strong>DOWNLOAD THE VALIDATION POINT DATASET<\/strong><br><br>O conjunto de amostras para a valida\u00e7\u00e3o da Cole\u00e7\u00e3o 10 est\u00e1 sendo revisado e ser\u00e1 disponibilizado em breve. Enquanto isso, os dados da Cole\u00e7\u00e3o 9 est\u00e3o dispon\u00edveis para download nos seguintes formatos de arquivos <a href=\"https:\/\/brasil.mapbiomas.org\/wp-content\/uploads\/sites\/4\/2024\/08\/mapbiomas_85k_col2_1_points_w_edge_and_edited_v1.csv_-1.zip\" data-type=\"URL\" data-id=\"https:\/\/brasil.mapbiomas.org\/wp-content\/uploads\/sites\/4\/2024\/08\/mapbiomas_85k_col2_1_points_w_edge_and_edited_v1.csv_-1.zip\">csv<\/a>, <a href=\"https:\/\/brasil.mapbiomas.org\/wp-content\/uploads\/sites\/4\/2024\/08\/mapbiomas_85k_col2_1_points_w_edge_and_edited_v1-2.xlsx-2.xlsx\">xlsx<\/a> (\u2018ravinas\u2019 <a href=\"https:\/\/brasil.mapbiomas.org\/wp-content\/uploads\/sites\/4\/2023\/09\/mapbiomas_85k_points_validation.zip\">shapefile<\/a>. Each sample presents coordinates, biomes, declivity, municipality\/UF and informations by year of: land cover and use classe in the column 'CLASS_'(<a href=\"https:\/\/brasil.mapbiomas.org\/en\/codigos-de-legenda\/\">c\u00f3digo\/ID da legenda<\/a> used in the maps); interpreter agreement level in the column 'COUNT_'(3:maximum, 2:medium and 1:low) and edge pixel between two classes in the column 'BORDA_'(1:yes and 0:no). There are also the probability data and the sample weights.<br><\/p>\n\n\n\n<figure class=\"wp-block-image size-large\"><img decoding=\"async\" src=\"https:\/\/brasil.mapbiomas.org\/wp-content\/uploads\/sites\/4\/2023\/09\/Imagem_PontosValidacao_Col8.png\" alt=\"\" \/><\/figure>\n\n\n\n<p><strong>UNDERSTAND HOW THE SAMPLES WERE COLLECTED<\/strong><\/p>\n\n\n\n<p>The stratification of the samples was done on two levels: by supercards (joining every four IBGE maps of 1:250,000) and by slope classes defined by EMBRAPA. Considering the minimum quantity of 500 points per supercharter and corrected with the Bonferroni equation. Dimensioned so as to ensure a maximum margin of error of 5% and confidence level of 95% in the smallest unit of geographical coverage, in other words, in each supercharter. For the national territory the maximum expected error was 0.5%<\/p>\n\n\n\n<figure class=\"wp-block-image size-large\"><img decoding=\"async\" src=\"https:\/\/brasil.mapbiomas.org\/wp-content\/uploads\/sites\/4\/2023\/09\/Imagem_2_PontosValidacao_Col8.png\" alt=\"\" \/><\/figure>\n\n\n\n<p>For the visual interpretation the TVI (Temporal Visual Inspection) platform was used, developed by Lapig, in which each pixel was initially interpreted by 3 independent analysts. Pixels for which there was no agreement between the assigned classes were re-inspected by supervisor and the pixel's class assigned.<\/p>\n\n\n\n<figure class=\"wp-block-image size-large\"><img decoding=\"async\" src=\"https:\/\/brasil.mapbiomas.org\/wp-content\/uploads\/sites\/4\/2023\/09\/Imagem_3_PontosValidacao_Col8.png\" alt=\"\" \/><\/figure>\n\n\n\n<p>In Collection 7, these points have been updated for the years 2019, 2020 and 2021 and, in the Collection 8, for  the year of 2022, as well as adjusted for new legend classes.<\/p>\n\n\n\n<figure class=\"wp-block-image size-large\"><img decoding=\"async\" src=\"https:\/\/brasil.mapbiomas.org\/wp-content\/uploads\/sites\/4\/2023\/09\/Imagem_4_PontosValidacao_Col8.png\" alt=\"\" \/><\/figure>\n\n\n\n<p class=\" translation-block\">For more information about the content description and sample method, access the <a href=\"http:\/\/brasil.mapbiomas.org\/download-dos-atbds\" target=\"_self\">ATBD<\/a>. Another reference material on samples and reference points analysis are available in the <a href=\"https:\/\/doi.org\/10.21203\/rs.3.rs-819697\/v1\" target=\"_self\">\narticle<\/a>.<\/p>\n\n\n\n<p>For questions, suggestions and other information please contact contato@mapbiomas.org and participate in the MapBiomas Forum.<\/p>","protected":false},"excerpt":{"rendered":"<p>PONTOS DE VALIDA\u00c7\u00c3O Foram geradas 85.152 amostras estratificadas aleat\u00f3rias para valida\u00e7\u00e3o dos mapas anuais de cobertura e uso da terra do Brasil do MapBiomas. As amostras foram inspecionadas visualmente utilizando imagens Landsat atribuindo a classe de uso e cobertura da terra para cada ano de 1985 a 2024. BAIXE O CONJUNTO DE PONTOS DE VALIDA\u00c7\u00c3O [&hellip;]<\/p>","protected":false},"author":2,"featured_media":0,"parent":0,"menu_order":0,"comment_status":"closed","ping_status":"closed","template":"","meta":{"_uag_custom_page_level_css":""},"acf":[],"uagb_featured_image_src":{"full":false,"thumbnail":false,"medium":false,"medium_large":false,"large":false,"1536x1536":false,"2048x2048":false,"trp-custom-language-flag":false,"infographic":false,"team":false},"uagb_author_info":{"display_name":"Adriel Fernandes","author_link":"https:\/\/brasil.mapbiomas.org\/en\/author\/adriel-fernandes\/"},"uagb_comment_info":0,"uagb_excerpt":"PONTOS DE VALIDA\u00c7\u00c3O Foram geradas 85.152 amostras estratificadas aleat\u00f3rias para valida\u00e7\u00e3o dos mapas anuais de cobertura e uso da terra do Brasil do MapBiomas. As amostras foram inspecionadas visualmente utilizando imagens Landsat atribuindo a classe de uso e cobertura da terra para cada ano de 1985 a 2024. BAIXE O CONJUNTO DE PONTOS DE VALIDA\u00c7\u00c3O&hellip;","_links":{"self":[{"href":"https:\/\/brasil.mapbiomas.org\/en\/wp-json\/wp\/v2\/pages\/951"}],"collection":[{"href":"https:\/\/brasil.mapbiomas.org\/en\/wp-json\/wp\/v2\/pages"}],"about":[{"href":"https:\/\/brasil.mapbiomas.org\/en\/wp-json\/wp\/v2\/types\/page"}],"author":[{"embeddable":true,"href":"https:\/\/brasil.mapbiomas.org\/en\/wp-json\/wp\/v2\/users\/2"}],"replies":[{"embeddable":true,"href":"https:\/\/brasil.mapbiomas.org\/en\/wp-json\/wp\/v2\/comments?post=951"}],"version-history":[{"count":18,"href":"https:\/\/brasil.mapbiomas.org\/en\/wp-json\/wp\/v2\/pages\/951\/revisions"}],"predecessor-version":[{"id":7170,"href":"https:\/\/brasil.mapbiomas.org\/en\/wp-json\/wp\/v2\/pages\/951\/revisions\/7170"}],"wp:attachment":[{"href":"https:\/\/brasil.mapbiomas.org\/en\/wp-json\/wp\/v2\/media?parent=951"}],"curies":[{"name":"wp","href":"https:\/\/api.w.org\/{rel}","templated":true}]}}