{"id":948,"date":"2023-08-17T17:18:07","date_gmt":"2023-08-17T17:18:07","guid":{"rendered":"https:\/\/staging-brasil.mapbiomas.org\/?page_id=948"},"modified":"2025-04-07T10:18:03","modified_gmt":"2025-04-07T13:18:03","slug":"mapbiomas-cacau","status":"publish","type":"page","link":"https:\/\/brasil.mapbiomas.org\/en\/mapbiomas-cacau\/","title":{"rendered":"MapBiomas cacau"},"content":{"rendered":"<p>Cocoa is the main agricultural crop in southern Bahia. In addition to its economic importance in the region, the maintenance of tree cover, under which most cocoa is produced in the state, brings benefits for the maintenance of ecosystem services such as the conservation of biodiversity, carbon stock, and the hydrological cycle. In this context, the MAPBIOMAS CACAU proposed to address the technical challenge of mapping shaded cocoa areas, separating them from those covered by unmanaged native vegetation<\/p>\n\n\n\n<p>In July 2023, MapBiomas Cacau launched the shaded cocoa cultivation map covering 83 municipalities in southern Bahia. In this phase, the initiative received funding from CocoaAction Brazil, Instituto Arapya\u00fa, and the Bahia State Public Ministry, with collaboration from researchers, students, and staff from UESC, CEPLAC, PCTSB, CIC, UFSB, and Tab\u00f4a Community Strengthening.<\/p>\n\n\n\n<p><a href=\"https:\/\/brasil.mapbiomas.org\/wp-content\/uploads\/sites\/4\/2023\/08\/relat_mapbiomas_cacau_83mun_final.pdf\" target=\"_blank\" rel=\"noreferrer noopener\">The methods and results of this mapping version can be accessed in this report.<\/a><\/p>\n\n\n\n<p class=\" translation-block\"><em>Similar to other data generated by the MapBiomas network, the shaded cocoa mapping is a work in progress and still has several imperfections. The mapped shaded cocoa area is an estimate and should be used with caution due to the similarity between areas of productive cultivation on the image date and abandoned cocoa plantations, among other factors. Read\u00a0<a href=\"https:\/\/staging-brasil.mapbiomas.org\/wp-content\/uploads\/sites\/4\/2023\/08\/relat_mapbiomas_cacau_83mun_final.pdf\" target=\"_blank\" rel=\"noreferrer noopener\">section 4E of the report to learn more about the data's characteristics and limitations.<\/em><\/p>\n\n\n\n<p><a href=\"https:\/\/brasil.mapbiomas.org\/wp-content\/uploads\/sites\/4\/2023\/08\/v101_tif.zip\" target=\"_blank\" rel=\"noreferrer noopener\">TIFF file of the mapping<\/a><\/p>\n\n\n\n<p>The mapping can also be accessed using this script or directly through the asset on GEE:<\/p>\n\n\n\n<p><em>&#8216;projects\/mapbiomas-public\/assets\/brazil\/lulc\/collection7_1\/mapbiomas_cacau_2019_v1&#8217;<\/em><\/p>\n\n\n\n<p><\/p>\n\n\n\n<p>Ou acessar pelo <a href=\"https:\/\/code.earthengine.google.com\/7196b9a12997c527637c98461fd3d515\" data-type=\"URL\" data-id=\"https:\/\/code.earthengine.google.com\/7196b9a12997c527637c98461fd3d515\" target=\"_blank\" rel=\"noreferrer noopener\">link <\/a>do GEE.<\/p>\n\n\n\n<p>The map uses the following legend codes:<\/p>\n\n\n\n<figure class=\"wp-block-image size-large\"><img decoding=\"async\" src=\"https:\/\/staging-brasil.mapbiomas.org\/wp-content\/uploads\/sites\/4\/2023\/08\/legenda-1.png\" alt=\"Legenda\" \/><\/figure>\n\n\n\n<p>MapBiomas data is public, open and free under the Creative Commons CC-BY license and with reference to the source in the following format: <\/p>\n\n\n\n<p>\u201cMapBiomas Cacau \u2013 Mapping of Shaded Cocoa Cultivation in Southern Bahia, accessed on [date] through the link: [LINK]\u201d<\/p>\n\n\n\n<p class=\" translation-block\">If you have suggestions, critiques, and ideas to improve the work, please contact us at: <a href=\"mailto:contato@mapbiomas.org\" rel=\"noreferrer noopener\" target=\"_blank\">contato@mapbiomas.org<\/a><\/p>","protected":false},"excerpt":{"rendered":"<p>O cacau \u00e9 a principal cultura agr\u00edcola no sul da Bahia. Al\u00e9m da sua import\u00e2ncia econ\u00f4mica na regi\u00e3o, a manuten\u00e7\u00e3o da cobertura arb\u00f3rea, sob a qual a maior parte do cacau \u00e9 produzido no Estado, traz benef\u00edcios para a manuten\u00e7\u00e3o de servi\u00e7os ecossist\u00eamicos como a conserva\u00e7\u00e3o da biodiversidade, do estoque de carbono e do ciclo [&hellip;]<\/p>","protected":false},"author":2,"featured_media":0,"parent":0,"menu_order":0,"comment_status":"closed","ping_status":"closed","template":"","meta":{"_uag_custom_page_level_css":""},"acf":[],"uagb_featured_image_src":{"full":false,"thumbnail":false,"medium":false,"medium_large":false,"large":false,"1536x1536":false,"2048x2048":false,"trp-custom-language-flag":false,"infographic":false,"team":false},"uagb_author_info":{"display_name":"Adriel Fernandes","author_link":"https:\/\/brasil.mapbiomas.org\/en\/author\/adriel-fernandes\/"},"uagb_comment_info":0,"uagb_excerpt":"O cacau \u00e9 a principal cultura agr\u00edcola no sul da Bahia. Al\u00e9m da sua import\u00e2ncia econ\u00f4mica na regi\u00e3o, a manuten\u00e7\u00e3o da cobertura arb\u00f3rea, sob a qual a maior parte do cacau \u00e9 produzido no Estado, traz benef\u00edcios para a manuten\u00e7\u00e3o de servi\u00e7os ecossist\u00eamicos como a conserva\u00e7\u00e3o da biodiversidade, do estoque de carbono e do ciclo&hellip;","_links":{"self":[{"href":"https:\/\/brasil.mapbiomas.org\/en\/wp-json\/wp\/v2\/pages\/948"}],"collection":[{"href":"https:\/\/brasil.mapbiomas.org\/en\/wp-json\/wp\/v2\/pages"}],"about":[{"href":"https:\/\/brasil.mapbiomas.org\/en\/wp-json\/wp\/v2\/types\/page"}],"author":[{"embeddable":true,"href":"https:\/\/brasil.mapbiomas.org\/en\/wp-json\/wp\/v2\/users\/2"}],"replies":[{"embeddable":true,"href":"https:\/\/brasil.mapbiomas.org\/en\/wp-json\/wp\/v2\/comments?post=948"}],"version-history":[{"count":8,"href":"https:\/\/brasil.mapbiomas.org\/en\/wp-json\/wp\/v2\/pages\/948\/revisions"}],"predecessor-version":[{"id":6675,"href":"https:\/\/brasil.mapbiomas.org\/en\/wp-json\/wp\/v2\/pages\/948\/revisions\/6675"}],"wp:attachment":[{"href":"https:\/\/brasil.mapbiomas.org\/en\/wp-json\/wp\/v2\/media?parent=948"}],"curies":[{"name":"wp","href":"https:\/\/api.w.org\/{rel}","templated":true}]}}