{"id":945,"date":"2024-08-20T23:50:07","date_gmt":"2024-08-21T02:50:07","guid":{"rendered":"https:\/\/staging-brasil.mapbiomas.org\/?page_id=945"},"modified":"2025-12-01T16:16:56","modified_gmt":"2025-12-01T19:16:56","slug":"tabela-de-camadas","status":"publish","type":"page","link":"https:\/\/brasil.mapbiomas.org\/en\/tabela-de-camadas\/","title":{"rendered":"LAYERS TABLE"},"content":{"rendered":"<figure class=\"wp-block-table\"><table><thead><tr><th>Category<\/th><th>Layers<\/th><th>Source<\/th><th>Link &#8211; Acesso<\/th><\/tr><\/thead><tbody><tr><td>Political Division<\/td><td>Pais, Estados, Regi\u00f5es e Munic\u00edpios<\/td><td>IBGE, 2024 &#8211; 1:250.000<\/td><td><a href=\"https:\/\/www.ibge.gov.br\/geociencias\/organizacao-do-territorio\/malhas-territoriais\/15774-malhas.html\" target=\"_blank\" rel=\"noreferrer noopener\">Access<\/a><\/td><\/tr><tr><td>Environmental Division <\/td><td>Biomes<\/td><td>IBGE 2024 &#8211; 1:250.000<\/td><td><a rel=\"noreferrer noopener\" href=\"https:\/\/www.ibge.gov.br\/geociencias\/informacoes-ambientais\/vegetacao\/15842-biomas.html\" target=\"_blank\">Access<\/a><\/td><\/tr><tr><td>Environmental Division<\/td><td>Coastal and Marine Zone<\/td><td>IBGE, 2024 &#8211; 1:250.000<\/td><td><a rel=\"noreferrer noopener\" href=\"https:\/\/www.ibge.gov.br\/geociencias\/informacoes-ambientais\/estudos-ambientais\/15842-biomas.html?=&amp;t=downloads\" target=\"_blank\">Access<\/a><\/td><\/tr><tr><td>Special Territories<\/td><td>Legal Amazon<\/td><td>IBGE,2022 &#8211; 1:250.000<\/td><td><a rel=\"noreferrer noopener\" href=\"https:\/\/www.ibge.gov.br\/geociencias\/organizacao-do-territorio\/estrutura-territorial\/15819-amazonia-legal.html\" target=\"_blank\">Access<\/a><\/td><\/tr><tr><td>Special Territories<\/td><td>AMACRO<\/td><td>IBGE, 2024<\/td><td><a href=\"https:\/\/storage.googleapis.com\/mapbiomas-workspace\/TERRITORIES\/ORIGINALS\/BRAZIL\/WORKSPACE\/AMACRO.zip\">Baixe<\/a><\/td><\/tr><tr><td>Special Territories<\/td><td>Atlantic Forest Law<\/td><td>SOS Mata Atl\u00e2ntica 2016<\/td><td><a href=\"https:\/\/storage.googleapis.com\/mapbiomas-workspace\/TERRITORIES\/ORIGINALS\/BRAZIL\/WORKSPACE\/ATLANTIC_FOREST_LAW.zip\" data-type=\"URL\" data-id=\"https:\/\/storage.googleapis.com\/mapbiomas-workspace\/TERRITORIES\/ORIGINALS\/BRAZIL\/WORKSPACE\/ATLANTIC_FOREST_LAW.zip\">Baixe<\/a><\/td><\/tr><tr><td>Special Territories<\/td><td>Semiarid<\/td><td>ANA, 2017<\/td><td><a rel=\"noreferrer noopener\" href=\"https:\/\/metadados.snirh.gov.br\/geonetwork\/srv\/api\/records\/3c8b249e-8ec3-4db1-b188-bab3c3c3240f\" target=\"_blank\">Access<\/a><\/td><\/tr><tr><td>Special Territories<\/td><td>Matopiba<\/td><td>Embrapa, 2015<\/td><td><a href=\"https:\/\/mapas.cnpm.embrapa.br\/matopiba2015\/\" data-type=\"URL\" data-id=\"https:\/\/mapas.cnpm.embrapa.br\/matopiba2015\/\">Access<\/a><\/td><\/tr><tr><td>Special Territories<\/td><td>Unallocated Public Forests<\/td><td>MMA, 2024<\/td><td><a href=\"https:\/\/www.gov.br\/florestal\/pt-br\/assuntos\/cadastro-nacional-de-florestas-publicas\/cadastro-nacional-de-florestas-publicas-atualizacao-2024\" target=\"_blank\" rel=\"noreferrer noopener\">Access<\/a><\/td><\/tr><tr><td>Special Territories<\/td><td>Forest Concessions<\/td><td>Sistema Florestal Brasileiro (SFB)\/ Minist\u00e9rio do Meio Ambiente (MMA) 2025<\/td><td><a href=\"https:\/\/www.gov.br\/florestal\/pt-br\/assuntos\/concessoes-e-monitoramento\/planos-de-manejo-e-poas\">https:\/\/www.gov.br\/florestal\/pt-br\/assuntos\/concessoes-e-monitoramento\/planos-de-manejo-e-poas<\/a><\/td><\/tr><tr><td>Watersheds<\/td><td>Sub-bacias do Plano Nacional de Recursos H\u00eddricos (PNRH &#8211; N\u00edveis 1 e 2)<\/td><td>ANA, 2006<\/td><td><a href=\"https:\/\/metadados.snirh.gov.br\/geonetwork\/srv\/por\/catalog.search#\/metadata\/f50527b9-24ed-41d5-b063-b5acfb25e10d\" target=\"_blank\" rel=\"noreferrer noopener\">Level 1<\/a> (\u2018ravinas\u2019 <a href=\"https:\/\/metadados.snirh.gov.br\/geonetwork\/srv\/por\/catalog.search#\/metadata\/6141f37f-f15d-42e7-8495-ae9ddad0846f\" target=\"_blank\" rel=\"noreferrer noopener\">Level 2<\/a><\/td><\/tr><tr><td>Watersheds<\/td><td>Bacias e Sub-bacias Hidrogr\u00e1ficas (DNAEE &#8211; Departamento Nacional de \u00c1guas e Energia El\u00e9trica) (N\u00edveis 1 e 2)<\/td><td>ANA, 1972<\/td><td><a href=\"https:\/\/metadados.snirh.gov.br\/geonetwork\/srv\/api\/records\/43539328-3a83-4bf2-9cea-2b47513f4b07\" target=\"_blank\" rel=\"noreferrer noopener\">Level 1<\/a> (\u2018ravinas\u2019 <a href=\"https:\/\/metadados.snirh.gov.br\/geonetwork\/srv\/por\/catalog.search#\/metadata\/8b4d4fbd-8622-4116-8991-0a0530c02690\" target=\"_blank\" rel=\"noreferrer noopener\">Level 2<\/a><\/td><\/tr><tr><td>Watersheds<\/td><td>Water Resource Management Units (WRMUs)<\/td><td>ANA, 2019<\/td><td><a href=\"https:\/\/metadados.snirh.gov.br\/geonetwork\/srv\/api\/records\/985f8821-2da3-4108-85a9-95985b37f3fe\" target=\"_blank\" rel=\"noreferrer noopener\">Access<\/a><\/td><\/tr><tr><td>Watersheds<\/td><td>DHN250-Divis\u00e3o Hidrogr\u00e1fica Nacional (N\u00edveis 1, 2 e 3)<\/td><td>ANA, 2021<\/td><td><a href=\"https:\/\/metadados.snirh.gov.br\/geonetwork\/srv\/por\/catalog.search#\/metadata\/fb87343a-cc52-4a36-b6c5-1fe05f4fe98c\" data-type=\"URL\" data-id=\"https:\/\/metadados.snirh.gov.br\/geonetwork\/srv\/por\/catalog.search#\/metadata\/fb87343a-cc52-4a36-b6c5-1fe05f4fe98c\" target=\"_blank\" rel=\"noreferrer noopener\">Access<\/a><\/td><\/tr><tr><td>Land tenure<\/td><td>Conservation Unit<\/td><td>MMA, 2025<\/td><td><a href=\"https:\/\/dados.gov.br\/dados\/conjuntos-dados\/unidadesdeconservacao\" target=\"_blank\" rel=\"noreferrer noopener\">Access<\/a><\/td><\/tr><tr><td>Land tenure<\/td><td>Indigenous Land<\/td><td>FUNAI, 2025<\/td><td><a href=\"https:\/\/www.gov.br\/funai\/pt-br\/atuacao\/terras-indigenas\/geoprocessamento-e-mapas\" target=\"_blank\" rel=\"noreferrer noopener\">Access<\/a><\/td><\/tr><tr><td>Land tenure<\/td><td>Settlements<\/td><td>INCRA, 2025<\/td><td><a href=\"https:\/\/certificacao.incra.gov.br\/csv_shp\/export_shp.py\">Access<\/a><\/td><\/tr><tr><td>Land tenure<\/td><td>Afro brazilian Settlements<\/td><td>IBGE, 2022<\/td><td><a href=\"https:\/\/www.ibge.gov.br\/estatisticas\/sociais\/populacao\/22827-censo-demografico-2022.html?edicao=37415&amp;t=resultados\" target=\"_blank\" rel=\"noreferrer noopener\">Access<\/a><\/td><\/tr><tr><td>Environmental Territories<\/td><td>Biosphere Reserves<\/td><td>MMA, 2022<\/td><td><a href=\"https:\/\/www.gov.br\/mma\/pt-br\/assuntos\/biodiversidade-e-biomas\/areas-protegidas\/gestao-integrada-e-reconhecimentos-internacionais\/reserva-da-biosfera\" data-type=\"URL\" target=\"_blank\" rel=\"noreferrer noopener\">Access<\/a><\/td><\/tr><tr><td>Environmental Territories<\/td><td>Priority Areas for Biodiversity Conservation<\/td><td>MMA, 2018<\/td><td><a href=\"https:\/\/www.gov.br\/mma\/pt-br\/assuntos\/ecossistemas-1\/conservacao-1\/areas-prioritarias\/2a-atualizacao-das-areas-prioritarias-para-conservacao-da-biodiversidade-2018\" target=\"_blank\" rel=\"noreferrer noopener\">Access<\/a><\/td><\/tr><tr><td>Environmental Territories<\/td><td>Geoparks<\/td><td>UNESCO, 2023<\/td><td><a href=\"https:\/\/storage.googleapis.com\/mapbiomas-workspace\/TERRITORIES\/ORIGINALS\/BRAZIL\/WORKSPACE\/V2_GEOPARQUES.zip\" data-type=\"URL\" data-id=\"https:\/\/storage.googleapis.com\/mapbiomas-workspace\/TERRITORIES\/ORIGINALS\/BRAZIL\/WORKSPACE\/V2_GEOPARQUES.zip\">Baixe<\/a><\/td><\/tr><tr><td>Environmental Territories<\/td><td>Programa Bolsa Verde<\/td><td>MMA, 2025<\/td><td><a href=\"https:\/\/storage.googleapis.com\/mapbiomas-workspace\/TERRITORIES\/ORIGINALS\/BRAZIL\/WORKSPACE\/bolsa_verde_set25.zip\">Baixe<\/a><\/td><\/tr><tr><td>Environmental Information<\/td><td>IBGE Vegetation<\/td><td>IBGE, 2023 &#8211; 1:250.000<\/td><td><a href=\"https:\/\/geoftp.ibge.gov.br\/informacoes_ambientais\/vegetacao\/vetores\/escala_250_mil\/versao_2023\/\" target=\"_blank\" rel=\"noreferrer noopener\">Access<\/a><\/td><\/tr><tr><td>Environmental Information<\/td><td>IBGE Soil Classification<\/td><td>IBGE, 2023 &#8211; 1:250.000<\/td><td><a href=\"https:\/\/geoftp.ibge.gov.br\/informacoes_ambientais\/pedologia\/vetores\/escala_250_mil\/versao_2023\/\" target=\"_blank\" rel=\"noreferrer noopener\">Access<\/a><\/td><\/tr><tr><td>Environmental Information<\/td><td>IBGE Geomorphology<\/td><td>IBGE, 2023 &#8211; 1:250.000<\/td><td><a href=\"https:\/\/www.ibge.gov.br\/geociencias\/informacoes-ambientais\/geomorfologia\/10870-geomorfologia.html?=&amp;t=downloads\" target=\"_blank\" rel=\"noreferrer noopener\">Access<\/a><\/td><\/tr><\/tbody><\/table><\/figure>\n\n\n\n<p>Download the maps\/shapefiles of the layers available on the MapBiomas platform according to their respective sources and reference year.<\/p>\n\n\n\n<p><\/p>","protected":false},"excerpt":{"rendered":"<p>Categoria Camada Fonte Link &#8211; Acesso Divis\u00e3o Pol\u00edtica Pais, Estados, Regi\u00f5es e Munic\u00edpios IBGE, 2024 &#8211; 1:250.000 Acesse Divis\u00e3o Ambiental Biomas IBGE 2024 &#8211; 1:250.000 Acesse Divis\u00e3o Ambiental Zona Costeira e Marinha IBGE, 2024 &#8211; 1:250.000 Acesse Territ\u00f3rios Especiais Amaz\u00f4nia Legal IBGE,2022 &#8211; 1:250.000 Acesse Territ\u00f3rios Especiais AMACRO IBGE, 2024 Baixe Territ\u00f3rios Especiais Lei da [&hellip;]<\/p>","protected":false},"author":2,"featured_media":0,"parent":0,"menu_order":0,"comment_status":"closed","ping_status":"closed","template":"","meta":{"_uag_custom_page_level_css":""},"acf":[],"uagb_featured_image_src":{"full":false,"thumbnail":false,"medium":false,"medium_large":false,"large":false,"1536x1536":false,"2048x2048":false,"trp-custom-language-flag":false,"infographic":false,"team":false},"uagb_author_info":{"display_name":"Adriel Fernandes","author_link":"https:\/\/brasil.mapbiomas.org\/en\/author\/adriel-fernandes\/"},"uagb_comment_info":0,"uagb_excerpt":"Categoria Camada Fonte Link &#8211; Acesso Divis\u00e3o Pol\u00edtica Pais, Estados, Regi\u00f5es e Munic\u00edpios IBGE, 2024 &#8211; 1:250.000 Acesse Divis\u00e3o Ambiental Biomas IBGE 2024 &#8211; 1:250.000 Acesse Divis\u00e3o Ambiental Zona Costeira e Marinha IBGE, 2024 &#8211; 1:250.000 Acesse Territ\u00f3rios Especiais Amaz\u00f4nia Legal IBGE,2022 &#8211; 1:250.000 Acesse Territ\u00f3rios Especiais AMACRO IBGE, 2024 Baixe Territ\u00f3rios Especiais Lei da&hellip;","_links":{"self":[{"href":"https:\/\/brasil.mapbiomas.org\/en\/wp-json\/wp\/v2\/pages\/945"}],"collection":[{"href":"https:\/\/brasil.mapbiomas.org\/en\/wp-json\/wp\/v2\/pages"}],"about":[{"href":"https:\/\/brasil.mapbiomas.org\/en\/wp-json\/wp\/v2\/types\/page"}],"author":[{"embeddable":true,"href":"https:\/\/brasil.mapbiomas.org\/en\/wp-json\/wp\/v2\/users\/2"}],"replies":[{"embeddable":true,"href":"https:\/\/brasil.mapbiomas.org\/en\/wp-json\/wp\/v2\/comments?post=945"}],"version-history":[{"count":22,"href":"https:\/\/brasil.mapbiomas.org\/en\/wp-json\/wp\/v2\/pages\/945\/revisions"}],"predecessor-version":[{"id":8130,"href":"https:\/\/brasil.mapbiomas.org\/en\/wp-json\/wp\/v2\/pages\/945\/revisions\/8130"}],"wp:attachment":[{"href":"https:\/\/brasil.mapbiomas.org\/en\/wp-json\/wp\/v2\/media?parent=945"}],"curies":[{"name":"wp","href":"https:\/\/api.w.org\/{rel}","templated":true}]}}