{"id":942,"date":"2023-08-17T17:14:12","date_gmt":"2023-08-17T17:14:12","guid":{"rendered":"https:\/\/staging-brasil.mapbiomas.org\/?page_id=942"},"modified":"2026-03-17T14:42:25","modified_gmt":"2026-03-17T17:42:25","slug":"dados-monitor-mensal-do-fogo","status":"publish","type":"page","link":"https:\/\/brasil.mapbiomas.org\/en\/dados-monitor-mensal-do-fogo\/","title":{"rendered":"MONTHLY FIRE MONITOR DATA"},"content":{"rendered":"<p class=\" translation-block\">The <a href=\"https:\/\/plataforma.brasil.mapbiomas.org\/monitor-do-fogo\" target=\"_self\">Fire Monitor<\/a> is the first version of the monthly mapping of fire scars for Brazil, covering the period from 2019 onwards, based on monthly mosaics of Sentinel 2 multispectral images with spatial resolution of 10.<\/p>\n\n\n\n<p class=\" translation-block\">The entire process was carried out collaboratively between the MapBiomas network institutions and using machine learning algorithms (deep learning) through the Google Earth Engine platform and Google Cloud Storage, which offer immense computational and cloud processing capacity. <a href=\"https:\/\/code.earthengine.google.com\/?scriptPath=usersmapbiomasuser-toolkitmapbiomas-user-toolkit-fire.js\" target=\"_self\">The data are available for download in the Google Earth Engine<\/a><\/p>\n\n\n\n<p>Access the highlights from the Fire Monitor for the last few months:<\/p>\n\n\n\n<p><strong>2026<\/strong><\/p>\n\n\n\n<p>  &#8211; <a rel=\"noreferrer noopener\" href=\"https:\/\/brasil.mapbiomas.org\/wp-content\/uploads\/sites\/4\/2026\/03\/2_Boletim_fogo_Fevereiro2026.pdf\" target=\"_blank\">February\/2026<\/a><\/p>\n\n\n\n<p>  &#8211; <a rel=\"noreferrer noopener\" href=\"https:\/\/brasil.mapbiomas.org\/wp-content\/uploads\/sites\/4\/2026\/02\/1_Boletim_fogo_Janeiro2026.pdf\" target=\"_blank\">January\/2026<\/a><\/p>\n\n\n\n<p><strong>2025<\/strong><\/p>\n\n\n\n<p>  &#8211; <a rel=\"noreferrer noopener\" href=\"https:\/\/brasil.mapbiomas.org\/wp-content\/uploads\/sites\/4\/2026\/01\/12_Boletim_fogo_Dezembro2025.pdf\" target=\"_blank\">December\/2025<\/a><\/p>\n\n\n\n<p>  &#8211; <a href=\"https:\/\/brasil.mapbiomas.org\/wp-content\/uploads\/sites\/4\/2025\/12\/11_Boletim_fogo_Novembro2025.pdf\" target=\"_blank\" rel=\"noreferrer noopener\">November\/2025<\/a><\/p>\n\n\n\n<p>  &#8211; <a href=\"https:\/\/brasil.mapbiomas.org\/wp-content\/uploads\/sites\/4\/2025\/11\/10_Boletim_fogo_Outubro2025.pdf\" target=\"_blank\" rel=\"noreferrer noopener\">October\/2025<\/a><\/p>\n\n\n\n<p>  &#8211; <a href=\"https:\/\/brasil.mapbiomas.org\/wp-content\/uploads\/sites\/4\/2025\/10\/9_Boletim_fogo_Setembro2025.pdf\" target=\"_blank\" rel=\"noreferrer noopener\">September\/2025<\/a><\/p>\n\n\n\n<p>  &#8211; <a href=\"https:\/\/brasil.mapbiomas.org\/wp-content\/uploads\/sites\/4\/2025\/09\/8_Boletim_fogo_Agosto2025.pdf\" target=\"_blank\" rel=\"noreferrer noopener\">August\/2025<\/a><\/p>\n\n\n\n<p>  &#8211; <a href=\"https:\/\/brasil.mapbiomas.org\/wp-content\/uploads\/sites\/4\/2025\/08\/7_Boletim_fogo_Julho2025.pdf\" target=\"_blank\" rel=\"noreferrer noopener\">July\/2025<\/a><\/p>\n\n\n\n<p>  &#8211; <a rel=\"noreferrer noopener\" href=\"https:\/\/brasil.mapbiomas.org\/wp-content\/uploads\/sites\/4\/2025\/07\/6_Boletim_fogo_Junho2025.pdf\" target=\"_blank\">June\/2025<\/a><\/p>\n\n\n\n<p>  &#8211; <a href=\"https:\/\/brasil.mapbiomas.org\/wp-content\/uploads\/sites\/4\/2025\/07\/5_Boletim_fogo_Maio2025.pdf\" target=\"_blank\" rel=\"noreferrer noopener\">May\/2025<\/a><\/p>\n\n\n\n<p>  &#8211; <a href=\"https:\/\/brasil.mapbiomas.org\/wp-content\/uploads\/sites\/4\/2025\/05\/4_Boletim_fogo_Abril2025.pdf\" target=\"_blank\" rel=\"noreferrer noopener\">April\/2025<\/a><\/p>\n\n\n\n<p>  &#8211; <a href=\"https:\/\/brasil.mapbiomas.org\/wp-content\/uploads\/sites\/4\/2025\/04\/3_Boletim_fogo_Marco2025.pdf\" target=\"_blank\" rel=\"noreferrer noopener\">March\/2025<\/a><\/p>\n\n\n\n<p>  &#8211; <a rel=\"noreferrer noopener\" href=\"https:\/\/brasil.mapbiomas.org\/wp-content\/uploads\/sites\/4\/2025\/03\/1_Boletim_fogo_Fevereiro2025.pdf\" target=\"_blank\">February\/2025<\/a><\/p>\n\n\n\n<p>  &#8211;&nbsp;<a href=\"https:\/\/brasil.mapbiomas.org\/wp-content\/uploads\/sites\/4\/2025\/03\/1_Boletim_fogo_Janeiro2025.pdf\" target=\"_blank\" rel=\"noreferrer noopener\">January\/2025<\/a><\/p>\n\n\n\n<p>  <\/p>\n\n\n\n<p><a href=\"https:\/\/brasil.mapbiomas.org\/en\/boletins-de-anos-anteriores\/\"><strong>Access here the highlights with data from previous years.<\/strong><\/a><\/p>","protected":false},"excerpt":{"rendered":"<p>O&nbsp;Monitor do Fogo&nbsp;\u00e9 a primeira vers\u00e3o do mapeamento mensal de cicatrizes de fogo para o Brasil, abrangendo o per\u00edodo a partir de 2019, baseado em mosaicos mensais de imagens multiespectrais do Sentinel 2 com resolu\u00e7\u00e3o espacial de 10. Todo o processo foi realizado de forma colaborativa entre as institui\u00e7\u00f5es da rede MapBiomas e utilizando algoritmos [&hellip;]<\/p>","protected":false},"author":2,"featured_media":0,"parent":0,"menu_order":0,"comment_status":"closed","ping_status":"closed","template":"","meta":{"_uag_custom_page_level_css":""},"acf":[],"uagb_featured_image_src":{"full":false,"thumbnail":false,"medium":false,"medium_large":false,"large":false,"1536x1536":false,"2048x2048":false,"trp-custom-language-flag":false,"infographic":false,"team":false},"uagb_author_info":{"display_name":"Adriel Fernandes","author_link":"https:\/\/brasil.mapbiomas.org\/en\/author\/adriel-fernandes\/"},"uagb_comment_info":0,"uagb_excerpt":"O&nbsp;Monitor do Fogo&nbsp;\u00e9 a primeira vers\u00e3o do mapeamento mensal de cicatrizes de fogo para o Brasil, abrangendo o per\u00edodo a partir de 2019, baseado em mosaicos mensais de imagens multiespectrais do Sentinel 2 com resolu\u00e7\u00e3o espacial de 10. Todo o processo foi realizado de forma colaborativa entre as institui\u00e7\u00f5es da rede MapBiomas e utilizando algoritmos&hellip;","_links":{"self":[{"href":"https:\/\/brasil.mapbiomas.org\/en\/wp-json\/wp\/v2\/pages\/942"}],"collection":[{"href":"https:\/\/brasil.mapbiomas.org\/en\/wp-json\/wp\/v2\/pages"}],"about":[{"href":"https:\/\/brasil.mapbiomas.org\/en\/wp-json\/wp\/v2\/types\/page"}],"author":[{"embeddable":true,"href":"https:\/\/brasil.mapbiomas.org\/en\/wp-json\/wp\/v2\/users\/2"}],"replies":[{"embeddable":true,"href":"https:\/\/brasil.mapbiomas.org\/en\/wp-json\/wp\/v2\/comments?post=942"}],"version-history":[{"count":69,"href":"https:\/\/brasil.mapbiomas.org\/en\/wp-json\/wp\/v2\/pages\/942\/revisions"}],"predecessor-version":[{"id":8582,"href":"https:\/\/brasil.mapbiomas.org\/en\/wp-json\/wp\/v2\/pages\/942\/revisions\/8582"}],"wp:attachment":[{"href":"https:\/\/brasil.mapbiomas.org\/en\/wp-json\/wp\/v2\/media?parent=942"}],"curies":[{"name":"wp","href":"https:\/\/api.w.org\/{rel}","templated":true}]}}