{"id":904,"date":"2023-08-17T16:45:27","date_gmt":"2023-08-17T16:45:27","guid":{"rendered":"https:\/\/staging-brasil.mapbiomas.org\/?page_id=904"},"modified":"2024-11-11T17:44:15","modified_gmt":"2024-11-11T20:44:15","slug":"manual-da-marca","status":"publish","type":"page","link":"https:\/\/brasil.mapbiomas.org\/en\/manual-da-marca\/","title":{"rendered":"Brand guidelines"},"content":{"rendered":"<p>A marca <strong>MapBiomas<\/strong> &#8211; nome, logo e suas varia\u00e7\u00f5es &#8211; pode ser usada pelo p\u00fablico geral observando as seguintes condi\u00e7\u00f5es:<\/p>\n\n\n\n<div class=\"wp-block-media-text alignwide has-media-on-the-right is-stacked-on-mobile\" style=\"grid-template-columns:auto 40%\"><div class=\"wp-block-media-text__content\">\n<ul>\n<li><strong>n\u00e3o seja utilizada <\/strong>para <strong>fins comerciais<\/strong>.<\/li>\n<\/ul>\n\n\n\n<ul>\n<li><strong>n\u00e3o seja utilizada <\/strong>de modo a sugerir <strong>associa\u00e7\u00e3o, patroc\u00ednio ou apoio a nenhum(a) produto, empresa\/institui\u00e7\u00e3o ou causa pol\u00edtica\u00a0<\/strong>que n\u00e3o tenha sido explicitamente feita pela rede MapBiomas em ocasi\u00e3o anterior<\/li>\n<\/ul>\n\n\n\n<ul>\n<li><strong>n\u00e3o seja utilizada <\/strong>em conjunto <strong>com outros elementos gr\u00e1ficos que resultem na altera\u00e7\u00e3o das propor\u00e7\u00f5es, composi\u00e7\u00e3o, cores, fundo, tipografia e vers\u00f5es vertical e horizontal de sua identidade<\/strong>.<\/li>\n<\/ul>\n<\/div><figure class=\"wp-block-media-text__media\"><img decoding=\"async\" loading=\"lazy\" width=\"1024\" height=\"575\" src=\"https:\/\/brasil.mapbiomas.org\/wp-content\/uploads\/sites\/4\/2024\/11\/logo-manual-marca-1-1024x575.png\" alt=\"\" class=\"wp-image-5912 size-full\" srcset=\"https:\/\/brasil.mapbiomas.org\/wp-content\/uploads\/sites\/4\/2024\/11\/logo-manual-marca-1-1024x575.png 1024w, https:\/\/brasil.mapbiomas.org\/wp-content\/uploads\/sites\/4\/2024\/11\/logo-manual-marca-1-300x168.png 300w, https:\/\/brasil.mapbiomas.org\/wp-content\/uploads\/sites\/4\/2024\/11\/logo-manual-marca-1-768x431.png 768w, https:\/\/brasil.mapbiomas.org\/wp-content\/uploads\/sites\/4\/2024\/11\/logo-manual-marca-1-18x10.png 18w, https:\/\/brasil.mapbiomas.org\/wp-content\/uploads\/sites\/4\/2024\/11\/logo-manual-marca-1-970x545.png 970w, https:\/\/brasil.mapbiomas.org\/wp-content\/uploads\/sites\/4\/2024\/11\/logo-manual-marca-1.png 1276w\" sizes=\"(max-width: 1024px) 100vw, 1024px\" \/><\/figure><\/div>\n\n\n\n<p>Access the&nbsp;<a rel=\"noreferrer noopener\" href=\"https:\/\/brasil.mapbiomas.org\/wp-content\/uploads\/sites\/4\/2024\/10\/manual-de-marca_MapBiomas_ING_versao-site_16.10.24.pdf\" target=\"_blank\">complete brand manual<\/a>&nbsp;to understand all the rules for using colors, proportions, typographies, and related aspects.<\/p>\n\n\n\n<p>Download here the MapBiomas logo in <a rel=\"noreferrer noopener\" href=\"https:\/\/brasil.mapbiomas.org\/wp-content\/uploads\/sites\/4\/2024\/10\/Logo-MapBiomas-Geral.png\" target=\"_blank\">PNG<\/a> or <a rel=\"noreferrer noopener\" href=\"https:\/\/brasil.mapbiomas.org\/wp-content\/uploads\/sites\/4\/2024\/10\/logo_Mapbiomas_intitucional_vertical.svg\" target=\"_blank\">SVG<\/a>.<\/p>","protected":false},"excerpt":{"rendered":"<p>A marca MapBiomas &#8211; nome, logo e suas varia\u00e7\u00f5es &#8211; pode ser usada pelo p\u00fablico geral observando as seguintes condi\u00e7\u00f5es: Acesse o&nbsp;manual completo da marca&nbsp;para conhecer todas as regras de uso de cores, propor\u00e7\u00f5es, tipografias e afins. Baixe aqui o logo do MapBiomas no formato PNG ou SVG.<\/p>","protected":false},"author":2,"featured_media":0,"parent":0,"menu_order":0,"comment_status":"closed","ping_status":"closed","template":"","meta":{"_uag_custom_page_level_css":""},"acf":[],"uagb_featured_image_src":{"full":false,"thumbnail":false,"medium":false,"medium_large":false,"large":false,"1536x1536":false,"2048x2048":false,"trp-custom-language-flag":false,"infographic":false,"team":false},"uagb_author_info":{"display_name":"Adriel Fernandes","author_link":"https:\/\/brasil.mapbiomas.org\/en\/author\/adriel-fernandes\/"},"uagb_comment_info":0,"uagb_excerpt":"A marca MapBiomas &#8211; nome, logo e suas varia\u00e7\u00f5es &#8211; pode ser usada pelo p\u00fablico geral observando as seguintes condi\u00e7\u00f5es: Acesse o&nbsp;manual completo da marca&nbsp;para conhecer todas as regras de uso de cores, propor\u00e7\u00f5es, tipografias e afins. Baixe aqui o logo do MapBiomas no formato PNG ou SVG.","_links":{"self":[{"href":"https:\/\/brasil.mapbiomas.org\/en\/wp-json\/wp\/v2\/pages\/904"}],"collection":[{"href":"https:\/\/brasil.mapbiomas.org\/en\/wp-json\/wp\/v2\/pages"}],"about":[{"href":"https:\/\/brasil.mapbiomas.org\/en\/wp-json\/wp\/v2\/types\/page"}],"author":[{"embeddable":true,"href":"https:\/\/brasil.mapbiomas.org\/en\/wp-json\/wp\/v2\/users\/2"}],"replies":[{"embeddable":true,"href":"https:\/\/brasil.mapbiomas.org\/en\/wp-json\/wp\/v2\/comments?post=904"}],"version-history":[{"count":31,"href":"https:\/\/brasil.mapbiomas.org\/en\/wp-json\/wp\/v2\/pages\/904\/revisions"}],"predecessor-version":[{"id":5913,"href":"https:\/\/brasil.mapbiomas.org\/en\/wp-json\/wp\/v2\/pages\/904\/revisions\/5913"}],"wp:attachment":[{"href":"https:\/\/brasil.mapbiomas.org\/en\/wp-json\/wp\/v2\/media?parent=904"}],"curies":[{"name":"wp","href":"https:\/\/api.w.org\/{rel}","templated":true}]}}