{"id":897,"date":"2023-08-17T16:44:41","date_gmt":"2023-08-17T16:44:41","guid":{"rendered":"https:\/\/staging-brasil.mapbiomas.org\/?page_id=897"},"modified":"2026-03-03T18:08:08","modified_gmt":"2026-03-03T21:08:08","slug":"notas-tecnicas","status":"publish","type":"page","link":"https:\/\/brasil.mapbiomas.org\/en\/notas-tecnicas\/","title":{"rendered":"Publica\u00e7\u00f5es e Notas T\u00e9cnicas"},"content":{"rendered":"<p class=\"has-medium-font-size\">Publications and Technical Notes from the MapBiomas Project addressing specific issues.<\/p>\n\n\n\n<p><strong>2026<\/strong><\/p>\n\n\n\n<ul>\n<li><a rel=\"noreferrer noopener\" href=\"https:\/\/brasil.mapbiomas.org\/wp-content\/uploads\/sites\/4\/2026\/01\/Nota-Tecnica-BR319-Recursos-Hidricos-22.01.26.pdf\" data-type=\"URL\" data-id=\"https:\/\/brasil.mapbiomas.org\/wp-content\/uploads\/sites\/4\/2026\/01\/Nota-Tecnica-BR319-Recursos-Hidricos-22.01.26.pdf\" target=\"_blank\">An\u00e1lise do mapeamento de recursos h\u00eddricos no interfl\u00favio dos rios Purus e Madeira na regi\u00e3o de influ\u00eancia da BR-319:<\/a> Esta nota t\u00e9cnica compara diferentes fontes de dados atualmente dispon\u00edveis de hidrografia na Amaz\u00f4nia \u2014 em especial as bases do IBGE, da FBDS e do Cadastro Ambiental Rural (CAR) \u2014 com informa\u00e7\u00f5es obtidas por meio de levantamentos LiDAR aerotransportados, em \u00e1reas amostrais localizadas na regi\u00e3o do interfl\u00favio entre os rios Purus e Madeira na \u00e1rea de influ\u00eancia da BR-319. (<a href=\"https:\/\/doi.org\/10.58053\/MapBiomas\/XDNV5V\">https:\/\/doi.org\/10.58053\/MapBiomas\/XDNV5V<\/a>). Publicado em 22\/01\/2026.<\/li>\n<\/ul>\n\n\n\n<p><strong>2025<\/strong><\/p>\n\n\n\n<ul>\n<li><a href=\"https:\/\/brasil.mapbiomas.org\/wp-content\/uploads\/sites\/4\/2025\/11\/MapBiomas_cop30_06.11_v2.pdf\" data-type=\"URL\" data-id=\"https:\/\/brasil.mapbiomas.org\/wp-content\/uploads\/sites\/4\/2025\/11\/MapBiomas_cop30_06.11_v2.pdf\" target=\"_blank\" rel=\"noreferrer noopener\">Using MapBiomas data in the climate agenda: How maps and land cover and land use data contribute to climate change mitigation and adaptation<\/a>. This publication presents how maps and data from remote sensing can contribute to actions on the climate agenda in Brazil and its mitigation and adaptation strategies. More than just numbers, the data gathered here represent pathways to transform information into action and ensure a more balanced climate future. (<a rel=\"noreferrer noopener\" href=\"https:\/\/doi.org\/10.58053\/MapBiomas\/MCG8YH\" target=\"_blank\">https:\/\/doi.org\/10.58053\/MapBiomas\/MCG8YH<\/a>)<\/li>\n<\/ul>\n\n\n\n<p><strong>2024<\/strong><\/p>\n\n\n\n<ul>\n<li><a rel=\"noreferrer noopener\" href=\"https:\/\/brasil.mapbiomas.org\/wp-content\/uploads\/sites\/4\/2024\/11\/Nota_Tecnica_Vegetacao_Escolas-25-11-2024.pdf\" target=\"_blank\">Technical note on land use around kindergarden and middle schools in Brazilian capitals (11.25.2024)<\/a> - the document presents green areas mapped in kindergarden and middle school surroundings for each brazilian capital and the amount of occupied area by squares and  green areas for an imediate buffer of 500 and 1.000 metes around the schools studied.<a href=\"https:\/\/doi.org\/10.58053\/MapBiomas\/GBDTLW\">https:\/\/doi.org\/10.58053\/MapBiomas\/GBDTLW<\/a>)<\/li>\n<\/ul>\n\n\n\n<ul>\n<li><a href=\"https:\/\/brasil.mapbiomas.org\/wp-content\/uploads\/sites\/4\/2025\/01\/Nota_Tecnica_Fogo-e-Pastagem_2024-1.pdf\" data-type=\"URL\" data-id=\"https:\/\/brasil.mapbiomas.org\/wp-content\/uploads\/sites\/4\/2025\/01\/Nota_Tecnica_Fogo-e-Pastagem_2024-1.pdf\">Technical Note on the Fire Landscape in Planted Pastures in Brazil (11.21.2024 - only in portugueses)<\/a> \u2013 Presents a historical and current overview (as of 2024) of wildfires in planted pastures in Brazil, addressing the extent, recurrence, most affected biomes, characteristics of impacted areas, and the origin of the fire in these areas.<a href=\"https:\/\/doi.org\/10.58053\/MapBiomas\/PAGOAF\">https:\/\/doi.org\/10.58053\/MapBiomas\/PAGOAF<\/a>)<\/li>\n<\/ul>\n\n\n\n<ul>\n<li><a rel=\"noreferrer noopener\" href=\"https:\/\/brasil.mapbiomas.org\/wp-content\/uploads\/sites\/4\/2024\/11\/NT_Historico_Desmatamento_BR-319_05.11.2024.pdf\" target=\"_blank\">Technical Note on the Deforestation History of BR-319 (11.5.2024 \u2013 only in portuguese)<\/a> \u2013 Presents data on the deforestation history from 2019 to 2023 in the surrounding area of BR-319.<a href=\"https:\/\/doi.org\/10.58053\/MapBiomas\/EMQIEH\">https:\/\/doi.org\/10.58053\/MapBiomas\/EMQIEH<\/a>)<br><\/li>\n<\/ul>\n\n\n\n<ul>\n<li><a href=\"https:\/\/brasil.mapbiomas.org\/wp-content\/uploads\/sites\/4\/2026\/02\/Nota-Tecnica-Vegetacao-Urbana-no-Brasil_tabela_atualizada.pdf\">Technical Note on Urban Vegetation in Brazil (18.07.2024)<\/a> \u2013 Presents data on urban vegetation in Brazil for the year 2022.<a href=\"https:\/\/doi.org\/10.58053\/MapBiomas\/QTH5JU\">https:\/\/doi.org\/10.58053\/MapBiomas\/QTH5JU<\/a>) | Acesse dados mais atualizados sobre vegeta\u00e7\u00e3o urbana no <a href=\"https:\/\/plataforma.brasil.mapbiomas.org\/urban\/urban_urban_vegetation?t[regionKey]=brazil&amp;t[ids][]=1-1-1&amp;t[divisionCategoryId]=4&amp;tl[id]=17&amp;tl[themeKey]=urban&amp;tl[subthemeKey]=urban_urban_vegetation&amp;tl[pixelValues][]=241&amp;tl[pixelValues][]=240&amp;tl[pixelValues][]=3&amp;tl[pixelValues][]=4&amp;tl[pixelValues][]=5&amp;tl[pixelValues][]=6&amp;tl[pixelValues][]=49&amp;tl[pixelValues][]=11&amp;tl[pixelValues][]=12&amp;tl[pixelValues][]=32&amp;tl[pixelValues][]=29&amp;tl[pixelValues][]=50&amp;tl[pixelValues][]=15&amp;tl[pixelValues][]=39&amp;tl[pixelValues][]=20&amp;tl[pixelValues][]=40&amp;tl[pixelValues][]=62&amp;tl[pixelValues][]=41&amp;tl[pixelValues][]=46&amp;tl[pixelValues][]=47&amp;tl[pixelValues][]=35&amp;tl[pixelValues][]=48&amp;tl[pixelValues][]=9&amp;tl[pixelValues][]=21&amp;tl[pixelValues][]=23&amp;tl[pixelValues][]=30&amp;tl[pixelValues][]=75&amp;tl[pixelValues][]=25&amp;tl[pixelValues][]=33&amp;tl[pixelValues][]=31&amp;tl[legendKey]=urban_urban_vegetation_mapbiomas_urban_vegetation&amp;tl[year]=2024\" data-type=\"URL\">M\u00f3dulo Urbano da Plataforma MapBiomas<\/a>. Note que os m\u00e9todos utilizados s\u00e3o diferentes &#8211; a nota considera dados de imagem Sentinel em 2022; o m\u00f3dulo utiliza dados de imagem Landsat, com cobertura de 1985 a 2024. (Cole\u00e7\u00e3o 10). Acesse mais informa\u00e7\u00f5es sobre o M\u00f3dulo em <a href=\"https:\/\/brasil.mapbiomas.org\/en\/modulo-urbano\/\">https:\/\/brasil.mapbiomas.org\/modulo-urbano\/<\/a><\/li>\n<\/ul>\n\n\n\n<ul>\n<li><a rel=\"noreferrer noopener\" href=\"https:\/\/brasil.mapbiomas.org\/wp-content\/uploads\/sites\/4\/2024\/07\/Mapbiomas_Nota-Tecnica_Pantanal_12.07.24.pdf\" data-type=\"URL\" data-id=\"https:\/\/brasil.mapbiomas.org\/wp-content\/uploads\/sites\/4\/2024\/07\/Mapbiomas_Nota-Tecnica_Pantanal_12.07.24.pdf\" target=\"_blank\">Technical note on extreme drought and fires in the Pantanal in 2024 (12.07.2024) \u2013 <\/a>presents data on extreme drought and fires in Pantanal during the year of 2024.<a href=\"https:\/\/doi.org\/10.58053\/MapBiomas\/XORHCK\">https:\/\/doi.org\/10.58053\/MapBiomas\/XORHCK<\/a>)<\/li>\n<\/ul>\n\n\n\n<ul>\n<li><a rel=\"noreferrer noopener\" href=\"https:\/\/brasil.mapbiomas.org\/wp-content\/uploads\/sites\/4\/2024\/06\/NT_Evento_climatico_extremo_RS_maio_2024_Final.pptx.pdf\" target=\"_blank\">Technical Note on the impacts of the May 2024 climate event on land cover and land use in Rio Grande do Sul (03.06.2024 - only in Portuguese)<\/a> \u2013 Provides a set of geospatial data regarding the mapping of areas affected by landslides, flash floods, floods, and inundations in Rio Grande do Sul, along with estimates of their extent categorized by land cover and land use types. Acsess here the <a rel=\"noreferrer noopener\" href=\"https:\/\/brasil.mapbiomas.org\/wp-content\/uploads\/sites\/4\/2024\/06\/STATS-area_afetada_RS_02jun2024.xlsx\" target=\"_blank\">statistics file here<\/a> and access the toolkit with visualization and download of maps (<a href=\"https:\/\/mapbiomas-workspace.earthengine.app\/view\/rio-grande-do-sul-climate-emergency-toolkit\">https:\/\/mapbiomas-workspace.earthengine.app\/view\/rio-grande-do-sul-climate-emergency-toolkit<\/a>). <a href=\"https:\/\/brasil.mapbiomas.org\/wp-content\/uploads\/sites\/4\/2024\/06\/Adicionar-raster-virtual-no-qgis.pdf\" data-type=\"URL\" data-id=\"https:\/\/brasil.mapbiomas.org\/wp-content\/uploads\/sites\/4\/2024\/06\/Adicionar-raster-virtual-no-qgis.pdf\">Orientation file for using the raster on QGIS.<\/a>. (<a href=\"https:\/\/doi.org\/10.58053\/MapBiomas\/1XIXYM\">https:\/\/doi.org\/10.58053\/MapBiomas\/1XIXYM<\/a>)<\/li>\n<\/ul>\n\n\n\n<ul>\n<li><a rel=\"noreferrer noopener\" href=\"https:\/\/brasil.mapbiomas.org\/wp-content\/uploads\/sites\/4\/2024\/05\/Nota-Explicativa-Desmatamento-Pampa-v.31.05.2024.pdf\" target=\"_blank\">Explanatory Note on Deforestation in the Pampa biome<\/a> \u2013 Annual Deforestation Report (RAD 2023) (31.05.2024 only in Portuguese) - Presents data on deforestation from RAD2023 and the loss of grassland vegetation in Pampa, in addition to deforestation detection systems in the biome.<a href=\"https:\/\/doi.org\/10.58053\/MapBiomas\/81FW21\">https:\/\/doi.org\/10.58053\/MapBiomas\/81FW21<\/a>)<\/li>\n<\/ul>\n\n\n\n<ul>\n<li><a href=\"https:\/\/brasil.mapbiomas.org\/wp-content\/uploads\/sites\/4\/2024\/02\/FACT_MapBiomas_nota_21022024.pdf\">Technical Note on the severe drought in the state of Amazonas in September 2023 (22.02.2024 - Only in Portuguese)<\/a> - Presents data on the drought in the state of Amazonas in September 2023. (<a href=\"https:\/\/doi.org\/10.58053\/MapBiomas\/HNDBJM\">https:\/\/doi.org\/10.58053\/MapBiomas\/HNDBJM<\/a>)<\/li>\n<\/ul>\n\n\n\n<ul>\n<li><a rel=\"noreferrer noopener\" href=\"https:\/\/brasil.mapbiomas.org\/wp-content\/uploads\/sites\/4\/2024\/01\/Nota-Tecnica-BAP-25.01.24.pdf\" target=\"_blank\">Technical Note on the Conservation of the Plain and Plateau in the Upper Paraguay River Basin (25.01.2024 - only in Portuguese)<\/a>  - Presents data on the liability and surplus of native vegetation in Legal Reserves on rural properties in the lowlands (Pantanal) and highlands, as well as in the biomes, in the BAP and in the state of Mato Grosso do Sul.<a href=\"https:\/\/doi.org\/10.58053\/MapBiomas\/U38KPX\">https:\/\/doi.org\/10.58053\/MapBiomas\/U38KPX<\/a>)<\/li>\n<\/ul>\n\n\n\n<p><strong>2023<\/strong><\/p>\n\n\n\n<ul>\n<li><a rel=\"noreferrer noopener\" href=\"https:\/\/brasil.mapbiomas.org\/wp-content\/uploads\/sites\/4\/2023\/10\/Nota-Tecnica-Desmatamento-em-Santa-Catarina-04.10.2023.pdf\" target=\"_blank\">Technical Note on the deforestation in the state of Santa Catarina (04.10.2023 - only in Portuguese)<\/a> \u2013 Presents a profile of deforestation in the state of Santa Catarina for the period from 2019 to 2023 by size classes of deforestation events.<a href=\"https:\/\/doi.org\/10.58053\/MapBiomas\/C9SV4D\">https:\/\/doi.org\/10.58053\/MapBiomas\/C9SV4D<\/a>)<\/li>\n<\/ul>\n\n\n\n<ul>\n<li><a href=\"https:\/\/brasil.mapbiomas.org\/wp-content\/uploads\/sites\/4\/2023\/08\/Nota_Tecnica_Urbanizacao_Litoral_Norte_SP_27.02.2023.pdf\">Technical Note on Analysis of the expansion of urbanized areas on the north coast of S\u00e3o Paulo (27.02.2023 - only in portuguese)&nbsp;<\/a>- Presents analyzes of the increase in the urbanized area from 1985 to 2021 in the municipalities on the North Coast of S\u00e3o Paulo affected by a large volume of rain between February 18 and 19, 2023.<a href=\"https:\/\/doi.org\/10.58053\/MapBiomas\/O0OBJE\">https:\/\/doi.org\/10.58053\/MapBiomas\/O0OBJE<\/a>)<\/li>\n<\/ul>\n\n\n\n<p><strong>2022<\/strong><\/p>\n\n\n\n<ul>\n<li><a href=\"https:\/\/brasil.mapbiomas.org\/wp-content\/uploads\/sites\/4\/2023\/08\/Nota_tecnica_Ocupacao_urbana_em_torno_de_corpos_hidricos_no_Brasil_v010822_1.pdf\">Technical Note on urban occupation around water bodies in Brazil (01.08.2022 - only in portuguese)<\/a>&nbsp;- Presents analyzes of the areas occupied and not occupied by urbanization in the marginal range of 30 m of urban water bodies between 1985 and 2020 in Brazil (which correspond to the minimum range of APP provided for in the Forest Code).<a href=\"https:\/\/doi.org\/10.58053\/MapBiomas\/ZLS3BH\">https:\/\/doi.org\/10.58053\/MapBiomas\/ZLS3BH<\/a>)<\/li>\n<\/ul>\n\n\n\n<ul>\n<li><a href=\"https:\/\/brasil.mapbiomas.org\/wp-content\/uploads\/sites\/4\/2023\/08\/Nota_Tecnica_UE_07.07.2022.pdf\">Nota T\u00e9cnica Potential impacts of due diligence criteria on the protection of threatened South American non-forest natural ecosystems (vers\u00e3o atualizada 07.07.2022)<\/a>&nbsp;- presents an evaluation of natural ecosystems in South Amercia that would not be protected by the  european regulation proposal  against imported products from deforestated areas if the FAO forestry definition would have been used as criterion.  (<a href=\"https:\/\/doi.org\/10.58053\/MapBiomas\/A71EKC\">https:\/\/doi.org\/10.58053\/MapBiomas\/A71EKC<\/a>)<\/li>\n<\/ul>\n\n\n\n<ul>\n<li><a href=\"https:\/\/brasil.mapbiomas.org\/wp-content\/uploads\/sites\/4\/2023\/08\/Nota_Tecnica_-_Sedimentos_Rio_Tapajos-5.pdf\">Technical note on sendiment suspension on Tapaj\u00f3s Basin (01.24.2022)<\/a>&nbsp;- Presents analyzes on possible causes for the increase of sediments on Tapaj\u00f3s River Basin in Par\u00e1 State. (<a href=\"https:\/\/doi.org\/10.58053\/MapBiomas\/YENT41\">https:\/\/doi.org\/10.58053\/MapBiomas\/YENT41<\/a>)<\/li>\n<\/ul>\n\n\n\n<p><strong>2021<\/strong><\/p>\n\n\n\n<ul>\n<li><a href=\"https:\/\/brasil.mapbiomas.org\/wp-content\/uploads\/sites\/4\/2023\/08\/Nota_Tecnica_sobre_Garimpo_Rio_Madeira_01.12.2021.pdf\">Technical note on mining in the Madeira River (12.01.2021)<\/a>&nbsp;- presents the viability of remotely detection and monitoring of mining raft boats on Madeira River in the Brazilian Amazon. (<a href=\"https:\/\/doi.org\/10.58053\/MapBiomas\/OEOSDG\">https:\/\/doi.org\/10.58053\/MapBiomas\/OEOSDG<\/a>)<\/li>\n<\/ul>\n\n\n\n<p><strong>2020<\/strong><\/p>\n\n\n\n<ul>\n<li><a href=\"https:\/\/brasil.mapbiomas.org\/wp-content\/uploads\/sites\/4\/2023\/08\/Nota-Tecnica-Mata-Atlantica-despacho-4.410_2020-do-MMA.pdf\" data-type=\"URL\" data-id=\"https:\/\/staging-brasil.mapbiomas.org\/wp-content\/uploads\/sites\/4\/2023\/08\/Nota-Tecnica-Mata-Atlantica-despacho-4.410_2020-do-MMA.pdf\">Nota T\u00e9cnica sobre o Impacto do Despacho n. 4410\/2020 do Minist\u00e9rio do Meio Ambiente<\/a>&nbsp;&#8211;&nbsp;Estima quantitativamente o impacto do Despacho no 4.410\/2020 do Minist\u00e9rio do Meio Ambiente (MMA) no total de \u00e1reas degradadas a serem recuperadas na Mata Atl\u00e2ntica. (<a href=\"https:\/\/doi.org\/10.58053\/MapBiomas\/V0GWI0\">https:\/\/doi.org\/10.58053\/MapBiomas\/V0GWI0<\/a>)<\/li>\n<\/ul>\n\n\n\n<ul>\n<li><a href=\"https:\/\/brasil.mapbiomas.org\/wp-content\/uploads\/sites\/4\/2023\/08\/Nota_Tecnica_MapBiomas_Pastagem.pdf\">Technical note on pasture mapping (06.12.2020)<\/a>&nbsp;-- Clarifies questions raised on the mapping of pastures areas made by MapBiomas and the differences for others estimates of pasture areas in Brazil . (<a href=\"https:\/\/doi.org\/10.58053\/MapBiomas\/86OHHF\">https:\/\/doi.org\/10.58053\/MapBiomas\/86OHHF<\/a>)<\/li>\n<\/ul>","protected":false},"excerpt":{"rendered":"<p>Publica\u00e7\u00f5es e Notas T\u00e9cnicas do Projeto MapBiomas em aten\u00e7\u00e3o a quest\u00f5es espec\u00edficas. 2026 2025 2024 2023 2022 2021 2020<\/p>","protected":false},"author":2,"featured_media":0,"parent":0,"menu_order":0,"comment_status":"closed","ping_status":"closed","template":"","meta":{"_uag_custom_page_level_css":""},"acf":[],"uagb_featured_image_src":{"full":false,"thumbnail":false,"medium":false,"medium_large":false,"large":false,"1536x1536":false,"2048x2048":false,"trp-custom-language-flag":false,"infographic":false,"team":false},"uagb_author_info":{"display_name":"Adriel Fernandes","author_link":"https:\/\/brasil.mapbiomas.org\/en\/author\/adriel-fernandes\/"},"uagb_comment_info":0,"uagb_excerpt":"Publica\u00e7\u00f5es e Notas T\u00e9cnicas do Projeto MapBiomas em aten\u00e7\u00e3o a quest\u00f5es espec\u00edficas. 2026 2025 2024 2023 2022 2021 2020","_links":{"self":[{"href":"https:\/\/brasil.mapbiomas.org\/en\/wp-json\/wp\/v2\/pages\/897"}],"collection":[{"href":"https:\/\/brasil.mapbiomas.org\/en\/wp-json\/wp\/v2\/pages"}],"about":[{"href":"https:\/\/brasil.mapbiomas.org\/en\/wp-json\/wp\/v2\/types\/page"}],"author":[{"embeddable":true,"href":"https:\/\/brasil.mapbiomas.org\/en\/wp-json\/wp\/v2\/users\/2"}],"replies":[{"embeddable":true,"href":"https:\/\/brasil.mapbiomas.org\/en\/wp-json\/wp\/v2\/comments?post=897"}],"version-history":[{"count":65,"href":"https:\/\/brasil.mapbiomas.org\/en\/wp-json\/wp\/v2\/pages\/897\/revisions"}],"predecessor-version":[{"id":8508,"href":"https:\/\/brasil.mapbiomas.org\/en\/wp-json\/wp\/v2\/pages\/897\/revisions\/8508"}],"wp:attachment":[{"href":"https:\/\/brasil.mapbiomas.org\/en\/wp-json\/wp\/v2\/media?parent=897"}],"curies":[{"name":"wp","href":"https:\/\/api.w.org\/{rel}","templated":true}]}}