{"id":894,"date":"2023-08-17T16:44:25","date_gmt":"2023-08-17T16:44:25","guid":{"rendered":"https:\/\/staging-brasil.mapbiomas.org\/?page_id=894"},"modified":"2024-01-16T11:38:39","modified_gmt":"2024-01-16T11:38:39","slug":"relatorios","status":"publish","type":"page","link":"https:\/\/brasil.mapbiomas.org\/en\/relatorios\/","title":{"rendered":"Reports"},"content":{"rendered":"<p>Here we share the Independent Evaluation Reports of MapBiomas Project from 2015 to 2018 and 2019 to 2022. We also share MapBiomas coordination response documents to the reports.<\/p>","protected":false},"excerpt":{"rendered":"<p>Here we share the Independent Evaluation Reports of MapBiomas Project from 2015 to 2018 and 2019 to 2022. We also share MapBiomas coordination response documents to the reports.<\/p>","protected":false},"author":2,"featured_media":0,"parent":0,"menu_order":0,"comment_status":"closed","ping_status":"closed","template":"page_report.php","meta":{"_uag_custom_page_level_css":""},"acf":[],"uagb_featured_image_src":{"full":false,"thumbnail":false,"medium":false,"medium_large":false,"large":false,"1536x1536":false,"2048x2048":false,"trp-custom-language-flag":false,"infographic":false,"team":false},"uagb_author_info":{"display_name":"Adriel Fernandes","author_link":"https:\/\/brasil.mapbiomas.org\/en\/author\/adriel-fernandes\/"},"uagb_comment_info":0,"uagb_excerpt":"Aqui compartilhamos os Relat\u00f3rios de Avalia\u00e7\u00e3o Independente do projeto MapBiomas de 2015 a 2018 e 2019 a 2022. Compartilhamos tamb\u00e9m os documentos de resposta da coordena\u00e7\u00e3o do MapBiomas aos relat\u00f3rios.","_links":{"self":[{"href":"https:\/\/brasil.mapbiomas.org\/en\/wp-json\/wp\/v2\/pages\/894"}],"collection":[{"href":"https:\/\/brasil.mapbiomas.org\/en\/wp-json\/wp\/v2\/pages"}],"about":[{"href":"https:\/\/brasil.mapbiomas.org\/en\/wp-json\/wp\/v2\/types\/page"}],"author":[{"embeddable":true,"href":"https:\/\/brasil.mapbiomas.org\/en\/wp-json\/wp\/v2\/users\/2"}],"replies":[{"embeddable":true,"href":"https:\/\/brasil.mapbiomas.org\/en\/wp-json\/wp\/v2\/comments?post=894"}],"version-history":[{"count":3,"href":"https:\/\/brasil.mapbiomas.org\/en\/wp-json\/wp\/v2\/pages\/894\/revisions"}],"predecessor-version":[{"id":3571,"href":"https:\/\/brasil.mapbiomas.org\/en\/wp-json\/wp\/v2\/pages\/894\/revisions\/3571"}],"wp:attachment":[{"href":"https:\/\/brasil.mapbiomas.org\/en\/wp-json\/wp\/v2\/media?parent=894"}],"curies":[{"name":"wp","href":"https:\/\/api.w.org\/{rel}","templated":true}]}}