{"id":885,"date":"2023-08-17T16:43:09","date_gmt":"2023-08-17T16:43:09","guid":{"rendered":"https:\/\/staging-brasil.mapbiomas.org\/?page_id=885"},"modified":"2026-04-06T10:05:17","modified_gmt":"2026-04-06T13:05:17","slug":"oportunidades","status":"publish","type":"page","link":"https:\/\/brasil.mapbiomas.org\/en\/oportunidades\/","title":{"rendered":"Opportunities"},"content":{"rendered":"<p><strong>Did not find the opportunity you were looking for?<\/strong><\/p>\n\n\n\n<p>You can register in our talent pool!<\/p>\n\n\n\n<p>Registration doesn't guarantee positions, but it opens up future opportunities. <a href=\"https:\/\/forms.gle\/RkjKEfZ8Lxjop91BA\">https:\/\/forms.gle\/RkjKEfZ8Lxjop91BA<\/a>.<\/p>\n\n\n\n<hr class=\"wp-block-separator has-alpha-channel-opacity\" \/>\n\n\n\n<p class=\" translation-block\">Follow our Social media to track MapBiomas news:\n<br>Facebook:\u00a0<a href=\"https:\/\/www.facebook.com\/mapbiomas\" target=\"_blank\" rel=\"noreferrer noopener\">@mapbiomas<\/a><br>Instagram:\u00a0<a href=\"https:\/\/www.instagram.com\/mapbiomasbrasil\" target=\"_blank\" rel=\"noreferrer noopener\">@mapbiomasbrasil<\/a><br>LinkedIn:\u00a0<a href=\"https:\/\/www.linkedin.com\/company\/mapbiomas\/\" target=\"_blank\" rel=\"noreferrer noopener\">@mapbiomas<\/a><br>Twitter:\u00a0<a href=\"https:\/\/twitter.com\/mapbiomas\" target=\"_blank\" rel=\"noreferrer noopener\">@mapbiomas<\/a><br>YouTube:\u00a0<a href=\"https:\/\/www.youtube.com\/mapbiomasbrasil\" target=\"_blank\" rel=\"noreferrer noopener\">@mapbiomasbrasil<\/a><\/p>","protected":false},"excerpt":{"rendered":"<p>N\u00e3o encontrou a vaga que estava procurando? Voc\u00ea pode se cadastrar em nosso banco de talentos! A inscri\u00e7\u00e3o n\u00e3o garante vagas, mas abre oportunidades futuras: https:\/\/forms.gle\/RkjKEfZ8Lxjop91BA. Siga nossas redes sociais para ficar por dentro das novidades do MapBiomas:Facebook:&nbsp;@mapbiomasInstagram:&nbsp;@mapbiomasbrasilLinkedIn:&nbsp;@mapbiomasTwitter:&nbsp;@mapbiomasYouTube:&nbsp;@mapbiomasbrasil<\/p>","protected":false},"author":14,"featured_media":0,"parent":0,"menu_order":0,"comment_status":"closed","ping_status":"closed","template":"","meta":{"_uag_custom_page_level_css":""},"acf":[],"uagb_featured_image_src":{"full":false,"thumbnail":false,"medium":false,"medium_large":false,"large":false,"1536x1536":false,"2048x2048":false,"trp-custom-language-flag":false,"infographic":false,"team":false},"uagb_author_info":{"display_name":"brendon","author_link":"https:\/\/brasil.mapbiomas.org\/en\/author\/brendon\/"},"uagb_comment_info":0,"uagb_excerpt":"N\u00e3o encontrou a vaga que estava procurando? Voc\u00ea pode se cadastrar em nosso banco de talentos! A inscri\u00e7\u00e3o n\u00e3o garante vagas, mas abre oportunidades futuras: https:\/\/forms.gle\/RkjKEfZ8Lxjop91BA. Siga nossas redes sociais para ficar por dentro das novidades do MapBiomas:Facebook:&nbsp;@mapbiomasInstagram:&nbsp;@mapbiomasbrasilLinkedIn:&nbsp;@mapbiomasTwitter:&nbsp;@mapbiomasYouTube:&nbsp;@mapbiomasbrasil","_links":{"self":[{"href":"https:\/\/brasil.mapbiomas.org\/en\/wp-json\/wp\/v2\/pages\/885"}],"collection":[{"href":"https:\/\/brasil.mapbiomas.org\/en\/wp-json\/wp\/v2\/pages"}],"about":[{"href":"https:\/\/brasil.mapbiomas.org\/en\/wp-json\/wp\/v2\/types\/page"}],"author":[{"embeddable":true,"href":"https:\/\/brasil.mapbiomas.org\/en\/wp-json\/wp\/v2\/users\/14"}],"replies":[{"embeddable":true,"href":"https:\/\/brasil.mapbiomas.org\/en\/wp-json\/wp\/v2\/comments?post=885"}],"version-history":[{"count":87,"href":"https:\/\/brasil.mapbiomas.org\/en\/wp-json\/wp\/v2\/pages\/885\/revisions"}],"predecessor-version":[{"id":8610,"href":"https:\/\/brasil.mapbiomas.org\/en\/wp-json\/wp\/v2\/pages\/885\/revisions\/8610"}],"wp:attachment":[{"href":"https:\/\/brasil.mapbiomas.org\/en\/wp-json\/wp\/v2\/media?parent=885"}],"curies":[{"name":"wp","href":"https:\/\/api.w.org\/{rel}","templated":true}]}}