{"id":873,"date":"2023-08-17T16:40:55","date_gmt":"2023-08-17T16:40:55","guid":{"rendered":"https:\/\/staging-brasil.mapbiomas.org\/?page_id=873"},"modified":"2025-08-15T12:57:23","modified_gmt":"2025-08-15T15:57:23","slug":"lancamentos","status":"publish","type":"page","link":"https:\/\/brasil.mapbiomas.org\/en\/lancamentos\/","title":{"rendered":"Collection Launch"},"content":{"rendered":"<p>MapBiomas is continuously developing new products and initiatives. Each year, a new collection of land cover and use maps is released, improved and extending to cover the new period. Alongside this, it also hosts events about the collections, featuring external guests and discussions on the work done and the prospects for land use monitoring and its applications in Brazil. <strong>realiza<\/strong> eventos sobre as cole\u00e7\u00f5es com a participa\u00e7\u00e3o de convidados externos e com discuss\u00f5es sobre o trabalho realizado e as perspectivas de monitoramento do uso da terra e suas aplica\u00e7\u00f5es no Brasil.<\/p>\n<h4>MAPBIOMAS BRASIL \u2013 LAUNCH OF COLLECTION 10<\/h4>\n<p><iframe loading=\"lazy\" title=\"Semin\u00e1rio Anual do MapBiomas 2025 | 40 anos de hist\u00f3ria do Brasil em 10 anos de MapBiomas\" width=\"500\" height=\"281\" src=\"https:\/\/www.youtube.com\/embed\/8FeOgQ8SlMg?feature=oembed\" frameborder=\"0\" allow=\"accelerometer; autoplay; clipboard-write; encrypted-media; gyroscope; picture-in-picture; web-share\" referrerpolicy=\"strict-origin-when-cross-origin\" allowfullscreen><\/iframe><\/p>\n<h4><\/h4>\n<h4>MAPBIOMAS FIRE \u2013 LAUNCH OF COLLECTION 4<\/h4>\n<p>With annual burned area data in Brazil covering the period from 1985 to 2024, this new collection provides a comprehensive and updated view of fire dynamics across all Brazilian biomes over nearly four decades. It contributes to environmental monitoring, management, and the development of public policies aimed at fire prevention and mitigation in the country. The launch event took place on June 24, 2025, in Bras\u00edlia. The full event recording is available on our YouTube channel:<\/p>\n<p><iframe loading=\"lazy\" title=\"Lan\u00e7amento MapBiomas Fogo | Cole\u00e7\u00e3o 4: 40 anos de fogo nos biomas\u00a0brasileiros\" width=\"500\" height=\"281\" src=\"https:\/\/www.youtube.com\/embed\/DGCd-Yx-T7k?feature=oembed\" frameborder=\"0\" allow=\"accelerometer; autoplay; clipboard-write; encrypted-media; gyroscope; picture-in-picture; web-share\" referrerpolicy=\"strict-origin-when-cross-origin\" allowfullscreen><\/iframe><\/p>\n<h4>MAPBIOMAS WATER \u2013 LAUNCH OF COLLECTION 4<\/h4>\n<p>On March 21, the new MapBiomas Water collection was presented, featuring data from 1985 to 2024, along with the basin committee management module. This tool integrates different information to support the governance and management of water resources. Watch the recording:<\/p>\n<p><iframe loading=\"lazy\" title=\"Lan\u00e7amento MapBiomas \u00c1gua Cole\u00e7\u00e3o 4 (1985-2024)\" width=\"500\" height=\"281\" src=\"https:\/\/www.youtube.com\/embed\/ejet5xK8mZ0?feature=oembed\" frameborder=\"0\" allow=\"accelerometer; autoplay; clipboard-write; encrypted-media; gyroscope; picture-in-picture; web-share\" referrerpolicy=\"strict-origin-when-cross-origin\" allowfullscreen><\/iframe><\/p>\n<h4>LAUNCH OF THE RURAL CREDIT MONITOR<\/h4>\n<p>On December 19, 2024, MapBiomas presented its new product, the Rural Credit Monitor. The recording of the launch livestream is available on our YouTube channel:<\/p>\n<p><iframe loading=\"lazy\" title=\"Lan\u00e7amento do Monitor de Cr\u00e9dito Rural | MapBiomas\" width=\"500\" height=\"281\" src=\"https:\/\/www.youtube.com\/embed\/_aMJI6enzqE?feature=oembed\" frameborder=\"0\" allow=\"accelerometer; autoplay; clipboard-write; encrypted-media; gyroscope; picture-in-picture; web-share\" referrerpolicy=\"strict-origin-when-cross-origin\" allowfullscreen><\/iframe><\/p>\n<h4>LAUNCH OF THE URBAN MODULE<\/h4>\n<p>The Urban Module on the MapBiomas platform provides data on urbanization in Brazil. The launch event of the module, held in S\u00e3o Paulo, presented these new data and fostered discussions about the challenges and opportunities in the context of Brazilian cities. Watch the event recording:<\/p>\n<p><iframe loading=\"lazy\" title=\"MapBiomas | Lan\u00e7amento M\u00f3dulo Urbano\" width=\"500\" height=\"281\" src=\"https:\/\/www.youtube.com\/embed\/NBpMI5-ab4A?feature=oembed\" frameborder=\"0\" allow=\"accelerometer; autoplay; clipboard-write; encrypted-media; gyroscope; picture-in-picture; web-share\" referrerpolicy=\"strict-origin-when-cross-origin\" allowfullscreen><\/iframe><\/p>\n<h4><\/h4>\n<h4><\/h4>\n<h4><\/h4>\n<h4>9th Annual MapBiomas Seminar \u2013 Collection 9 Launch<\/h4>\n<p>The MapBiomas Collection 9 data includes 38 years (1985 to 2023) of annual land cover and land use maps of Brazil at a 30-meter scale. Among the updates are the addition of two new classes (flooded forest and oil palm). This collection now features a total of 29 mapped classes, including the new Coral Reefs class. The launch event took place on August 21, 2024, in Bras\u00edlia, and the full video of the event can be viewed below:<\/p>\n<p><iframe loading=\"lazy\" title=\"9th Annual MapBiomas Seminar\" width=\"500\" height=\"281\" src=\"https:\/\/www.youtube.com\/embed\/3EkUzZyhzMI?feature=oembed\" frameborder=\"0\" allow=\"accelerometer; autoplay; clipboard-write; encrypted-media; gyroscope; picture-in-picture; web-share\" referrerpolicy=\"strict-origin-when-cross-origin\" allowfullscreen><\/iframe><\/p>\n<h4>MAPBIOMAS DEGRADATION<\/h4>\n<p>This new Beta Module on Degradation from MapBiomas provides annual data on vector-based native vegetation degradation in Brazil from 1986 to 2021. The data are derived from the annual land cover and use maps of MapBiomas Brazil Collection 8 and the fire scar maps of MapBiomas Fire Collection 2. The launch event took place at the headquarters of the National School of Public Administration (Enap) in Bras\u00edlia, DF, and can be viewed in the video below:<\/p>\n<p><iframe loading=\"lazy\" title=\"Launch of the beta version of the MapBiomas degradation module\" width=\"500\" height=\"281\" src=\"https:\/\/www.youtube.com\/embed\/iHMo2IHzjTY?feature=oembed\" frameborder=\"0\" allow=\"accelerometer; autoplay; clipboard-write; encrypted-media; gyroscope; picture-in-picture; web-share\" referrerpolicy=\"strict-origin-when-cross-origin\" allowfullscreen><\/iframe><\/p>\n<h4>MAPBIOMAS WATER \u2013 COLLECTION 3 LAUNCH<\/h4>\n<p>Esta \u00e9 a terceira cole\u00e7\u00e3o completa do MapBiomas \u00c1gua com o mapeamento da superf\u00edcie de \u00e1gua do Brasil de 1985 a 2023, com dados anuais e mensais para todo o per\u00edodo incluindo: (i) dado no ano e acumulado em um per\u00edodo; (ii) frequ\u00eancia de ocorr\u00eancia; (iii) transi\u00e7\u00f5es (ganhos e perdas); (iv) classifica\u00e7\u00e3o da cobertura do tipo de corpo d\u2019\u00e1gua. O lan\u00e7amento online ocorreu em 26 de junho de 2024, e pode ser assistindo no v\u00eddeo abaixo:<\/p>\n<p><iframe loading=\"lazy\" title=\"Launch of MapBiomas Water Collection 3 (1985-2023)\" width=\"500\" height=\"281\" src=\"https:\/\/www.youtube.com\/embed\/ZR2IXHkn7O0?list=PLhSbg347TRmpkJNt-wo1h7r7KgufM9WTh\" frameborder=\"0\" allow=\"accelerometer; autoplay; clipboard-write; encrypted-media; gyroscope; picture-in-picture; web-share\" referrerpolicy=\"strict-origin-when-cross-origin\" allowfullscreen><\/iframe><\/p>\n<h4>MAPBIOMAS FIRE \u2013 COLLECTION 3 LAUNCH<\/h4>\n<p>Collection 3 of MapBiomas Fire presents the mapping of fire scars in Brazil from 1985 to 2023, with annual and monthly data for the entire period including: (a) Annual fire occurrence, (b) Monthly fire occurrence, (c) Frequency, (d) Accumulated burned area, (e) Scar size, and (f) Year of last fire occurrence. The collection launch event took place on June 18, 2024, in S\u00e3o Paulo \u2013 SP, and can be viewed in the video below:<\/p>\n<p><iframe loading=\"lazy\" title=\"Lan\u00e7amento MapBiomas Fogo Cole\u00e7\u00e3o 3 (1985-2023)\" width=\"500\" height=\"281\" src=\"https:\/\/www.youtube.com\/embed\/wASJQHtiDZ4?feature=oembed\" frameborder=\"0\" allow=\"accelerometer; autoplay; clipboard-write; encrypted-media; gyroscope; picture-in-picture; web-share\" referrerpolicy=\"strict-origin-when-cross-origin\" allowfullscreen><\/iframe><\/p>\n<h4>8TH MAPBIOMAS ANNUAL SEMINAR - COLLECTION 8<\/h4>\n<p>MapBiomas Collection 8 data present 38 years of Brazil's annual land use and land cover maps at a 30 m scale. \nAmong the new features are the inclusion of two new classes (Floodable Forest and palm oil). Thus, this collection has a total of 29 mapped classes. The launch event occurred on August 31th, 2023, in Bras\u00edlia(BR) and can be watched through the video below:<\/p>\n<p><iframe loading=\"lazy\" title=\"8th Annual MapBiomas Seminar\" width=\"500\" height=\"281\" src=\"https:\/\/www.youtube.com\/embed\/znWFJQAxBlM?feature=oembed\" frameborder=\"0\" allow=\"accelerometer; autoplay; clipboard-write; encrypted-media; gyroscope; picture-in-picture; web-share\" referrerpolicy=\"strict-origin-when-cross-origin\" allowfullscreen><\/iframe><\/p>\n<h4>MAPBIOMAS SOIL<\/h4>\n<p>The MapBiomas Soil Beta Collection presents annual maps of soil organic carbon (SOC) in Brazil for the period from 1985 to 2021, developed using field-collected soil sample data available in the SoilData repository (<a href=\"http:\/\/soildata.mapbiomas.org\/\">http:\/\/soildata.mapbiomas.org\/<\/a>) Cross-references with land cover and use data were based on Collection 7.1 of the Annual Land Cover and Use Maps of Brazil series. The launch event took place on June 21, 2023, online, and can be viewed in the video below:<\/p>\n<p><iframe loading=\"lazy\" title=\"Launch of MapBiomas Soil (Beta collection)\" width=\"500\" height=\"281\" src=\"https:\/\/www.youtube.com\/embed\/guTU7SWl9Ig?feature=oembed\" frameborder=\"0\" allow=\"accelerometer; autoplay; clipboard-write; encrypted-media; gyroscope; picture-in-picture; web-share\" referrerpolicy=\"strict-origin-when-cross-origin\" allowfullscreen><\/iframe><\/p>\n<h4>MAPBIOMAS FIRE \u2013 COLLECTION 2 LAUNCH<\/h4>\n<p>The data from MapBiomas Fire Collection 2 present the impacts of fire on the national territory from 1985 to 2022. During this period, Brazil burned an area equivalent to the combined size of Colombia and Chile. The collection launch event took place on April 26, 2023, at IBAMA headquarters in Bras\u00edlia \u2013 DF, and can be viewed below:<\/p>\n<p><iframe loading=\"lazy\" title=\"\ud83d\udd25Lan\u00e7amento MapBiomas Fogo Cole\u00e7\u00e3o 2\" width=\"500\" height=\"281\" src=\"https:\/\/www.youtube.com\/embed\/iyQf61Bxg0s?feature=oembed\" frameborder=\"0\" allow=\"accelerometer; autoplay; clipboard-write; encrypted-media; gyroscope; picture-in-picture; web-share\" referrerpolicy=\"strict-origin-when-cross-origin\" allowfullscreen><\/iframe><\/p>\n<h4><\/h4>\n<h4>7TH MAPBIOMAS ANNUAL SEMINAR - COLLECTION 7<\/h4>\n<p>MapBiomas Collection 7 data present 37 years of Brazil's annual land use and land cover maps at a 30 m scale. This collection has 27 land use classes mapped. The launch event occurred on August 26th in Bras\u00edlia(BR) and can be watched through the video below:<\/p>\n<p><iframe loading=\"lazy\" title=\"7th Annual MapBiomas Seminar\" width=\"500\" height=\"281\" src=\"https:\/\/www.youtube.com\/embed\/Nk4pWYf53X4?feature=oembed\" frameborder=\"0\" allow=\"accelerometer; autoplay; clipboard-write; encrypted-media; gyroscope; picture-in-picture; web-share\" referrerpolicy=\"strict-origin-when-cross-origin\" allowfullscreen><\/iframe><\/p>\n<h4>6TH MAPBIOMAS ANNUAL SEMINAR - COLLECTION 6<\/h4>\n<p>The MapBiomas Collection 6 data present the 36 years (1985 to 2020) of Brazil's annual land use and cover maps at a 30 m scale with improvements in biome accuracy and new agriculture classes. In this collection, the new IBGE limit of 1:250,000 scale biomes has already been used and has 25 mapped classes. The launch event took place on August 27, 2021, and can be seen in full below.<\/p>\n<p><iframe loading=\"lazy\" title=\"Brasil 1985-2020: As transforma\u00e7\u00f5es do territ\u00f3rio brasileiro nos \u00faltimos 36 anos (Cole\u00e7\u00e3o 6)\" width=\"500\" height=\"281\" src=\"https:\/\/www.youtube.com\/embed\/KcDpfkPVtq4?feature=oembed\" frameborder=\"0\" allow=\"accelerometer; autoplay; clipboard-write; encrypted-media; gyroscope; picture-in-picture; web-share\" referrerpolicy=\"strict-origin-when-cross-origin\" allowfullscreen><\/iframe><\/p>\n<h4>MAPBIOMAS WATER \u2013 COLLECTION 1 LAUNCH<\/h4>\n<p>Where is the water that was here? Data from Collection 1 of MapBiomas \u00c1gua presents the analysis of satellite images of the entire national territory between 1985 and 2020 and indicates a clear trend of loss of surface water in all hydrographic regions, in all biomes of the country. Check out the event below:<\/p>\n<p><iframe loading=\"lazy\" title=\"Brasil Revelado 1985-2020: A din\u00e2mica da superf\u00edcie de \u00e1gua no territ\u00f3rio brasileiro\" width=\"500\" height=\"281\" src=\"https:\/\/www.youtube.com\/embed\/BaPgUiuE5ns?feature=oembed\" frameborder=\"0\" allow=\"accelerometer; autoplay; clipboard-write; encrypted-media; gyroscope; picture-in-picture; web-share\" referrerpolicy=\"strict-origin-when-cross-origin\" allowfullscreen><\/iframe><\/p>\n<h4>MAPBIOMAS FIRE \u2013 COLLECTION 1 LAUNCH<\/h4>\n<p>Data from Collection 1 of MapBiomas Fogo present the impacts of fire on the national territory over 36 years (1985 and 2020). In each of these years, Brazil burned an area larger than England: 150,957 km\u00b2 per year, or 1.8% of the country. The accumulated for the period reaches practically a fifth of the national territory: 1,672,142 km\u00b2, or 19.6% of Brazil, with 65% of the total burned area being native vegetation. The event can be seen below:<\/p>\n<p><iframe loading=\"lazy\" title=\"MapBiomas Fire\" width=\"500\" height=\"281\" src=\"https:\/\/www.youtube.com\/embed\/oV8cQ-ExTrc?feature=oembed\" frameborder=\"0\" allow=\"accelerometer; autoplay; clipboard-write; encrypted-media; gyroscope; picture-in-picture; web-share\" referrerpolicy=\"strict-origin-when-cross-origin\" allowfullscreen><\/iframe><\/p>\n<h4>5TH MAPBIOMAS ANNUAL SEMINAR - COLLECTION 5<\/h4>\n<p>On August 28, 2020, during the 5th Annual MapBiomas Seminar: Revealing land use in Brazil with science and transparency, Collection 5 of the annual maps of land cover and land use in Brazil was launched. Among the novelties of Collection 5 are deforestation and regeneration data, such as the rate of loss of native vegetation by biome and views of the territories where, proportionally, there is more secondary vegetation. The event was online and can be seen below:<\/p>\n<p><iframe loading=\"lazy\" title=\"Lan\u00e7amento da Cole\u00e7\u00e3o 5 (1985-2019)\" width=\"500\" height=\"281\" src=\"https:\/\/www.youtube.com\/embed\/Ujyiwa4POfc?feature=oembed\" frameborder=\"0\" allow=\"accelerometer; autoplay; clipboard-write; encrypted-media; gyroscope; picture-in-picture; web-share\" referrerpolicy=\"strict-origin-when-cross-origin\" allowfullscreen><\/iframe><\/p>\n<h4>4TH MAPBIOMAS ANNUAL SEMINAR - COLLECTION 4<\/h4>\n<p>At the 4th Annual MapBiomas Seminar on August 29 in Brasilia, Collection 4 of Brazil's annual land use and land cover maps was launched. It presented the release of unpublished deforestation and regeneration data for all Brazilian biomes in the last three decades mapped by the MapBiomas initiative.<\/p>\n<p><iframe loading=\"lazy\" title=\"4\u00ba Semin\u00e1rio Anual do MapBiomas\" width=\"500\" height=\"281\" src=\"https:\/\/www.youtube.com\/embed\/wc_k0qot7vM?feature=oembed\" frameborder=\"0\" allow=\"accelerometer; autoplay; clipboard-write; encrypted-media; gyroscope; picture-in-picture; web-share\" referrerpolicy=\"strict-origin-when-cross-origin\" allowfullscreen><\/iframe><\/p>\n<h4>3RD MAPBIOMAS ANNUAL SEMINAR - COLLECTION 3<\/h4>\n<p>On August 17th, 2018, the MapBiomas Collection 3 was launched at the 3rd MapBiomas Annual Seminar: Three Decades of Transformation of Brazilian Territory, which occurred in Brasilia. In the third collection of land cover and land use maps, MapBiomas doubled the length of the period, covering all the years from 1985 to 2017. MapBiomas team and invited specialists presented new data and discussed their applications for public policy.<\/p>\n<p><iframe loading=\"lazy\" title=\"III SEMIN\u00c1RIO ANUAL DO MAPBIOMAS: Tr\u00eas d\u00e9cadas de transforma\u00e7\u00f5es do territ\u00f3rio brasileiro\" width=\"500\" height=\"281\" src=\"https:\/\/www.youtube.com\/embed\/3icm9jwtu-k?feature=oembed\" frameborder=\"0\" allow=\"accelerometer; autoplay; clipboard-write; encrypted-media; gyroscope; picture-in-picture; web-share\" referrerpolicy=\"strict-origin-when-cross-origin\" allowfullscreen><\/iframe><\/p>\n<h4>2ND MAPBIOMAS ANNUAL SEMINAR - COLLECTION 2<\/h4>\n<p>The MapBiomas Collection 2 was launched in the 2nd Annual Seminar of MapBiomas: Transformations in Brazilian Territory in the 21st Century, on April 28, 2017, in Brasilia. This seminar presented to the technical\/scientific community and public policy makers the land cover and land use annual maps from 2000 to 2016, methods and tools of MapBiomas, and its applications in understanding the transformations of the territory and its economic impacts, social and environmental.<\/p>\n<p><iframe loading=\"lazy\" title=\"2\u00ba Semin\u00e1rio Anual MapBiomas - \u00cdntegra\" width=\"500\" height=\"281\" src=\"https:\/\/www.youtube.com\/embed\/g9a_IzUbG68?list=PLhSbg347TRmr2OLfVIe6wzikdQ6zVuY9y\" frameborder=\"0\" allow=\"accelerometer; autoplay; clipboard-write; encrypted-media; gyroscope; picture-in-picture; web-share\" referrerpolicy=\"strict-origin-when-cross-origin\" allowfullscreen><\/iframe><\/p>\n<h4>1ST MAPBIOMAS ANNUAL SEMINAR - COLLECTION 1<\/h4>\n<p>In the 1st MapBiomas Annual Seminar, Collection 1 was launched with the land cover and land use maps from 2008 to 2015 of the entire national territory produced with Landsat images. Collection 1 was released on April 29, 2016, in Brasilia, and it was an opportunity to present to the technical and scientific community the results, methods, and tools used in MapBiomas' first collection of maps. It was also an opportunity to receive criticism, suggestions, and contributions for its improvements and evolution.<\/p>\n<p><iframe loading=\"lazy\" title=\"Apresenta\u00e7\u00e3o da 1\u00aa Cole\u00e7\u00e3o do MapBiomas\" width=\"500\" height=\"281\" src=\"https:\/\/www.youtube.com\/embed\/UDobZ3oB5TY?feature=oembed\" frameborder=\"0\" allow=\"accelerometer; autoplay; clipboard-write; encrypted-media; gyroscope; picture-in-picture; web-share\" referrerpolicy=\"strict-origin-when-cross-origin\" allowfullscreen><\/iframe><\/p>\n<h4>MAPBIOMAS TECHNICAL SEMINAR - COLLECTION BETA<\/h4>\n<p>On November 26, 2015, the MapBiomas web platform was launched. This first MapBiomas seminar presented the open and collaborative platform created to generate the maps and the first pilot and experimental series of land cover mapping for the period of 2008 to 2015 for the entire country.<\/p>","protected":false},"excerpt":{"rendered":"<p>O MapBiomas est\u00e1 em constante desenvolvimento de novos produtos e iniciativas. A cada ano \u00e9 lan\u00e7ada uma nova cole\u00e7\u00e3o de mapas de cobertura e uso da terra, aprimorada e com extens\u00e3o do novo per\u00edodo correspondente. Aliado a tudo isso, tamb\u00e9m realiza eventos sobre as cole\u00e7\u00f5es com a participa\u00e7\u00e3o de convidados externos e com discuss\u00f5es sobre [&hellip;]<\/p>","protected":false},"author":2,"featured_media":0,"parent":0,"menu_order":0,"comment_status":"closed","ping_status":"closed","template":"","meta":{"_uag_custom_page_level_css":""},"acf":[],"uagb_featured_image_src":{"full":false,"thumbnail":false,"medium":false,"medium_large":false,"large":false,"1536x1536":false,"2048x2048":false,"trp-custom-language-flag":false,"infographic":false,"team":false},"uagb_author_info":{"display_name":"Adriel Fernandes","author_link":"https:\/\/brasil.mapbiomas.org\/en\/author\/adriel-fernandes\/"},"uagb_comment_info":0,"uagb_excerpt":"O MapBiomas est\u00e1 em constante desenvolvimento de novos produtos e iniciativas. A cada ano \u00e9 lan\u00e7ada uma nova cole\u00e7\u00e3o de mapas de cobertura e uso da terra, aprimorada e com extens\u00e3o do novo per\u00edodo correspondente. Aliado a tudo isso, tamb\u00e9m realiza eventos sobre as cole\u00e7\u00f5es com a participa\u00e7\u00e3o de convidados externos e com discuss\u00f5es sobre&hellip;","_links":{"self":[{"href":"https:\/\/brasil.mapbiomas.org\/en\/wp-json\/wp\/v2\/pages\/873"}],"collection":[{"href":"https:\/\/brasil.mapbiomas.org\/en\/wp-json\/wp\/v2\/pages"}],"about":[{"href":"https:\/\/brasil.mapbiomas.org\/en\/wp-json\/wp\/v2\/types\/page"}],"author":[{"embeddable":true,"href":"https:\/\/brasil.mapbiomas.org\/en\/wp-json\/wp\/v2\/users\/2"}],"replies":[{"embeddable":true,"href":"https:\/\/brasil.mapbiomas.org\/en\/wp-json\/wp\/v2\/comments?post=873"}],"version-history":[{"count":37,"href":"https:\/\/brasil.mapbiomas.org\/en\/wp-json\/wp\/v2\/pages\/873\/revisions"}],"predecessor-version":[{"id":7357,"href":"https:\/\/brasil.mapbiomas.org\/en\/wp-json\/wp\/v2\/pages\/873\/revisions\/7357"}],"wp:attachment":[{"href":"https:\/\/brasil.mapbiomas.org\/en\/wp-json\/wp\/v2\/media?parent=873"}],"curies":[{"name":"wp","href":"https:\/\/api.w.org\/{rel}","templated":true}]}}