{"id":8624,"date":"2026-04-10T14:46:43","date_gmt":"2026-04-10T17:46:43","guid":{"rendered":"https:\/\/brasil.mapbiomas.org\/?page_id=8624"},"modified":"2026-04-10T15:06:56","modified_gmt":"2026-04-10T18:06:56","slug":"mapbiomas-user-summit-2026","status":"publish","type":"page","link":"https:\/\/brasil.mapbiomas.org\/en\/mapbiomas-user-summit-2026\/","title":{"rendered":"MapBiomas User Summit 2026"},"content":{"rendered":"<figure class=\"wp-block-gallery has-nested-images columns-default is-cropped wp-block-gallery-1 is-layout-flex\">\n<figure class=\"wp-block-image size-full\"><img decoding=\"async\" loading=\"lazy\" width=\"2560\" height=\"1706\" data-id=\"8644\"  src=\"https:\/\/brasil.mapbiomas.org\/wp-content\/uploads\/sites\/4\/2026\/04\/WhatsApp-Image-2026-04-10-at-12.56.32.jpeg\" alt=\"\" class=\"wp-image-8644\" srcset=\"https:\/\/brasil.mapbiomas.org\/wp-content\/uploads\/sites\/4\/2026\/04\/WhatsApp-Image-2026-04-10-at-12.56.32.jpeg 2560w, https:\/\/brasil.mapbiomas.org\/wp-content\/uploads\/sites\/4\/2026\/04\/WhatsApp-Image-2026-04-10-at-12.56.32-300x200.jpeg 300w, https:\/\/brasil.mapbiomas.org\/wp-content\/uploads\/sites\/4\/2026\/04\/WhatsApp-Image-2026-04-10-at-12.56.32-1024x682.jpeg 1024w, https:\/\/brasil.mapbiomas.org\/wp-content\/uploads\/sites\/4\/2026\/04\/WhatsApp-Image-2026-04-10-at-12.56.32-768x512.jpeg 768w, https:\/\/brasil.mapbiomas.org\/wp-content\/uploads\/sites\/4\/2026\/04\/WhatsApp-Image-2026-04-10-at-12.56.32-1536x1024.jpeg 1536w, https:\/\/brasil.mapbiomas.org\/wp-content\/uploads\/sites\/4\/2026\/04\/WhatsApp-Image-2026-04-10-at-12.56.32-2048x1365.jpeg 2048w, https:\/\/brasil.mapbiomas.org\/wp-content\/uploads\/sites\/4\/2026\/04\/WhatsApp-Image-2026-04-10-at-12.56.32-18x12.jpeg 18w\" sizes=\"(max-width: 2560px) 100vw, 2560px\" \/><\/figure>\n<\/figure>\n\n\n\n<p class=\"has-medium-font-size\"><strong>About the Event<\/strong><\/p>\n\n\n\n<p>The <strong>MapBiomas User Summit<\/strong> is the premier gathering for the MapBiomas<strong> user<\/strong> community, centered on collaboration and the sharing of experiences and practical applications of<br>Taking place on <strong>July 7th and 8th, 2026<\/strong>, in S\u00e3o Paulo, the summit brings together researchers, students, professionals, journalists, and public managers to discuss technological innovations\u2014such as the use of Artificial Intelligence\u2014and to strengthen the open data infrastructure for environmental conservation and sustainable development.<\/p>\n\n\n\n<p>More than a technical event, the <strong>MapBiomas User Summit<\/strong> serves as a community catalyst\u2014a space to transform knowledge into <strong>territorial management<\/strong> and environmental impact. We recognize that the value of MapBiomas is only realized when its <strong>data and platforms <\/strong>are actively adopted and utilized, as it is the users who transform information into action.<\/p>\n\n\n\n<p>Therefore, this meeting focuses on promoting direct interaction, <em>networking<\/em> e a <strong>and knowledge exchange<\/strong> among users, encouraging <strong>practical solutions<\/strong> and continuous collaboration to improve data, maps, and platforms. The goal is for every connection and lesson learned to result in <strong>concrete applications and changes for the environment<\/strong>, strengthening the user ecosystem and expanding the network's capacity across different contexts and territories.<\/p>\n\n\n\n<hr class=\"wp-block-separator has-alpha-channel-opacity\" \/>\n\n\n\n<p class=\"has-text-align-left has-medium-font-size\"><strong>Venue, Date, and Times<\/strong><\/p>\n\n\n\n<p><strong>Date:<\/strong> July 7th and 8th, 2026<br><strong>Time:<\/strong> 8:30 AM to 6:00 PM (Full schedule coming so<br><br><strong>Location:<\/strong> Insper<br><strong>City:<\/strong> S\u00e3o Paulo \u2013 SP<\/p>\n\n\n\n<hr class=\"wp-block-separator has-alpha-channel-opacity\" \/>\n\n\n\n<p class=\"has-medium-font-size\"><strong>Registration<\/strong><\/p>\n\n\n\n<figure class=\"wp-block-gallery has-nested-images columns-default is-cropped wp-block-gallery-3 is-layout-flex\">\n<figure class=\"wp-block-image size-large\"><img decoding=\"async\" loading=\"lazy\" width=\"1024\" height=\"682\" data-id=\"8648\"  src=\"https:\/\/brasil.mapbiomas.org\/wp-content\/uploads\/sites\/4\/2026\/04\/WhatsApp-Image-2026-04-10-at-12.57.37-1-1024x682.jpeg\" alt=\"\" class=\"wp-image-8648\" srcset=\"https:\/\/brasil.mapbiomas.org\/wp-content\/uploads\/sites\/4\/2026\/04\/WhatsApp-Image-2026-04-10-at-12.57.37-1-1024x682.jpeg 1024w, https:\/\/brasil.mapbiomas.org\/wp-content\/uploads\/sites\/4\/2026\/04\/WhatsApp-Image-2026-04-10-at-12.57.37-1-300x200.jpeg 300w, https:\/\/brasil.mapbiomas.org\/wp-content\/uploads\/sites\/4\/2026\/04\/WhatsApp-Image-2026-04-10-at-12.57.37-1-768x512.jpeg 768w, https:\/\/brasil.mapbiomas.org\/wp-content\/uploads\/sites\/4\/2026\/04\/WhatsApp-Image-2026-04-10-at-12.57.37-1-1536x1023.jpeg 1536w, https:\/\/brasil.mapbiomas.org\/wp-content\/uploads\/sites\/4\/2026\/04\/WhatsApp-Image-2026-04-10-at-12.57.37-1-18x12.jpeg 18w, https:\/\/brasil.mapbiomas.org\/wp-content\/uploads\/sites\/4\/2026\/04\/WhatsApp-Image-2026-04-10-at-12.57.37-1.jpeg 1600w\" sizes=\"(max-width: 1024px) 100vw, 1024px\" \/><\/figure>\n<\/figure>\n\n\n\n<p>The MapBiomas User Summit is designed for a <strong>diverse audience<\/strong> that utilizes or is interested in territorial and environmental data. The event brings together MapBiomas data users, researchers, students, geotechnology professionals, public managers, and journalists who use this information daily, as well as representatives from traditional communities, the financial sector, civil society organizations, and the private sector.<\/p>\n\n\n\n<p>Registration is open to everyone who fits this profile. However, due to a <strong>limited number of spots<\/strong>, participation in the event will be subject to a selection process.<\/p>\n\n\n\n<p>The event will span two days with a complementary agenda. Therefore, we recommend full participation to get the most out of the programming and proposed activities. Nevertheless, it is possible to register for only one of the days, though we emphasize the importance of attending both.<\/p>\n\n\n\n<div class=\"wp-block-uagb-buttons uagb-buttons__outer-wrap uagb-btn__default-btn uagb-btn-tablet__default-btn uagb-btn-mobile__default-btn uagb-block-5e45cf5a\"><div class=\"uagb-buttons__wrap uagb-buttons-layout-wrap\">\n<div class=\"wp-block-uagb-buttons-child uagb-buttons__outer-wrap uagb-block-8d34c229 wp-block-button\"><div class=\"uagb-button__wrapper\"><a class=\"uagb-buttons-repeater wp-block-button__link\" href=\"https:\/\/forms.gle\/8XTLNYESmDVtnMB47\" rel=\"follow noopener\" target=\"_self\"><div class=\"uagb-button__link\"><strong>Register here. Limited spots available!<\/strong>!<\/div><\/a><\/div><\/div>\n<\/div><\/div>\n\n\n\n<p><br><strong>Important Dates<\/strong><\/p>\n\n\n\n<ul>\n<li>April 10: Registration form released.<\/li>\n\n\n\n<li>May 10: Registration deadline.<\/li>\n\n\n\n<li>June 01: Announcement of registration results (for both attendees and presenters) and request for participation confirmation.<\/li>\n\n\n\n<li>June 08: Final deadline for confirming participation (attendees and presenters<\/li>\n\n\n\n<li>June 15: Instructions and thematic sessions sent to presenters.<\/li>\n\n\n\n<li>July 07 &amp; 08: MapBiomas User Summit 2026.<\/li>\n<\/ul>\n\n\n\n<hr class=\"wp-block-separator has-alpha-channel-opacity\" \/>\n\n\n\n<p class=\"has-medium-font-size\"><strong>What to Expect from the 2026 Edition<\/strong><\/p>\n\n\n\n<figure class=\"wp-block-image size-large is-resized\"><img decoding=\"async\" loading=\"lazy\" src=\"https:\/\/brasil.mapbiomas.org\/wp-content\/uploads\/sites\/4\/2026\/04\/WhatsApp-Image-2026-04-10-at-12.57.37-3-1024x682.jpeg\" alt=\"\" class=\"wp-image-8649\" width=\"1212\" height=\"808\" srcset=\"https:\/\/brasil.mapbiomas.org\/wp-content\/uploads\/sites\/4\/2026\/04\/WhatsApp-Image-2026-04-10-at-12.57.37-3-1024x682.jpeg 1024w, https:\/\/brasil.mapbiomas.org\/wp-content\/uploads\/sites\/4\/2026\/04\/WhatsApp-Image-2026-04-10-at-12.57.37-3-300x200.jpeg 300w, https:\/\/brasil.mapbiomas.org\/wp-content\/uploads\/sites\/4\/2026\/04\/WhatsApp-Image-2026-04-10-at-12.57.37-3-768x512.jpeg 768w, https:\/\/brasil.mapbiomas.org\/wp-content\/uploads\/sites\/4\/2026\/04\/WhatsApp-Image-2026-04-10-at-12.57.37-3-1536x1023.jpeg 1536w, https:\/\/brasil.mapbiomas.org\/wp-content\/uploads\/sites\/4\/2026\/04\/WhatsApp-Image-2026-04-10-at-12.57.37-3-18x12.jpeg 18w, https:\/\/brasil.mapbiomas.org\/wp-content\/uploads\/sites\/4\/2026\/04\/WhatsApp-Image-2026-04-10-at-12.57.37-3.jpeg 1600w\" sizes=\"(max-width: 1212px) 100vw, 1212px\" \/><\/figure>\n\n\n\n<p>The 2026 edition of the MapBiomas User Summit focuses on data communication, innovations, and expanding applications and impacts. It also creates dedicated spaces to resolve technical questions about data and platform usage directly with the MapBiomas team.&nbsp;<\/p>\n\n\n\n<p>Key Highlights of This Edition:<\/p>\n\n\n\n<ul>\n<li><strong>Scientific Data Communication: <\/strong>Sessions dedicated to translating complex information for journalists and decision-makers.<\/li>\n\n\n\n<li><strong>Technological Innovation:<\/strong> Presentations of platform updates, AI tools, and the integration of new Machine Learning algorithms by our teams.<\/li>\n\n\n\n<li><strong>Direct Interaction:<\/strong> The debut of the \"Help Desk\" (Plant\u00e3o de D\u00favidas) featuring specialists and researchers (MapBiomers) for technical support and discussions on methods, data, and platforms.<\/li>\n\n\n\n<li><strong>Recognition of Initiatives: <\/strong>The 9th Edition of the MapBiomas Award ceremony, honoring innovative works that utilize our data infrastructure.<\/li>\n<\/ul>\n\n\n\n<p>The event will also feature new opportunities to engage with the team:<\/p>\n\n\n\n<ul>\n<li>Help Desk with MapBiomers: Dedicated moments to resolve technical questions, discuss data usage, and explore new possibilities with MapBiomas specialists and researchers.<\/li>\n\n\n\n<li>Enhanced Exchange: Increased opportunities for interaction between data users and data producers.<\/li>\n<\/ul>\n\n\n\n<p>The goal is to strengthen not only the technical application of data but also its <strong>capacity to generate understanding, engagement, and transformation<\/strong>.<\/p>\n\n\n\n<hr class=\"wp-block-separator has-alpha-channel-opacity\" \/>\n\n\n\n<p class=\"has-medium-font-size\"><strong>Highlights from the Previous Edition (2025)<\/strong><\/p>\n\n\n\n<figure class=\"wp-block-image size-large is-resized\"><img decoding=\"async\" loading=\"lazy\" src=\"https:\/\/brasil.mapbiomas.org\/wp-content\/uploads\/sites\/4\/2026\/04\/WhatsApp-Image-2026-04-10-at-12.57.37-1024x682.jpeg\" alt=\"\" class=\"wp-image-8650\" width=\"1171\" height=\"780\" srcset=\"https:\/\/brasil.mapbiomas.org\/wp-content\/uploads\/sites\/4\/2026\/04\/WhatsApp-Image-2026-04-10-at-12.57.37-1024x682.jpeg 1024w, https:\/\/brasil.mapbiomas.org\/wp-content\/uploads\/sites\/4\/2026\/04\/WhatsApp-Image-2026-04-10-at-12.57.37-300x200.jpeg 300w, https:\/\/brasil.mapbiomas.org\/wp-content\/uploads\/sites\/4\/2026\/04\/WhatsApp-Image-2026-04-10-at-12.57.37-768x512.jpeg 768w, https:\/\/brasil.mapbiomas.org\/wp-content\/uploads\/sites\/4\/2026\/04\/WhatsApp-Image-2026-04-10-at-12.57.37-1536x1023.jpeg 1536w, https:\/\/brasil.mapbiomas.org\/wp-content\/uploads\/sites\/4\/2026\/04\/WhatsApp-Image-2026-04-10-at-12.57.37-18x12.jpeg 18w, https:\/\/brasil.mapbiomas.org\/wp-content\/uploads\/sites\/4\/2026\/04\/WhatsApp-Image-2026-04-10-at-12.57.37.jpeg 1600w\" sizes=\"(max-width: 1171px) 100vw, 1171px\" \/><\/figure>\n\n\n\n<p>The first edition of the MapBiomas User Summit took place on July 7th and 8th, 2025, at Insper in S\u00e3o Paulo, marking the 10th-anniversary celebrations of MapBiomas.<\/p>\n\n\n\n<p>The event brought together a diverse and engaged community, featuring:<\/p>\n\n\n\n<ul>\n<li><strong>200+ in-person participants<\/strong><\/li>\n\n\n\n<li>Representation from multiple sectors, including government, universities, corporations, and NGOs.<\/li>\n\n\n\n<li><strong>30 oral presentations<\/strong> (\u2018ravinas\u2019 <strong>and 15 poster presentations.<\/strong><\/li>\n\n\n\n<li>Thematic sessions on topics such as:\n<ul>\n<li>Public Policy<\/li>\n\n\n\n<li>Deforestation and Restoration<\/li>\n\n\n\n<li>Fire<\/li>\n\n\n\n<li>Biodiversity<\/li>\n\n\n\n<li>Climate Change<\/li>\n\n\n\n<li>Agriculture and Water<\/li>\n<\/ul>\n<\/li>\n<\/ul>\n\n\n\n<p>The program included inspiring lectures by national and international experts, technical sessions, and the ceremony for the <strong>MapBiomas Award<\/strong>, which recognizes innovative initiatives using MapBiomas data.<\/p>\n\n\n\n<p class=\"has-medium-font-size\"><strong>FAQ<\/strong><\/p>\n\n\n\n<ul>\n<li><strong>Q: Who can participate in the MapBiomas User Summit? A:<\/strong>\n<ul>\n<li><strong>A:<\/strong> The event is aimed at data users, researchers, students, public managers, journalists, civil society representatives, and private sector professionals interested in territorial and environmental data.<\/li>\n<\/ul>\n<\/li>\n\n\n\n<li><strong>Q: Does the event offer support for technical questions?<\/strong>\n<ul>\n<li><strong>A:<\/strong> Yes. In this edition, we have included the \"Help Desk\" (Plant\u00e3o de D\u00favidas) with network specialists and researchers (MapBiomers) to discuss specific applications, classification methods, and platform usage.<\/li>\n<\/ul>\n<\/li>\n\n\n\n<li><strong>Q: How does the selection process for in-person attendance work?<\/strong>\n<ul>\n<li><strong>A:<\/strong> Due to the limited number of spots at the venue, interested parties must complete the registration form between April 10th and May 10th. Applications will undergo a profile review by our organizing team.<\/li>\n<\/ul>\n<\/li>\n\n\n\n<li><strong>Q: Is the data presented at the Summit publicly accessible?<\/strong>\n<ul>\n<li><strong>A:<\/strong> Yes. All MapBiomas data, methods, and codes are open access and use a Creative Commons license, reinforcing our commitment to transparency and open science.<\/li>\n<\/ul>\n<\/li>\n<\/ul>\n\n\n\n<hr class=\"wp-block-separator has-alpha-channel-opacity\" \/>\n\n\n\n<p><strong>Organized by<\/strong><\/p>\n\n\n\n<figure class=\"wp-block-image size-large is-resized\"><img decoding=\"async\" loading=\"lazy\" src=\"https:\/\/brasil.mapbiomas.org\/wp-content\/uploads\/sites\/4\/2026\/04\/logo_Mapbiomas_horizontal-2-1024x263.png\" alt=\"\" class=\"wp-image-8660\" width=\"280\" height=\"71\" srcset=\"https:\/\/brasil.mapbiomas.org\/wp-content\/uploads\/sites\/4\/2026\/04\/logo_Mapbiomas_horizontal-2-1024x263.png 1024w, https:\/\/brasil.mapbiomas.org\/wp-content\/uploads\/sites\/4\/2026\/04\/logo_Mapbiomas_horizontal-2-300x77.png 300w, https:\/\/brasil.mapbiomas.org\/wp-content\/uploads\/sites\/4\/2026\/04\/logo_Mapbiomas_horizontal-2-768x197.png 768w, https:\/\/brasil.mapbiomas.org\/wp-content\/uploads\/sites\/4\/2026\/04\/logo_Mapbiomas_horizontal-2-1536x395.png 1536w, https:\/\/brasil.mapbiomas.org\/wp-content\/uploads\/sites\/4\/2026\/04\/logo_Mapbiomas_horizontal-2-18x5.png 18w, https:\/\/brasil.mapbiomas.org\/wp-content\/uploads\/sites\/4\/2026\/04\/logo_Mapbiomas_horizontal-2.png 2000w\" sizes=\"(max-width: 280px) 100vw, 280px\" \/><\/figure>\n\n\n\n<p><strong>Support<\/strong><\/p>\n\n\n\n<figure class=\"wp-block-image size-full is-resized\"><img decoding=\"async\" loading=\"lazy\" src=\"https:\/\/brasil.mapbiomas.org\/wp-content\/uploads\/sites\/4\/2026\/04\/Logo_Insper.png\" alt=\"\" class=\"wp-image-8653\" width=\"161\" height=\"63\" srcset=\"https:\/\/brasil.mapbiomas.org\/wp-content\/uploads\/sites\/4\/2026\/04\/Logo_Insper.png 250w, https:\/\/brasil.mapbiomas.org\/wp-content\/uploads\/sites\/4\/2026\/04\/Logo_Insper-18x7.png 18w\" sizes=\"(max-width: 161px) 100vw, 161px\" \/><\/figure>\n\n\n\n<h2 class=\"wp-block-heading has-medium-font-size\"><strong>Stay Informed<\/strong><\/h2>\n\n\n\n<p>Follow the latest news:<\/p>\n\n\n\n<ul>\n<li>Website<a href=\"https:\/\/brasil.mapbiomas.org\/en\/\"> https:\/\/brasil.mapbiomas.org\/<\/a><\/li>\n\n\n\n<li>Instagram:<a href=\"https:\/\/www.instagram.com\/mapbiomasbrasil\/\"> https:\/\/www.instagram.com\/mapbiomasbrasil\/<\/a><\/li>\n\n\n\n<li>LinkedIn:<a href=\"https:\/\/www.linkedin.com\/company\/mapbiomas\"> https:\/\/www.linkedin.com\/company\/mapbiomas<\/a><\/li>\n<\/ul>","protected":false},"excerpt":{"rendered":"<p>Sobre o evento O MapBiomas User Summit \u00e9 o principal encontro da comunidade de usu\u00e1rios do MapBiomas, focado na colabora\u00e7\u00e3o e no compartilhamento de experi\u00eancias e&nbsp; aplica\u00e7\u00f5es pr\u00e1ticas de dados e plataformas do MapBiomas.Realizado nos dias 07 e 08 de julho de 2026, em S\u00e3o Paulo, o encontro re\u00fane pesquisadores, estudantes, profissionais, jornalistas e gestores [&hellip;]<\/p>","protected":false},"author":14,"featured_media":0,"parent":0,"menu_order":0,"comment_status":"closed","ping_status":"closed","template":"","meta":{"_uag_custom_page_level_css":""},"acf":[],"uagb_featured_image_src":{"full":false,"thumbnail":false,"medium":false,"medium_large":false,"large":false,"1536x1536":false,"2048x2048":false,"trp-custom-language-flag":false,"infographic":false,"team":false},"uagb_author_info":{"display_name":"brendon","author_link":"https:\/\/brasil.mapbiomas.org\/en\/author\/brendon\/"},"uagb_comment_info":0,"uagb_excerpt":"Sobre o evento O MapBiomas User Summit \u00e9 o principal encontro da comunidade de usu\u00e1rios do MapBiomas, focado na colabora\u00e7\u00e3o e no compartilhamento de experi\u00eancias e&nbsp; aplica\u00e7\u00f5es pr\u00e1ticas de dados e plataformas do MapBiomas.Realizado nos dias 07 e 08 de julho de 2026, em S\u00e3o Paulo, o encontro re\u00fane pesquisadores, estudantes, profissionais, jornalistas e gestores&hellip;","_links":{"self":[{"href":"https:\/\/brasil.mapbiomas.org\/en\/wp-json\/wp\/v2\/pages\/8624"}],"collection":[{"href":"https:\/\/brasil.mapbiomas.org\/en\/wp-json\/wp\/v2\/pages"}],"about":[{"href":"https:\/\/brasil.mapbiomas.org\/en\/wp-json\/wp\/v2\/types\/page"}],"author":[{"embeddable":true,"href":"https:\/\/brasil.mapbiomas.org\/en\/wp-json\/wp\/v2\/users\/14"}],"replies":[{"embeddable":true,"href":"https:\/\/brasil.mapbiomas.org\/en\/wp-json\/wp\/v2\/comments?post=8624"}],"version-history":[{"count":33,"href":"https:\/\/brasil.mapbiomas.org\/en\/wp-json\/wp\/v2\/pages\/8624\/revisions"}],"predecessor-version":[{"id":8683,"href":"https:\/\/brasil.mapbiomas.org\/en\/wp-json\/wp\/v2\/pages\/8624\/revisions\/8683"}],"wp:attachment":[{"href":"https:\/\/brasil.mapbiomas.org\/en\/wp-json\/wp\/v2\/media?parent=8624"}],"curies":[{"name":"wp","href":"https:\/\/api.w.org\/{rel}","templated":true}]}}