{"id":8272,"date":"2026-01-09T17:35:07","date_gmt":"2026-01-09T20:35:07","guid":{"rendered":"https:\/\/brasil.mapbiomas.org\/?page_id=8272"},"modified":"2026-01-09T17:35:07","modified_gmt":"2026-01-09T20:35:07","slug":"monitor-da-recuperacao-dados-para-baixar","status":"publish","type":"page","link":"https:\/\/brasil.mapbiomas.org\/en\/monitor-da-recuperacao-dados-para-baixar\/","title":{"rendered":"Monitor da Recupera\u00e7\u00e3o &#8211; Dados para baixar"},"content":{"rendered":"<p>Baixe os dados do monitor da recupera\u00e7\u00e3o em formato geopackage (.gpkg)  <a href=\"https:\/\/drive.google.com\/uc?id=1wXvtxpI-SdL2Xk0l_nNpVYODhcxIHEvK&amp;export=download\" data-type=\"URL\" data-id=\"https:\/\/drive.google.com\/uc?id=1wXvtxpI-SdL2Xk0l_nNpVYODhcxIHEvK&amp;export=download\">here<\/a>.<\/p>","protected":false},"excerpt":{"rendered":"<p>Baixe os dados do monitor da recupera\u00e7\u00e3o em formato geopackage (.gpkg) aqui.<\/p>","protected":false},"author":13,"featured_media":0,"parent":0,"menu_order":0,"comment_status":"closed","ping_status":"closed","template":"","meta":{"_uag_custom_page_level_css":""},"acf":[],"uagb_featured_image_src":{"full":false,"thumbnail":false,"medium":false,"medium_large":false,"large":false,"1536x1536":false,"2048x2048":false,"trp-custom-language-flag":false,"infographic":false,"team":false},"uagb_author_info":{"display_name":"karoline","author_link":"https:\/\/brasil.mapbiomas.org\/en\/author\/karoline\/"},"uagb_comment_info":0,"uagb_excerpt":"Baixe os dados do monitor da recupera\u00e7\u00e3o em formato geopackage (.gpkg) aqui.","_links":{"self":[{"href":"https:\/\/brasil.mapbiomas.org\/en\/wp-json\/wp\/v2\/pages\/8272"}],"collection":[{"href":"https:\/\/brasil.mapbiomas.org\/en\/wp-json\/wp\/v2\/pages"}],"about":[{"href":"https:\/\/brasil.mapbiomas.org\/en\/wp-json\/wp\/v2\/types\/page"}],"author":[{"embeddable":true,"href":"https:\/\/brasil.mapbiomas.org\/en\/wp-json\/wp\/v2\/users\/13"}],"replies":[{"embeddable":true,"href":"https:\/\/brasil.mapbiomas.org\/en\/wp-json\/wp\/v2\/comments?post=8272"}],"version-history":[{"count":1,"href":"https:\/\/brasil.mapbiomas.org\/en\/wp-json\/wp\/v2\/pages\/8272\/revisions"}],"predecessor-version":[{"id":8273,"href":"https:\/\/brasil.mapbiomas.org\/en\/wp-json\/wp\/v2\/pages\/8272\/revisions\/8273"}],"wp:attachment":[{"href":"https:\/\/brasil.mapbiomas.org\/en\/wp-json\/wp\/v2\/media?parent=8272"}],"curies":[{"name":"wp","href":"https:\/\/api.w.org\/{rel}","templated":true}]}}