{"id":8050,"date":"2025-11-11T09:55:15","date_gmt":"2025-11-11T12:55:15","guid":{"rendered":"https:\/\/brasil.mapbiomas.org\/?page_id=8050"},"modified":"2025-11-11T10:33:03","modified_gmt":"2025-11-11T13:33:03","slug":"metodo-do-modulo-de-risco-climatico","status":"publish","type":"page","link":"https:\/\/brasil.mapbiomas.org\/en\/metodo-do-modulo-de-risco-climatico\/","title":{"rendered":"Climate Risk Module Method"},"content":{"rendered":"<div class=\"wp-block-uagb-advanced-heading uagb-block-988a7d0f\"><h2 class=\"uagb-heading-text\">Introduction<\/h2><\/div>\n\n\n\n<p><br>Collection 1 (BETA) of the Climate Risk Module provides a historical analysis of susceptibility to climate-related risks in Brazil. This BETA version does not include the precipitation trigger analysis, which will be integrated in future versions.<br>Esta metodologia \u00e9 constru\u00edda utilizando diversas entradas-chave, incluindo dados de uso e cobertura da terra da Cole\u00e7\u00e3o 10 do MapBiomas Uso\/Cobertura da Terra.<br>Collection 1 consists of three main datasets, each detailed in this document:<\/p>\n\n\n\n<ul>\n<li>Urban Areas Susceptible to Landslides: A historical time series (1985\u20132023) of landslide susceptibility in urban areas, based on geomorphological and land use factors<\/li>\n\n\n\n<li>Urban Areas Susceptible to Flooding: An analysis of urban areas prone to flooding, inundation, or flash floods, based on topographic and hydrological models.<\/li>\n\n\n\n<li>Water Security Index (ISH) Integration: A layer integrating data from the National Water Agency (ANA) to identify areas where high physical risk intersects with systemic water security vulnerability.<\/li>\n<\/ul>\n\n\n\n<p>Detailed information about the methodology can be found at . <a href=\"https:\/\/brasil.mapbiomas.org\/wp-content\/uploads\/sites\/4\/2025\/11\/ATBD_Climatic_Risk.pdf\" target=\"_blank\" rel=\"noreferrer noopener\">ATDB<\/a>.<\/p>","protected":false},"excerpt":{"rendered":"<p>Introdu\u00e7\u00e3o A Cole\u00e7\u00e3o 1 (BETA) do M\u00f3dulo de Risco Clim\u00e1tico fornece uma an\u00e1lise hist\u00f3rica da suscetibilidade a riscos relacionados ao clima no Brasil. Esta vers\u00e3o BETA n\u00e3o inclui a an\u00e1lise de gatilho de precipita\u00e7\u00e3o que ser\u00e1 integrada nas pr\u00f3ximas vers\u00f5es.Esta metodologia \u00e9 constru\u00edda utilizando diversas entradas-chave, incluindo dados de uso e cobertura da terra da [&hellip;]<\/p>","protected":false},"author":21,"featured_media":0,"parent":0,"menu_order":0,"comment_status":"closed","ping_status":"closed","template":"","meta":{"_uag_custom_page_level_css":""},"acf":[],"uagb_featured_image_src":{"full":false,"thumbnail":false,"medium":false,"medium_large":false,"large":false,"1536x1536":false,"2048x2048":false,"trp-custom-language-flag":false,"infographic":false,"team":false},"uagb_author_info":{"display_name":"Marcos Rosa","author_link":"https:\/\/brasil.mapbiomas.org\/en\/author\/marcosrosa\/"},"uagb_comment_info":0,"uagb_excerpt":"Introdu\u00e7\u00e3o A Cole\u00e7\u00e3o 1 (BETA) do M\u00f3dulo de Risco Clim\u00e1tico fornece uma an\u00e1lise hist\u00f3rica da suscetibilidade a riscos relacionados ao clima no Brasil. Esta vers\u00e3o BETA n\u00e3o inclui a an\u00e1lise de gatilho de precipita\u00e7\u00e3o que ser\u00e1 integrada nas pr\u00f3ximas vers\u00f5es.Esta metodologia \u00e9 constru\u00edda utilizando diversas entradas-chave, incluindo dados de uso e cobertura da terra da&hellip;","_links":{"self":[{"href":"https:\/\/brasil.mapbiomas.org\/en\/wp-json\/wp\/v2\/pages\/8050"}],"collection":[{"href":"https:\/\/brasil.mapbiomas.org\/en\/wp-json\/wp\/v2\/pages"}],"about":[{"href":"https:\/\/brasil.mapbiomas.org\/en\/wp-json\/wp\/v2\/types\/page"}],"author":[{"embeddable":true,"href":"https:\/\/brasil.mapbiomas.org\/en\/wp-json\/wp\/v2\/users\/21"}],"replies":[{"embeddable":true,"href":"https:\/\/brasil.mapbiomas.org\/en\/wp-json\/wp\/v2\/comments?post=8050"}],"version-history":[{"count":5,"href":"https:\/\/brasil.mapbiomas.org\/en\/wp-json\/wp\/v2\/pages\/8050\/revisions"}],"predecessor-version":[{"id":8058,"href":"https:\/\/brasil.mapbiomas.org\/en\/wp-json\/wp\/v2\/pages\/8050\/revisions\/8058"}],"wp:attachment":[{"href":"https:\/\/brasil.mapbiomas.org\/en\/wp-json\/wp\/v2\/media?parent=8050"}],"curies":[{"name":"wp","href":"https:\/\/api.w.org\/{rel}","templated":true}]}}