{"id":796,"date":"2023-08-17T14:35:51","date_gmt":"2023-08-17T14:35:51","guid":{"rendered":"https:\/\/staging-brasil.mapbiomas.org\/?page_id=796"},"modified":"2023-08-21T14:32:16","modified_gmt":"2023-08-21T14:32:16","slug":"tutoriais","status":"publish","type":"page","link":"https:\/\/brasil.mapbiomas.org\/en\/tutoriais\/","title":{"rendered":"Tutorials"},"content":{"rendered":"<div class=\"row tabs-wrapper\">\n<div id=\"video-tab3\" class=\"col s12 active\">\n<p class=\" translation-block\">Learn how to access the \u00a0<a href=\"https:\/\/plataforma.brasil.mapbiomas.org\/\" target=\"_self\">MapBiomas plataform<\/a>, download collections, add layers of information, browse statistics, create and save maps and much more.<\/p>\n<p><span class=\"panel__video-list__item__title\">MapBiomas Water: Water surface data in Brazil<\/span><\/p>\n<p><iframe loading=\"lazy\" src=\"https:\/\/www.youtube.com\/embed\/De9YtjxWiaM\" width=\"350\" height=\"196\" allowfullscreen=\"allowfullscreen\" data-mce-fragment=\"1\"><\/iframe><\/p>\n<p><span class=\"panel__video-list__item__title\">Getting Started on the MapBiomas Platform (Collection 6)<\/span><\/p>\n<p><iframe loading=\"lazy\" src=\"https:\/\/www.youtube.com\/embed\/j2B9XzYKVFw\" width=\"350\" height=\"196\" allowfullscreen=\"allowfullscreen\" data-mce-fragment=\"1\"><\/iframe><\/p>\n<p><span class=\"panel__video-list__item__title\">MapBiomas Data Access Toolkits (Collection 6)<\/span><\/p>\n<p><iframe loading=\"lazy\" src=\"https:\/\/www.youtube.com\/embed\/OBqaoSuLGbk\" width=\"350\" height=\"196\" allowfullscreen=\"allowfullscreen\" data-mce-fragment=\"1\"><\/iframe><\/p>\n<p><span class=\"panel__video-list__item__title\">How to download MapBiomas data and maps (Collection 6)<\/span><\/p>\n<p><iframe loading=\"lazy\" src=\"https:\/\/www.youtube.com\/embed\/WSRxMDQlKEc\" width=\"350\" height=\"196\" allowfullscreen=\"allowfullscreen\" data-mce-fragment=\"1\"><\/iframe><\/p>\n<p><span class=\"panel__video-list__item__title\">How to download deforestation and regeneration data (Collection 5)<\/span><\/p>\n<p><iframe loading=\"lazy\" src=\"https:\/\/www.youtube.com\/embed\/u6bKg7o2YoU\" width=\"350\" height=\"196\" allowfullscreen=\"allowfullscreen\" data-mce-fragment=\"1\"><\/iframe><\/p>\n<p><span class=\"panel__video-list__item__title\">Deforestation and secondary vegetation data (Collection 5)<\/span><\/p>\n<p><iframe loading=\"lazy\" src=\"https:\/\/www.youtube.com\/embed\/Bka4OiJHLXA\" width=\"350\" height=\"196\" allowfullscreen=\"allowfullscreen\" data-mce-fragment=\"1\"><\/iframe><\/p>\n<p><span class=\"panel__video-list__item__title\">Assessing the accuracy of MapBiomas land use maps (Collection 5)<\/span><\/p>\n<p><iframe loading=\"lazy\" src=\"https:\/\/www.youtube.com\/embed\/Cy5k4wQX0Q0\" width=\"350\" height=\"196\" allowfullscreen=\"allowfullscreen\" data-mce-fragment=\"1\"><\/iframe><\/p>\n<p><span class=\"panel__video-list__item__title\">MapBiomas GitHub (Collection 5)\u00a0<\/span><\/p>\n<p><iframe loading=\"lazy\" src=\"https:\/\/www.youtube.com\/embed\/l2vysURIklY\" width=\"350\" height=\"196\" allowfullscreen=\"allowfullscreen\" data-mce-fragment=\"1\"><\/iframe><\/p>\n<p><span class=\"panel__video-list__item__title\">Pasture quality (Collection 5)<\/span><\/p>\n<p><iframe loading=\"lazy\" src=\"https:\/\/www.youtube.com\/embed\/qbZmSOEarZ4\" width=\"350\" height=\"196\" allowfullscreen=\"allowfullscreen\" data-mce-fragment=\"1\"><\/iframe><\/p>\n<p><span class=\"panel__video-list__item__title\">Irrigation (Collection 5)<\/span><\/p>\n<p><iframe loading=\"lazy\" src=\"https:\/\/www.youtube.com\/embed\/4saS9rEJiuE\" width=\"350\" height=\"196\" allowfullscreen=\"allowfullscreen\" data-mce-fragment=\"1\"><\/iframe><\/p>\n<p><span class=\"panel__video-list__item__title\">Exploring land use transitions (collection 5)<\/span><\/p>\n<p><iframe loading=\"lazy\" src=\"https:\/\/www.youtube.com\/embed\/lyYsXaKbNNw\" width=\"350\" height=\"196\" allowfullscreen=\"allowfullscreen\" data-mce-fragment=\"1\"><\/iframe><\/p>\n<p><span class=\"panel__video-list__item__title\">How to create and save my maps (Collection 5)\u00a0<\/span><\/p>\n<p><iframe loading=\"lazy\" src=\"https:\/\/www.youtube.com\/embed\/pd9HvmmUTvA\" width=\"350\" height=\"196\" allowfullscreen=\"allowfullscreen\" data-mce-fragment=\"1\"><\/iframe><\/p>\n<p><span class=\"panel__video-list__item__title\">How to use the MapBiomas Alerta plugin in QGIS<\/span><\/p>\n<p><iframe loading=\"lazy\" src=\"https:\/\/www.youtube.com\/embed\/WGM260072IU\" width=\"350\" height=\"196\" allowfullscreen=\"allowfullscreen\" data-mce-fragment=\"1\"><\/iframe><\/p>\n<p><span class=\"panel__video-list__item__title\">Solving questions about MapBiomas (Forum and FAQ)\u00a0<\/span><\/p>\n<p><iframe loading=\"lazy\" src=\"https:\/\/www.youtube.com\/embed\/ktmdNN26g90\" width=\"350\" height=\"196\" allowfullscreen=\"allowfullscreen\" data-mce-fragment=\"1\"><\/iframe><\/p>\n<p><span class=\"panel__video-list__item__title\">Navigating land use statistics (Collection 5)<\/span><\/p>\n<p><iframe loading=\"lazy\" src=\"https:\/\/www.youtube.com\/embed\/-QZNN-W930A\" width=\"350\" height=\"196\" allowfullscreen=\"allowfullscreen\" data-mce-fragment=\"1\"><\/iframe><\/p>\n<p><span class=\"panel__video-list__item__title\">Adding layers of information to MapBiomas map (Collection 5)<\/span><\/p>\n<p><iframe loading=\"lazy\" src=\"https:\/\/www.youtube.com\/embed\/D5euua0qFjk\" width=\"350\" height=\"196\" allowfullscreen=\"allowfullscreen\" data-mce-fragment=\"1\"><\/iframe><\/p>\n<\/div>\n<\/div>\n<h5 class=\" translation-block\">SUBSCRIBE TO OUR <a href=\"https:\/\/www.youtube.com\/channel\/UCYXyUt65II43fvpeEJTmXZQ\" target=\"_self\">YOUTUBE CHANNEL<\/a> AND STAY UP TO DATE WITH EVERYTHING THE PROJECT DOES.<\/h5>","protected":false},"excerpt":{"rendered":"<p>Aprenda a acessar a\u00a0plataforma do MapBiomas, fazer download das cole\u00e7\u00f5es, adicionar camadas de informa\u00e7\u00e3o, navegar por estat\u00edsticas, criar e salvar mapas e muito mais. MapBiomas \u00c1gua: dados da superf\u00edcie de \u00e1gua no Brasil Primeiros passos na plataforma do MapBiomas (Cole\u00e7\u00e3o 6) Toolkits de acesso aos dados do MapBiomas (Cole\u00e7\u00e3o 6) Como baixar os dados e [&hellip;]<\/p>","protected":false},"author":2,"featured_media":0,"parent":0,"menu_order":0,"comment_status":"closed","ping_status":"closed","template":"","meta":{"_uag_custom_page_level_css":""},"acf":[],"uagb_featured_image_src":{"full":false,"thumbnail":false,"medium":false,"medium_large":false,"large":false,"1536x1536":false,"2048x2048":false,"trp-custom-language-flag":false,"infographic":false,"team":false},"uagb_author_info":{"display_name":"Adriel Fernandes","author_link":"https:\/\/brasil.mapbiomas.org\/en\/author\/adriel-fernandes\/"},"uagb_comment_info":0,"uagb_excerpt":"Aprenda a acessar a\u00a0plataforma do MapBiomas, fazer download das cole\u00e7\u00f5es, adicionar camadas de informa\u00e7\u00e3o, navegar por estat\u00edsticas, criar e salvar mapas e muito mais. MapBiomas \u00c1gua: dados da superf\u00edcie de \u00e1gua no Brasil Primeiros passos na plataforma do MapBiomas (Cole\u00e7\u00e3o 6) Toolkits de acesso aos dados do MapBiomas (Cole\u00e7\u00e3o 6) Como baixar os dados e&hellip;","_links":{"self":[{"href":"https:\/\/brasil.mapbiomas.org\/en\/wp-json\/wp\/v2\/pages\/796"}],"collection":[{"href":"https:\/\/brasil.mapbiomas.org\/en\/wp-json\/wp\/v2\/pages"}],"about":[{"href":"https:\/\/brasil.mapbiomas.org\/en\/wp-json\/wp\/v2\/types\/page"}],"author":[{"embeddable":true,"href":"https:\/\/brasil.mapbiomas.org\/en\/wp-json\/wp\/v2\/users\/2"}],"replies":[{"embeddable":true,"href":"https:\/\/brasil.mapbiomas.org\/en\/wp-json\/wp\/v2\/comments?post=796"}],"version-history":[{"count":4,"href":"https:\/\/brasil.mapbiomas.org\/en\/wp-json\/wp\/v2\/pages\/796\/revisions"}],"predecessor-version":[{"id":1009,"href":"https:\/\/brasil.mapbiomas.org\/en\/wp-json\/wp\/v2\/pages\/796\/revisions\/1009"}],"wp:attachment":[{"href":"https:\/\/brasil.mapbiomas.org\/en\/wp-json\/wp\/v2\/media?parent=796"}],"curies":[{"name":"wp","href":"https:\/\/api.w.org\/{rel}","templated":true}]}}