{"id":790,"date":"2023-08-17T14:33:59","date_gmt":"2023-08-17T14:33:59","guid":{"rendered":"https:\/\/staging-brasil.mapbiomas.org\/?page_id=790"},"modified":"2025-03-13T10:55:06","modified_gmt":"2025-03-13T13:55:06","slug":"downloads","status":"publish","type":"page","link":"https:\/\/brasil.mapbiomas.org\/en\/downloads\/","title":{"rendered":"Downloads"},"content":{"rendered":"<p>Download here the maps, statistical data, Landsat image mosaics, legend codes, among other data and collections from MapBiomas.<\/p>\n\n\n\n<p><a href=\"https:\/\/brasil.mapbiomas.org\/en\/colecoes-mapbiomas-1\/?cama_set_language=pt-BR\"><\/a><\/p>","protected":false},"excerpt":{"rendered":"<p>Download here the maps, statistical data, Landsat image mosaics, legend codes, among other data and collections from MapBiomas.<\/p>","protected":false},"author":2,"featured_media":0,"parent":0,"menu_order":0,"comment_status":"closed","ping_status":"closed","template":"page_download.php","meta":{"_uag_custom_page_level_css":""},"acf":[],"uagb_featured_image_src":{"full":false,"thumbnail":false,"medium":false,"medium_large":false,"large":false,"1536x1536":false,"2048x2048":false,"trp-custom-language-flag":false,"infographic":false,"team":false},"uagb_author_info":{"display_name":"Adriel Fernandes","author_link":"https:\/\/brasil.mapbiomas.org\/en\/author\/adriel-fernandes\/"},"uagb_comment_info":0,"uagb_excerpt":"Baixe aqui os mapas, dados estat\u00edsticos, mosaicos de imagens Landsat, c\u00f3digos de legenda, entre outros dados e cole\u00e7\u00f5es do MapBiomas","_links":{"self":[{"href":"https:\/\/brasil.mapbiomas.org\/en\/wp-json\/wp\/v2\/pages\/790"}],"collection":[{"href":"https:\/\/brasil.mapbiomas.org\/en\/wp-json\/wp\/v2\/pages"}],"about":[{"href":"https:\/\/brasil.mapbiomas.org\/en\/wp-json\/wp\/v2\/types\/page"}],"author":[{"embeddable":true,"href":"https:\/\/brasil.mapbiomas.org\/en\/wp-json\/wp\/v2\/users\/2"}],"replies":[{"embeddable":true,"href":"https:\/\/brasil.mapbiomas.org\/en\/wp-json\/wp\/v2\/comments?post=790"}],"version-history":[{"count":4,"href":"https:\/\/brasil.mapbiomas.org\/en\/wp-json\/wp\/v2\/pages\/790\/revisions"}],"predecessor-version":[{"id":6575,"href":"https:\/\/brasil.mapbiomas.org\/en\/wp-json\/wp\/v2\/pages\/790\/revisions\/6575"}],"wp:attachment":[{"href":"https:\/\/brasil.mapbiomas.org\/en\/wp-json\/wp\/v2\/media?parent=790"}],"curies":[{"name":"wp","href":"https:\/\/api.w.org\/{rel}","templated":true}]}}