{"id":7865,"date":"2025-10-23T09:51:44","date_gmt":"2025-10-23T12:51:44","guid":{"rendered":"https:\/\/brasil.mapbiomas.org\/?page_id=7865"},"modified":"2026-01-09T17:28:45","modified_gmt":"2026-01-09T20:28:45","slug":"monitor-da-recuperacao","status":"publish","type":"page","link":"https:\/\/brasil.mapbiomas.org\/en\/monitor-da-recuperacao\/","title":{"rendered":"Recovery Monitor"},"content":{"rendered":"<p>O Monitor da Recupera\u00e7\u00e3o \u00e9 uma plataforma para <strong>visualiza\u00e7\u00e3o e monitoramento de \u00e1reas com obriga\u00e7\u00e3o ou compromisso de recupera\u00e7\u00e3o da vegeta\u00e7\u00e3o<\/strong>. Seu objetivo \u00e9 auxiliar no monitoramento da din\u00e2mica da cobertura vegetal em \u00e1reas com compromisso de recupera\u00e7\u00e3o ambiental, incluindo pol\u00edgonos embargados por desmatamento e pol\u00edgonos provenientes do Observat\u00f3rio da Restaura\u00e7\u00e3o, bem como de outras \u00e1reas com compromisso de\u00a0 recomposi\u00e7\u00e3o florestal.<\/p>\n\n\n\n<p><strong>\u00c1reas com obriga\u00e7\u00e3o ou compromisso de recupera\u00e7\u00e3o<\/strong><\/p>\n\n\n\n<p>S\u00e3o \u00e1reas com compromisso de recupera\u00e7\u00e3o, seja ele volunt\u00e1rio ou compuls\u00f3rio. As \u00e1reas consideradas para a vers\u00e3o 1 do Monitor da Recupera\u00e7\u00e3o consiste em pol\u00edgonos provenientes de tr\u00eas fontes principais:<\/p>\n\n\n\n<ul>\n<li>Embargos estaduais e federais: Embargos por interven\u00e7\u00e3o na cobertura vegetal;<\/li>\n\n\n\n<li>Observat\u00f3rio da Restaura\u00e7\u00e3o (OR): \u00e1reas provenientes do Observat\u00f3rio da Restaura\u00e7\u00e3o cadastradas como de acesso p\u00fablico;<\/li>\n\n\n\n<li>Sistema Informatizado de Apoio \u00e0 Restaura\u00e7\u00e3o Ecol\u00f3gica (SARE): \u00e1reas de projetos de restaura\u00e7\u00e3o ecol\u00f3gica no estado de S\u00e3o Paulo.<\/li>\n<\/ul>\n\n\n\n<p>As \u00e1reas monitoradas pelo Monitor da Recupera\u00e7\u00e3o s\u00e3o derivadas da consolida\u00e7\u00e3o de diferentes bases p\u00fablicas e institucionais que registram pol\u00edgonos com algum tipo de compromisso de restaura\u00e7\u00e3o, embargo, ou recupera\u00e7\u00e3o ambiental.<\/p>\n\n\n\n<p><strong>Crit\u00e9rios dos pol\u00edgonos de compromisso de recupera\u00e7\u00e3o:<\/strong><\/p>\n\n\n\n<p>Para compor a base de \u00e1reas com compromisso de recupera\u00e7\u00e3o, os pol\u00edgonos devem atender as seguintes caracter\u00edsticas:<\/p>\n\n\n\n<ul>\n<li>pol\u00edgono vetorial v\u00e1lido com \u00e1rea maior que 1ha;<\/li>\n\n\n\n<li>possuir campo de data ou ano de compromisso (ex.: data de embargo, data de assinatura de termo de recupera\u00e7\u00e3o etc.). Foram considerados apenas pol\u00edgonos com ano de compromisso a partir de 200.&nbsp;<\/li>\n\n\n\n<li>transpar\u00eancia ativa: a base de dados deve ser publicamente acess\u00edvel por meio de portais institucionais, permitindo a consulta e o download direto das informa\u00e7\u00f5es sem a necessidade de solicita\u00e7\u00e3o via e-mail ou of\u00edcio.<\/li>\n<\/ul>\n\n\n\n<p><strong>Crit\u00e9rios dos pol\u00edgonos para inclus\u00e3o na plataforma no caso de embargos:<\/strong><\/p>\n\n\n\n<p>Para compor a base de \u00e1reas com embargo, os pol\u00edgonos devem apresentar campo na tabela de atributos da fonte original que indique a ocorr\u00eancia de processo de desmatamento, degrada\u00e7\u00e3o ou queimadas, ou seja, evid\u00eancia de interfer\u00eancia na cobertura vegetal.<\/p>\n\n\n\n<p>Somente os pol\u00edgonos que atendem a esses requisitos s\u00e3o integrados \u00e0 base do Monitor da Recupera\u00e7\u00e3o, garantindo que as an\u00e1lises sejam realizadas exclusivamente sobre \u00e1reas com comprova\u00e7\u00e3o de passivo ambiental, compromisso de recomposi\u00e7\u00e3o e dados obtidos por meio de transpar\u00eancia ativa.<\/p>\n\n\n\n<p><strong>Fontes de dados utilizadas no Monitor da Recupera\u00e7\u00e3o<\/strong><\/p>\n\n\n\n<div class=\"wp-block-columns is-layout-flex wp-container-2\">\n<div class=\"wp-block-column is-vertically-aligned-center is-layout-flow\" style=\"flex-basis:100%\">\n<figure class=\"wp-block-table\"><table><tbody><tr><td><strong>Base<\/strong><\/td><td><strong>Abrang\u00eancia<\/strong><\/td><td><strong>Informa\u00e7\u00e3o<\/strong><\/td><td><strong>\u00a0<strong>Description<\/strong><\/strong><\/td><td><strong>Data de acesso<\/strong><\/td><td><strong>Link de acesso<\/strong><\/td><\/tr><tr><td>IBAMA<\/td><td>Brazil<\/td><td>Embargo<\/td><td>Embargos por interven\u00e7\u00e3o na cobertura vegetal<\/td><td>31\/07\/2025<\/td><td>https:\/\/pamgia.ibama.gov.br\/geoservicos\/?dlg=win_emb&amp;page=Page<\/td><\/tr><tr><td>ICMBIO<\/td><td>Brazil<\/td><td>Embargo<\/td><td>Embargos por interven\u00e7\u00e3o na cobertura vegetal<\/td><td>05\/08\/2025<\/td><td>https:\/\/www.gov.br\/icmbio\/pt-br\/assuntos\/dados_geoespaciais\/mapa-tematico-e-dados-geoestatisticos-das-unidades-de-conservacao-federais<\/td><\/tr><tr><td>SEMAD GO<\/td><td>GO<\/td><td>Embargo<\/td><td>Embargos por interven\u00e7\u00e3o na cobertura vegetal<\/td><td>05\/08\/2025<\/td><td>https:\/\/siga.meioambiente.go.gov.br\/catalogue\/#\/dataset\/627<\/td><\/tr><tr><td>SEMA MT<\/td><td>MT<\/td><td>Embargo<\/td><td>Embargos por interven\u00e7\u00e3o na cobertura vegetal<\/td><td>05\/08\/2025<\/td><td>https:\/\/geoportal.sema.mt.gov.br\/#\/<\/td><\/tr><tr><td>SEMAS PA<\/td><td>PA<\/td><td>Embargo<\/td><td>Embargos por interven\u00e7\u00e3o na cobertura vegetal<\/td><td>05\/08\/2025<\/td><td>https:\/\/monitoramento.semas.pa.gov.br\/ldi\/https:\/www.semas.pa.gov.br\/analisecar\/geoprocessamento.php<\/td><\/tr><tr><td>IPAAM AM<\/td><td>AM<\/td><td>Embargo<\/td><td>Embargos por interven\u00e7\u00e3o na cobertura vegetal<\/td><td>23\/09\/2025<\/td><td>https:\/\/gis.ipaam.am.gov.br\/geoportal\/?page=Downloads-P%C3%BAblico&amp;views=Espaciais%2CExibir-7%2CEmbargos%2FAutos-de-Infra%C3%A7%C3%A3o%2CCarrossel-14<\/td><\/tr><tr><td>SEMARH  PI<\/td><td>PI<\/td><td>Embargo<\/td><td>Embargos por interven\u00e7\u00e3o na cobertura vegetal<\/td><td>15\/09\/2025<\/td><td>https:\/\/www.semar.pi.gov.br\/transparencia<\/td><\/tr><tr><td>Observat\u00f3rio da Restaura\u00e7\u00e3o &#8211; ORR<\/td><td>Brazil<\/td><td>Projetos de restaura\u00e7\u00e3o <\/td><td>\u00c1reas cadastradas na plataforma do Observat\u00f3rio da Restaura\u00e7\u00e3o<br>(https:\/\/observatoriodarestauracao.org.br\/app) classificadas como de acesso p\u00fablico<\/td><td>29\/09\/2025<\/td><td>http:\/\/datageo.ambiente.sp.gov.br\/app\/?ctx=FISCALIZACAO<\/td><\/tr><tr><td>SARE &#8211; SEMIL SP<\/td><td>SP<\/td><td>Projetos de restaura\u00e7\u00e3o<\/td><td>Sistema Informatizado de Apoio \u00e0 Restaura\u00e7\u00e3o Ecol\u00f3gica &#8211; institu\u00eddo pela Resolu\u00e7\u00e3o SMA n\u00ba 32\/2014, com a finalidade de registro, monitoramento e apoio \u00e0s iniciativas e projetos de restaura\u00e7\u00e3o ecol\u00f3gica no estado de S\u00e3o Paulo<\/td><td>02\/10\/2025<\/td><td>https:\/\/sigam.ambiente.sp.gov.br\/sigam3\/Default.aspx?idPagina=10253<\/td><\/tr><\/tbody><\/table><figcaption class=\"wp-element-caption\"><br><\/figcaption><\/figure>\n<\/div>\n<\/div>\n\n\n\n<p>Nesta vers\u00e3o do Monitor da Recupera\u00e7\u00e3o, a base consolidada de \u00e1reas com compromisso de recupera\u00e7\u00e3o pode incluir sobreposi\u00e7\u00f5es espaciais entre pol\u00edgonos de distintas fontes institucionais, sobretudo em raz\u00e3o do compartilhamento de informa\u00e7\u00f5es entre esferas estadual e federal. Essas sobreposi\u00e7\u00f5es pode resultar na contagem de uma mesma \u00e1rea em mais de uma fonte. O Monitor da Recupera\u00e7\u00e3o est\u00e1 em processo de aprimoramento para incorporar mecanismos de detec\u00e7\u00e3o e consolida\u00e7\u00e3o dessas ocorr\u00eancias em vers\u00f5es futuras.<\/p>\n\n\n\n<p>A partir da base de pol\u00edgonos com compromisso de recupera\u00e7\u00e3o, foram estabelecidos tr\u00eas crit\u00e9rios para categoriza\u00e7\u00e3o de \u00e1reas com compatibilidade de padr\u00e3o de recupera\u00e7\u00e3o. Os crit\u00e9rios s\u00e3o:<\/p>\n\n\n\n<div class=\"wp-block-uagb-slider uagb-block-3072783d uagb-slider-container\"><div class=\"uagb-slides uagb-swiper\"><div class=\"swiper-wrapper\">\n<div class=\"wp-block-uagb-slider-child uagb-slider-child-wrap swiper-slide uagb-block-0c6520fe\"><div class=\"swiper-content\">\n<div class=\"wp-block-uagb-info-box uagb-block-c7764aea uagb-infobox__content-wrap  uagb-infobox-icon-above-title uagb-infobox-image-valign-top\"><div class=\"uagb-ifb-content\"><div class=\"uagb-ifb-title-wrap\"><h4 class=\"uagb-ifb-title\">Crit\u00e9rio 1 | <strong>Classe atual de uso e cobertura da terra (MapBiomas Cole\u00e7\u00e3o 10 &#8211; 2024)<\/strong><\/h4><\/div><p class=\"uagb-ifb-desc\">Corresponde \u00e0 classe modal predominante no pol\u00edgono do ano mais recente e \u00e9 utilizado para verificar o estado atual de cobertura e uso da terra.<\/p><div class=\"uagb-ifb-button-wrapper wp-block-button\"><a href=\"https:\/\/brasil.mapbiomas.org\/wp-content\/uploads\/sites\/4\/2025\/10\/Factsheet-Monitor_de_Recuperacao_22.10_v3.pdf\" class=\"uagb-infobox-cta-link wp-block-button__link\" target=\"_blank\" rel=\"noopener noreferrer\"><span class=\"uagb-inline-editing\">Leia mais sobre os crit\u00e9rios<\/span><\/a><\/div><\/div><\/div>\n\n\n\n<div class=\"wp-block-uagb-container uagb-block-833b5166 alignfull uagb-is-root-container\"><div class=\"uagb-container-inner-blocks-wrap\"><\/div><\/div>\n<\/div><\/div>\n\n\n\n<div class=\"wp-block-uagb-slider-child uagb-slider-child-wrap swiper-slide uagb-block-7be6f64a\"><div class=\"swiper-content\">\n<div class=\"wp-block-uagb-container uagb-block-d53797b9 alignfull uagb-is-root-container\"><div class=\"uagb-container-inner-blocks-wrap\">\n<div class=\"wp-block-uagb-info-box uagb-block-c3c212a0 uagb-infobox__content-wrap  uagb-infobox-icon-above-title uagb-infobox-image-valign-top\"><div class=\"uagb-ifb-content\"><div class=\"uagb-ifb-title-wrap\"><h4 class=\"uagb-ifb-title\">Crit\u00e9rio 2 | <strong>Transi\u00e7\u00e3o de uso e cobertura da terra (MapBiomas)<\/strong><\/h4><\/div><p class=\"uagb-ifb-desc\">Compara a classe de cobertura da terra entre o ano do compromisso e o ano atual (2024), identificando o tipo de mudan\u00e7a.<\/p><div class=\"uagb-ifb-button-wrapper wp-block-button\"><a href=\"https:\/\/brasil.mapbiomas.org\/wp-content\/uploads\/sites\/4\/2025\/10\/Factsheet-Monitor_de_Recuperacao_22.10_v3.pdf\" class=\"uagb-infobox-cta-link wp-block-button__link\" target=\"_blank\" rel=\"noopener noreferrer\"><span class=\"uagb-inline-editing\">Leia mais sobre os crit\u00e9rios<\/span><\/a><\/div><\/div><\/div>\n<\/div><\/div>\n<\/div><\/div>\n\n\n\n<div class=\"wp-block-uagb-slider-child uagb-slider-child-wrap swiper-slide uagb-block-53391589\"><div class=\"swiper-content\">\n<div class=\"wp-block-uagb-container uagb-block-9dc330e8 alignfull uagb-is-root-container\"><div class=\"uagb-container-inner-blocks-wrap\">\n<div class=\"wp-block-uagb-info-box uagb-block-27b8e259 uagb-infobox__content-wrap  uagb-infobox-icon-below-title uagb-infobox-image-valign-top\"><div class=\"uagb-ifb-content\"><div class=\"uagb-ifb-title-wrap\"><h4 class=\"uagb-ifb-title\">Crit\u00e9rio 3: <strong>Diferen\u00e7a do \u00edndice de vegeta\u00e7\u00e3o (\u0394EVI)<\/strong><\/h4><\/div><p class=\"uagb-ifb-desc\">Diferen\u00e7a EVI = EVI (ano atual) &#8211; EVI(ano compromisso)<br><br>Diferen\u00e7a EVI &lt; -0,1: diferen\u00e7a negativa entre o ano atual e o ano do compromisso de recupera\u00e7\u00e3o<br>-0,1 &lt; Diferen\u00e7a EVI &lt; 0,1: diferen\u00e7a est\u00e1vel entre o ano atual e o ano de compromisso de recupera\u00e7\u00e3o<br>Diferen\u00e7a EVI &gt; 0,1: diferen\u00e7a positiva entre o ano atual e o ano do compromisso de recupera\u00e7\u00e3o<\/p><div class=\"uagb-ifb-button-wrapper wp-block-button\"><a href=\"https:\/\/brasil.mapbiomas.org\/wp-content\/uploads\/sites\/4\/2025\/10\/Factsheet-Monitor_de_Recuperacao_22.10_v3.pdf\" class=\"uagb-infobox-cta-link wp-block-button__link\" target=\"_blank\" rel=\"noopener noreferrer\"><span class=\"uagb-inline-editing\">Leia mais sobre os crit\u00e9rios<\/span><\/a><\/div><\/div><\/div>\n<\/div><\/div>\n<\/div><\/div>\n<\/div><\/div><div class=\"swiper-pagination\"><\/div><div class=\"swiper-button-prev\"><\/div><div class=\"swiper-button-next\"><\/div><\/div>\n\n\n\n<p>A categoriza\u00e7\u00e3o busca identificar no universo de pol\u00edgonos cadastrados na plataforma aqueles que possuem compatibilidade com \u00e1reas em processo de recupera\u00e7\u00e3o. Para o monitoramento completo e cr\u00edvel, os dados apresentados devem ser complementados e confirmados com dados de monitoramento em campo.&nbsp; Veja mais informa\u00e7\u00f5es sobre os crit\u00e9rios para a categoriza\u00e7\u00e3o no <a href=\"https:\/\/brasil.mapbiomas.org\/wp-content\/uploads\/sites\/4\/2025\/10\/Factsheet-Monitor_de_Recuperacao_22.10_v3.pdf\">documento com os principais destaques sobre o Monitor da Recupera\u00e7\u00e3o.<\/a><\/p>\n\n\n\n<p>A plataforma do Monitor da Recupera\u00e7\u00e3o permite\u00a0a avalia\u00e7\u00e3o da din\u00e2mica temporal da vegeta\u00e7\u00e3o com base em s\u00e9ries hist\u00f3ricas de imagens de sat\u00e9lite, de modo a possibilitar a identifica\u00e7\u00e3o de ind\u00edcios de recupera\u00e7\u00e3o, estabilidade ou aus\u00eancia de recomposi\u00e7\u00e3o ao longo do tempo. \u00c9 poss\u00edvel explorar, para cada pol\u00edgono cadastrado, a compatibilidade da \u00e1rea com processo de recupera\u00e7\u00e3o. A plataforma tamb\u00e9m de disp\u00f5e de filtros e camadas auxiliares para an\u00e1lise combinada do processo de recupera\u00e7\u00e3o. Acesse-a em <a href=\"https:\/\/plataforma.recuperacao.mapbiomas.org\/\">https:\/\/plataforma.recuperacao.mapbiomas.org\/<\/a><\/p>\n\n\n\n<p>Baixe os dados do Monitor da Recupera\u00e7\u00e3o <a href=\"https:\/\/drive.google.com\/uc?id=1wXvtxpI-SdL2Xk0l_nNpVYODhcxIHEvK&amp;export=download\">here<\/a>.<\/p>","protected":false},"excerpt":{"rendered":"<p>O Monitor da Recupera\u00e7\u00e3o \u00e9 uma plataforma para visualiza\u00e7\u00e3o e monitoramento de \u00e1reas com obriga\u00e7\u00e3o ou compromisso de recupera\u00e7\u00e3o da vegeta\u00e7\u00e3o. Seu objetivo \u00e9 auxiliar no monitoramento da din\u00e2mica da cobertura vegetal em \u00e1reas com compromisso de recupera\u00e7\u00e3o ambiental, incluindo pol\u00edgonos embargados por desmatamento e pol\u00edgonos provenientes do Observat\u00f3rio da Restaura\u00e7\u00e3o, bem como de outras [&hellip;]<\/p>","protected":false},"author":13,"featured_media":0,"parent":0,"menu_order":0,"comment_status":"closed","ping_status":"closed","template":"","meta":{"_uag_custom_page_level_css":""},"acf":[],"uagb_featured_image_src":{"full":false,"thumbnail":false,"medium":false,"medium_large":false,"large":false,"1536x1536":false,"2048x2048":false,"trp-custom-language-flag":false,"infographic":false,"team":false},"uagb_author_info":{"display_name":"karoline","author_link":"https:\/\/brasil.mapbiomas.org\/en\/author\/karoline\/"},"uagb_comment_info":0,"uagb_excerpt":"O Monitor da Recupera\u00e7\u00e3o \u00e9 uma plataforma para visualiza\u00e7\u00e3o e monitoramento de \u00e1reas com obriga\u00e7\u00e3o ou compromisso de recupera\u00e7\u00e3o da vegeta\u00e7\u00e3o. Seu objetivo \u00e9 auxiliar no monitoramento da din\u00e2mica da cobertura vegetal em \u00e1reas com compromisso de recupera\u00e7\u00e3o ambiental, incluindo pol\u00edgonos embargados por desmatamento e pol\u00edgonos provenientes do Observat\u00f3rio da Restaura\u00e7\u00e3o, bem como de outras&hellip;","_links":{"self":[{"href":"https:\/\/brasil.mapbiomas.org\/en\/wp-json\/wp\/v2\/pages\/7865"}],"collection":[{"href":"https:\/\/brasil.mapbiomas.org\/en\/wp-json\/wp\/v2\/pages"}],"about":[{"href":"https:\/\/brasil.mapbiomas.org\/en\/wp-json\/wp\/v2\/types\/page"}],"author":[{"embeddable":true,"href":"https:\/\/brasil.mapbiomas.org\/en\/wp-json\/wp\/v2\/users\/13"}],"replies":[{"embeddable":true,"href":"https:\/\/brasil.mapbiomas.org\/en\/wp-json\/wp\/v2\/comments?post=7865"}],"version-history":[{"count":17,"href":"https:\/\/brasil.mapbiomas.org\/en\/wp-json\/wp\/v2\/pages\/7865\/revisions"}],"predecessor-version":[{"id":8269,"href":"https:\/\/brasil.mapbiomas.org\/en\/wp-json\/wp\/v2\/pages\/7865\/revisions\/8269"}],"wp:attachment":[{"href":"https:\/\/brasil.mapbiomas.org\/en\/wp-json\/wp\/v2\/media?parent=7865"}],"curies":[{"name":"wp","href":"https:\/\/api.w.org\/{rel}","templated":true}]}}