{"id":779,"date":"2023-08-17T14:29:45","date_gmt":"2023-08-17T14:29:45","guid":{"rendered":"https:\/\/staging-brasil.mapbiomas.org\/?page_id=779"},"modified":"2024-11-01T12:01:16","modified_gmt":"2024-11-01T15:01:16","slug":"termos-de-uso","status":"publish","type":"page","link":"https:\/\/brasil.mapbiomas.org\/en\/termos-de-uso\/","title":{"rendered":"Terms of use"},"content":{"rendered":"<div class=\"wp-block-media-text alignwide has-media-on-the-right is-stacked-on-mobile\" style=\"grid-template-columns:auto 23%\"><div class=\"wp-block-media-text__content\">\n<p><\/p>\n\n\n\n<p class=\"has-text-align-left translation-block\" style=\"font-size:14px\">The MapBiomas data are public, open and free under Creative Commons <a href=\"https:\/\/creativecommons.org\/licenses\/by\/4.0\/\" target=\"_blank\">CC-BY<\/a>\u00a0 license and by referencing the source observing the following format:<\/p>\n\n\n\n<p><\/p>\n<\/div><figure class=\"wp-block-media-text__media\"><img decoding=\"async\" loading=\"lazy\" width=\"961\" height=\"337\" src=\"https:\/\/brasil.mapbiomas.org\/wp-content\/uploads\/sites\/4\/2024\/10\/CC-BY.png\" alt=\"\" class=\"wp-image-5762 size-full\" srcset=\"https:\/\/brasil.mapbiomas.org\/wp-content\/uploads\/sites\/4\/2024\/10\/CC-BY.png 961w, https:\/\/brasil.mapbiomas.org\/wp-content\/uploads\/sites\/4\/2024\/10\/CC-BY-300x105.png 300w, https:\/\/brasil.mapbiomas.org\/wp-content\/uploads\/sites\/4\/2024\/10\/CC-BY-768x269.png 768w, https:\/\/brasil.mapbiomas.org\/wp-content\/uploads\/sites\/4\/2024\/10\/CC-BY-18x6.png 18w\" sizes=\"(max-width: 961px) 100vw, 961px\" \/><\/figure><\/div>\n\n\n\n<figure class=\"wp-block-image\"><img alt=\"\" \/><\/figure>\n\n\n\n<p>MapBiomas \u2013 Collection&nbsp;<strong>[version]<\/strong>&nbsp;of the <strong>[annual \/ monthly] <\/strong>series of Maps of <strong>[Land Cover and Use \/ Fire Scar \/ Surface Water \/ Soil Carbon]<\/strong> of Brazil, accessed on&nbsp;<strong>[data]&nbsp;<\/strong>through the link:&nbsp;<strong>[LINK]<\/strong>&#8220;<\/p>\n\n\n\n<p>Additionally, there are <a rel=\"noreferrer noopener\" href=\"https:\/\/brasil.mapbiomas.org\/en\/artigos-mapbiomas\/\" target=\"_blank\">Scientific Articles from MapBiomas<\/a> that can be used for citation.<\/p>","protected":false},"excerpt":{"rendered":"<p>&#8220;MapBiomas \u2013 Cole\u00e7\u00e3o&nbsp;[vers\u00e3o]&nbsp;da s\u00e9rie [anual \/ mensal] de Mapas de [Cobertura e Uso da Terra \/ Cicatriz de Fogo \/ Superf\u00edcie da \u00c1gua \/ Carbono no Solo] do Brasil, acessado em&nbsp;[data]&nbsp;atrav\u00e9s do link:&nbsp;[LINK]&#8220; Adicionalmente, h\u00e1 Artigos Cient\u00edficos do MapBiomas que podem ser utilizados para cita\u00e7\u00e3o.<\/p>","protected":false},"author":2,"featured_media":0,"parent":0,"menu_order":0,"comment_status":"closed","ping_status":"closed","template":"","meta":{"_uag_custom_page_level_css":".center-vertical {\n    display: flex;\n    align-items: center;\n    justify-content: center; \/* Centraliza horizontalmente tamb\u00e9m, caso necess\u00e1rio *\/\n    height: 100%; \/* Certifique-se de que o cont\u00eainer tenha altura definida *\/\n}"},"acf":[],"uagb_featured_image_src":{"full":false,"thumbnail":false,"medium":false,"medium_large":false,"large":false,"1536x1536":false,"2048x2048":false,"trp-custom-language-flag":false,"infographic":false,"team":false},"uagb_author_info":{"display_name":"Adriel Fernandes","author_link":"https:\/\/brasil.mapbiomas.org\/en\/author\/adriel-fernandes\/"},"uagb_comment_info":0,"uagb_excerpt":"&#8220;MapBiomas \u2013 Cole\u00e7\u00e3o&nbsp;[vers\u00e3o]&nbsp;da s\u00e9rie [anual \/ mensal] de Mapas de [Cobertura e Uso da Terra \/ Cicatriz de Fogo \/ Superf\u00edcie da \u00c1gua \/ Carbono no Solo] do Brasil, acessado em&nbsp;[data]&nbsp;atrav\u00e9s do link:&nbsp;[LINK]&#8220; Adicionalmente, h\u00e1 Artigos Cient\u00edficos do MapBiomas que podem ser utilizados para cita\u00e7\u00e3o.","_links":{"self":[{"href":"https:\/\/brasil.mapbiomas.org\/en\/wp-json\/wp\/v2\/pages\/779"}],"collection":[{"href":"https:\/\/brasil.mapbiomas.org\/en\/wp-json\/wp\/v2\/pages"}],"about":[{"href":"https:\/\/brasil.mapbiomas.org\/en\/wp-json\/wp\/v2\/types\/page"}],"author":[{"embeddable":true,"href":"https:\/\/brasil.mapbiomas.org\/en\/wp-json\/wp\/v2\/users\/2"}],"replies":[{"embeddable":true,"href":"https:\/\/brasil.mapbiomas.org\/en\/wp-json\/wp\/v2\/comments?post=779"}],"version-history":[{"count":8,"href":"https:\/\/brasil.mapbiomas.org\/en\/wp-json\/wp\/v2\/pages\/779\/revisions"}],"predecessor-version":[{"id":5792,"href":"https:\/\/brasil.mapbiomas.org\/en\/wp-json\/wp\/v2\/pages\/779\/revisions\/5792"}],"wp:attachment":[{"href":"https:\/\/brasil.mapbiomas.org\/en\/wp-json\/wp\/v2\/media?parent=779"}],"curies":[{"name":"wp","href":"https:\/\/api.w.org\/{rel}","templated":true}]}}