{"id":6902,"date":"2025-06-24T16:21:49","date_gmt":"2025-06-24T19:21:49","guid":{"rendered":"https:\/\/brasil.mapbiomas.org\/?page_id=6902"},"modified":"2025-06-24T18:32:32","modified_gmt":"2025-06-24T21:32:32","slug":"mapbiomas-fogo","status":"publish","type":"page","link":"https:\/\/brasil.mapbiomas.org\/en\/mapbiomas-fogo\/","title":{"rendered":"MapBiomas Fire"},"content":{"rendered":"<p class=\" translation-block\"><strong>MapBiomas Fire Collection 4<\/strong>  presents the annual and monthly mapping of burned areas (fire scars) in Brazil from 1985 to 2024, including: (a) Annual burned area (b) Monthly burned area (c) Burn frequency (d) Cumulative burned area (e) Fire scar size (f) Year of last fire occurrence.  Annual, cumulative, and frequency data are also available by land cover and land use classes from MapBiomas Collection 9.<\/p>\n\n\n\n<p>For more information on the methodology, based on 30-meter resolution Landsat satellite imagery processed with machine learning techniques, access the <a href=\"https:\/\/brasil.mapbiomas.org\/en\/metodo-mapbiomas-fogo\/\">method description<\/a>.<\/p>\n\n\n\n<p><strong>Annual Fire Report (RAF) \u2013 2024 Edition<\/strong><\/p>\n\n\n\n<p>On June 24, 2025, MapBiomas launched Collection 4 of MapBiomas Fire and released the first <strong>Annual Fire Report (RAF) in Brazil<\/strong>The RAF provides consolidated data on spatial and temporal fire patterns across Brazil's biomes and other territorial categories between 1985 and 2024, including the main affected land cover\/use classes and fire frequency across the national territory.\n\nAccess the Annual Fire Report (RAF) in Brazil by <a href=\"https:\/\/brasil.mapbiomas.org\/wp-content\/uploads\/sites\/4\/2025\/06\/RAF2024_24.06.2025_v2.pdf\">clicking the link<\/a><\/p>\n\n\n\n<p><strong>Highlights<\/strong><\/p>\n\n\n\n<p>Key findings from Collection 4 can be accessed by <a href=\"https:\/\/brasil.mapbiomas.org\/wp-content\/uploads\/sites\/4\/2025\/06\/Fact_Fogo_colecao4.pdf\">clicking the link<\/a><\/p>\n\n\n\n<p><strong>Infographics<\/strong><\/p>\n\n\n\n<p>Infographics with highlights for Brazil and its biomes can be accessed by <a href=\"https:\/\/brasil.mapbiomas.org\/en\/infograficos\/\">clicking the link<\/a><\/p>\n\n\n\n<p><strong>Access to Maps and Data<\/strong><\/p>\n\n\n\n<p>The maps and data are publicly and freely available through the following means:<\/p>\n\n\n\n<p><strong>1. MapBiomas Fire Platform:&nbsp; <\/strong><a href=\"https:\/\/plataforma.brasil.mapbiomas.org\/fogo\">https:\/\/plataforma.brasil.mapbiomas.org\/fogo<\/a><\/p>\n\n\n\n<p>This platform offers an interactive map viewer and allows downloading of tables and charts organized by different territorial units such as biomes, states, and municipalities, as well as land tenure categories like protected areas, indigenous territories, rural settlements, and quilombola territories.<\/p>\n\n\n\n<p><strong>2. MapBiomas Fire Toolkit<\/strong><\/p>\n\n\n\n<p>To download Collection 4 maps via Google Earth Engine <a href=\"https:\/\/code.earthengine.google.com\/?scriptPath=users%2Fmapbiomas%2Fuser-toolkit%3Amapbiomas-user-toolkit-fire.js\"><strong>click the link<\/strong><\/a>. Pixel value definitions for each sub-product are available via the Legend Code, accessible <a href=\"https:\/\/brasil.mapbiomas.org\/wp-content\/uploads\/sites\/4\/2025\/06\/CODIGO-DE-LEGENDA-FOGO-COLECAO-4.pdf\">through the link.<\/a><\/p>\n\n\n\n<p><strong>3. Map Assets on Google Earth Engine (ID)<\/strong><\/p>\n\n\n\n<p>Annual and cumulative burned area and cover<\/p>\n\n\n\n<ul>\n<li><em>projects\/mapbiomas-public\/assets\/brazil\/fire\/collection4\/mapbiomas_fire_collection4_annual_burned_v1<\/em><br><em>(<\/em><a href=\"https:\/\/code.earthengine.google.com\/?scriptPath=users%2FmarcosrosaUSP%2FMapBiomas_col9_Geral%3Aexemplos_codigos_download%2Ffire-annual_burned\"><em>see GEE code example<\/em><\/a><em>)<\/em><\/li>\n\n\n\n<li><em>projects\/mapbiomas-public\/assets\/brazil\/fire\/collection4\/mapbiomas_fire_collection4_annual_burned_vectors_v1\/<\/em><br><em>mbfogo_col4_2024_v1<\/em> <em>[vetorial (uma FeatureCollection por ano entre 1985 e 2024)]&nbsp; (<\/em><a href=\"https:\/\/code.earthengine.google.com\/?scriptPath=users%2FmarcosrosaUSP%2FMapBiomas_col9_Geral%3Aexemplos_codigos_download%2Ffire-annual_burned_vector\"><em>see GEE code example<\/em><\/a><em>)<\/em><\/li>\n\n\n\n<li><em>projects\/mapbiomas-public\/assets\/brazil\/fire\/collection4\/mapbiomas_fire_collection4_annual_burned_coverage_v1<\/em><br><em>(<\/em><a href=\"https:\/\/code.earthengine.google.com\/?scriptPath=users%2FmarcosrosaUSP%2FMapBiomas_col9_Geral%3Aexemplos_codigos_download%2Ffire-annual_burned_coverage\"><em>see GEE code example<\/em><\/a><em>)<\/em><\/li>\n\n\n\n<li><em>projects\/mapbiomas-public\/assets\/brazil\/fire\/collection4\/mapbiomas_fire_collection4_accumulated_burned_v1<\/em><br><em>(<\/em><a href=\"https:\/\/code.earthengine.google.com\/?scriptPath=users%2FmarcosrosaUSP%2FMapBiomas_col9_Geral%3Aexemplos_codigos_download%2Ffire-accumulated_burned\"><em>see GEE code example<\/em><\/a><em>)<\/em><\/li>\n\n\n\n<li><em>projects\/mapbiomas-public\/assets\/brazil\/fire\/collection4\/mapbiomas_fire_collection4_accumulated_burned_coverage_v1<\/em><br><em>(<\/em><a href=\"https:\/\/code.earthengine.google.com\/?scriptPath=users%2FmarcosrosaUSP%2FMapBiomas_col9_Geral%3Aexemplos_codigos_download%2Ffire-accumulated_burned_coverage\"><em>see GEE code example<\/em><\/a><em>)<\/em><\/li>\n<\/ul>\n\n\n\n<p>Monthly burned area<\/p>\n\n\n\n<ul>\n<li><em>projects\/mapbiomas-public\/assets\/brazil\/fire\/collection4\/mapbiomas_fire_collection4_monthly_burned_v1<\/em><br><em>(<\/em><a href=\"https:\/\/code.earthengine.google.com\/?scriptPath=users%2FmarcosrosaUSP%2FMapBiomas_col9_Geral%3Aexemplos_codigos_download%2Ffire-monthly\"><em>see GEE code example<\/em><\/a><em>)<\/em><\/li>\n<\/ul>\n\n\n\n<p>Annual Burned Area by Scar Size, Frequency, and Last Fire Year<\/p>\n\n\n\n<ul>\n<li><em>projects\/mapbiomas-public\/assets\/brazil\/fire\/collection4\/mapbiomas_fire_collection4_annual_burned_scar_size_range_v1<\/em><br><em>(<\/em><a href=\"https:\/\/code.earthengine.google.com\/?scriptPath=users%2FmarcosrosaUSP%2FMapBiomas_col9_Geral%3Aexemplos_codigos_download%2Ffire-scar_size_range\"><em>see GEE code example<\/em><\/a><em>)<\/em><\/li>\n\n\n\n<li><em>projects\/mapbiomas-public\/assets\/brazil\/fire\/collection4\/mapbiomas_fire_collection4_fire_frequency_v1<\/em><br><em>(<\/em><a href=\"https:\/\/code.earthengine.google.com\/?scriptPath=users%2FmarcosrosaUSP%2FMapBiomas_col9_Geral%3Aexemplos_codigos_download%2Ffire-fire_frequency\"><em>see GEE code example<\/em><\/a><em>)<\/em><\/li>\n\n\n\n<li><em>projects\/mapbiomas-public\/assets\/brazil\/fire\/collection4\/mapbiomas_fire_collection4_year_last_fire_v1<\/em><br><em>(<\/em><a href=\"https:\/\/code.earthengine.google.com\/?scriptPath=users%2FmarcosrosaUSP%2FMapBiomas_col9_Geral%3Aexemplos_codigos_download%2Ffire-year_last_fire\"><em>see GEE code example<\/em><\/a><em>)<\/em><\/li>\n\n\n\n<li><em>projects\/mapbiomas-public\/assets\/brazil\/fire\/collection4\/mapbiomas_fire_collection4_time_after_fire_v1<\/em><br><em>(<\/em><a href=\"https:\/\/code.earthengine.google.com\/?scriptPath=users%2FmarcosrosaUSP%2FMapBiomas_col9_Geral%3Aexemplos_codigos_download%2Ffire-time_after_fire\"><em>see GEE code example<\/em><\/a><em>)<\/em><\/li>\n<\/ul>\n\n\n\n<p><strong>GeoTIFF Maps<\/strong><\/p>\n\n\n\n<p>One map per year for the entire territory of Brazil. For other years, simply replace the year in the URL.<\/p>\n\n\n\n<p>Annual and Cumulative Burned Area and Coverage (Collection 4)<\/p>\n\n\n\n<p><a href=\"https:\/\/storage.googleapis.com\/mapbiomas-public\/initiatives\/brasil\/collection_9\/fire-col4\/annual_burned\/mapbiomas_fire_col4_br_annual_burned_2024.tif\">https:\/\/storage.googleapis.com\/mapbiomas-public\/initiatives\/brasil\/collection_9\/fire-col4\/annual_burned\/mapbiomas_fire_col4_br_annual_burned_2024.tif<\/a><\/p>\n\n\n\n<p><a href=\"https:\/\/storage.googleapis.com\/mapbiomas-public\/initiatives\/brasil\/collection_9\/fire-col4\/annual_burned_vectors_v1\/mapbiomas_fire_col4_br_annual_burned_2024.zip\">https:\/\/storage.googleapis.com\/mapbiomas-public\/initiatives\/brasil\/collection_9\/fire-col4\/annual_burned_vectors_v1\/mapbiomas_fire_col4_br_annual_burned_2024.zip<\/a><\/p>\n\n\n\n<p><a href=\"https:\/\/storage.googleapis.com\/mapbiomas-public\/initiatives\/brasil\/collection_9\/fire-col4\/annual_burned_coverage_v1\/mapbiomas_fire_col4_br_annual_burned_coverage_2024.tif\">https:\/\/storage.googleapis.com\/mapbiomas-public\/initiatives\/brasil\/collection_9\/fire-col4\/annual_burned_coverage_v1\/mapbiomas_fire_col4_br_annual_burned_coverage_2024.tif<\/a><\/p>\n\n\n\n<p><a href=\"https:\/\/storage.googleapis.com\/mapbiomas-public\/initiatives\/brasil\/collection_9\/fire-col4\/accumulated_burned_v1\/mapbiomas_fire_col4_br_accumulated_burned_1985_2024.tif\">https:\/\/storage.googleapis.com\/mapbiomas-public\/initiatives\/brasil\/collection_9\/fire-col4\/accumulated_burned_v1\/mapbiomas_fire_col4_br_accumulated_burned_1985_2024.tif<\/a><\/p>\n\n\n\n<p><a href=\"https:\/\/storage.googleapis.com\/mapbiomas-public\/initiatives\/brasil\/collection_9\/fire-col4\/accumulated_burned_coverage_v1\/mapbiomas_fire_col4_br_accumulated_burned_coverage_1985_2024.tif\">https:\/\/storage.googleapis.com\/mapbiomas-public\/initiatives\/brasil\/collection_9\/fire col4\/accumulated_burned_coverage_v1\/mapbiomas_fire_col4_br_accumulated_burned_coverage_1985_2024.tif<\/a><\/p>\n\n\n\n<p>Monthly Burned Area (Cole\u00e7\u00e3o 4)<\/p>\n\n\n\n<p><a href=\"https:\/\/storage.googleapis.com\/mapbiomas-public\/initiatives\/brasil\/collection_9\/fire-col4\/monthly_burned_v1\/mapbiomas_fire_col4_br_monthly_burned_2024.tif\">https:\/\/storage.googleapis.com\/mapbiomas-public\/initiatives\/brasil\/collection_9\/fire-col4\/monthly_burned_v1\/mapbiomas_fire_col4_br_monthly_burned_2024.tif<\/a><\/p>\n\n\n\n<p>Annual Burned Area by Scar Size, Frequency, and Year of Last Fire (Collection 4)<\/p>\n\n\n\n<p><a href=\"https:\/\/storage.googleapis.com\/mapbiomas-public\/initiatives\/brasil\/collection_9\/fire-col4\/annual_burned_scar_size_range_v1\/mapbiomas_fire_col4_br_annual_burned_scar_size_range_2024.tif\">https:\/\/storage.googleapis.com\/mapbiomas-public\/initiatives\/brasil\/collection_9\/fire-col4\/annual_burned_scar_size_range_v1\/mapbiomas_fire_col4_br_annual_burned_scar_size_range_2024.tif<\/a><\/p>\n\n\n\n<p><a href=\"https:\/\/storage.googleapis.com\/mapbiomas-public\/initiatives\/brasil\/collection_9\/fire-col4\/year_last_fire_v1\/mapbiomas_fire_col4_br_year_last_fire_2024.tif\">https:\/\/storage.googleapis.com\/mapbiomas-public\/initiatives\/brasil\/collection_9\/fire-col4\/year_last_fire_v1\/mapbiomas_fire_col4_br_year_last_fire_2024.tif<\/a><\/p>\n\n\n\n<p><a href=\"https:\/\/storage.googleapis.com\/mapbiomas-public\/initiatives\/brasil\/collection_9\/fire-col4\/fire_frequency_v1\/mapbiomas_fire_col4_br_fire_frequency_1985_2024.tif\">https:\/\/storage.googleapis.com\/mapbiomas-public\/initiatives\/brasil\/collection_9\/fire-col4\/fire_frequency_v1\/mapbiomas_fire_col4_br_fire_frequency_1985_2024.tif<\/a><\/p>\n\n\n\n<p><a href=\"https:\/\/storage.googleapis.com\/mapbiomas-public\/initiatives\/brasil\/collection_9\/fire-col4\/time_after_fire_v1\/mapbiomas_fire_col4_br_time_after_fire_2024.tif\">https:\/\/storage.googleapis.com\/mapbiomas-public\/initiatives\/brasil\/collection_9\/fire-col4\/time_after_fire_v1\/mapbiomas_fire_col4_br_time_after_fire_2024.tif<\/a><\/p>\n\n\n\n<p><strong>5. Plugin Qgis<\/strong><\/p>\n\n\n\n<p>MapBiomas Fire map collections are directly available in QGIS via the Plugin.<br>Instructions to install and use the MapBiomas Fire Plugin:<br>QGIS: Plugins &gt; Manage and Install Plugins &gt; \ud83d\udd0eMapBiomas Fogo<\/p>\n\n\n\n<p><strong>Citation<\/strong><\/p>\n\n\n\n<p>\u201cMapBiomas \u2013 Cole\u00e7\u00e3o 4 de mapas de cicatrizes de fogo no Brasil (1985-2024) do MapBiomas Fogo, acessado em [data] a partir: [LINK]\u201d.<\/p>\n\n\n\n<p>Learn more about the terms of use of data and maps: https:\/\/brasil.mapbiomas.org\/en\/termos-de-uso\/<\/p>\n\n\n\n<p><strong>Contact<\/strong><\/p>\n\n\n\n<p>Questions, suggestions, or contributions can be sent to:<br><strong>contato@mapbiomas.org<\/strong><\/p>","protected":false},"excerpt":{"rendered":"<p>A Cole\u00e7\u00e3o 4 do MapBiomas Fogo apresenta o mapeamento anual e mensal de cicatrizes de fogo no Brasil de 1985 a 2024, incluindo: (a) \u00c1rea queimada anual, (b) \u00c1rea queimada&nbsp; mensal, (c) Frequ\u00eancia de \u00e1rea queimada, (d) \u00c1rea queimada acumulada, (e) Tamanho das cicatrizes de fogo, e (f) Ano da \u00faltima ocorr\u00eancia de fogo. Os [&hellip;]<\/p>","protected":false},"author":2,"featured_media":0,"parent":0,"menu_order":0,"comment_status":"closed","ping_status":"closed","template":"","meta":{"_uag_custom_page_level_css":""},"acf":[],"uagb_featured_image_src":{"full":false,"thumbnail":false,"medium":false,"medium_large":false,"large":false,"1536x1536":false,"2048x2048":false,"trp-custom-language-flag":false,"infographic":false,"team":false},"uagb_author_info":{"display_name":"Adriel Fernandes","author_link":"https:\/\/brasil.mapbiomas.org\/en\/author\/adriel-fernandes\/"},"uagb_comment_info":0,"uagb_excerpt":"A Cole\u00e7\u00e3o 4 do MapBiomas Fogo apresenta o mapeamento anual e mensal de cicatrizes de fogo no Brasil de 1985 a 2024, incluindo: (a) \u00c1rea queimada anual, (b) \u00c1rea queimada&nbsp; mensal, (c) Frequ\u00eancia de \u00e1rea queimada, (d) \u00c1rea queimada acumulada, (e) Tamanho das cicatrizes de fogo, e (f) Ano da \u00faltima ocorr\u00eancia de fogo. Os&hellip;","_links":{"self":[{"href":"https:\/\/brasil.mapbiomas.org\/en\/wp-json\/wp\/v2\/pages\/6902"}],"collection":[{"href":"https:\/\/brasil.mapbiomas.org\/en\/wp-json\/wp\/v2\/pages"}],"about":[{"href":"https:\/\/brasil.mapbiomas.org\/en\/wp-json\/wp\/v2\/types\/page"}],"author":[{"embeddable":true,"href":"https:\/\/brasil.mapbiomas.org\/en\/wp-json\/wp\/v2\/users\/2"}],"replies":[{"embeddable":true,"href":"https:\/\/brasil.mapbiomas.org\/en\/wp-json\/wp\/v2\/comments?post=6902"}],"version-history":[{"count":16,"href":"https:\/\/brasil.mapbiomas.org\/en\/wp-json\/wp\/v2\/pages\/6902\/revisions"}],"predecessor-version":[{"id":6923,"href":"https:\/\/brasil.mapbiomas.org\/en\/wp-json\/wp\/v2\/pages\/6902\/revisions\/6923"}],"wp:attachment":[{"href":"https:\/\/brasil.mapbiomas.org\/en\/wp-json\/wp\/v2\/media?parent=6902"}],"curies":[{"name":"wp","href":"https:\/\/api.w.org\/{rel}","templated":true}]}}