{"id":6265,"date":"2024-12-20T18:57:29","date_gmt":"2024-12-20T21:57:29","guid":{"rendered":"https:\/\/brasil.mapbiomas.org\/?page_id=6265"},"modified":"2024-12-20T19:42:34","modified_gmt":"2024-12-20T22:42:34","slug":"monitor-do-credito-rural","status":"publish","type":"page","link":"https:\/\/brasil.mapbiomas.org\/en\/monitor-do-credito-rural\/","title":{"rendered":"Rural Credit Monitor"},"content":{"rendered":"<p class=\"has-medium-font-size\"><a href=\"https:\/\/drive.google.com\/file\/d\/1tO0-qYUAQKRHJWrbYxO7VsUmwHLEn-TS\/view?usp=sharing\">Download dos arquivos vetorias<\/a> organizados para publica\u00e7\u00e3o do Monitor do Cr\u00e9dito Rural<\/p>\n\n\n\n<p class=\"has-medium-font-size\">Data de atualiza\u00e7\u00e3o:<br>Sicor: 16\/10\/2024<br>CAR: 01\/2024<\/p>","protected":false},"excerpt":{"rendered":"<p>Download dos arquivos vetorias organizados para publica\u00e7\u00e3o do Monitor do Cr\u00e9dito Rural Data de atualiza\u00e7\u00e3o:Sicor: 16\/10\/2024CAR: 01\/2024<\/p>","protected":false},"author":21,"featured_media":0,"parent":0,"menu_order":0,"comment_status":"closed","ping_status":"closed","template":"","meta":{"_uag_custom_page_level_css":""},"acf":[],"uagb_featured_image_src":{"full":false,"thumbnail":false,"medium":false,"medium_large":false,"large":false,"1536x1536":false,"2048x2048":false,"trp-custom-language-flag":false,"infographic":false,"team":false},"uagb_author_info":{"display_name":"Marcos Rosa","author_link":"https:\/\/brasil.mapbiomas.org\/en\/author\/marcosrosa\/"},"uagb_comment_info":0,"uagb_excerpt":"Download dos arquivos vetorias organizados para publica\u00e7\u00e3o do Monitor do Cr\u00e9dito Rural Data de atualiza\u00e7\u00e3o:Sicor: 16\/10\/2024CAR: 01\/2024","_links":{"self":[{"href":"https:\/\/brasil.mapbiomas.org\/en\/wp-json\/wp\/v2\/pages\/6265"}],"collection":[{"href":"https:\/\/brasil.mapbiomas.org\/en\/wp-json\/wp\/v2\/pages"}],"about":[{"href":"https:\/\/brasil.mapbiomas.org\/en\/wp-json\/wp\/v2\/types\/page"}],"author":[{"embeddable":true,"href":"https:\/\/brasil.mapbiomas.org\/en\/wp-json\/wp\/v2\/users\/21"}],"replies":[{"embeddable":true,"href":"https:\/\/brasil.mapbiomas.org\/en\/wp-json\/wp\/v2\/comments?post=6265"}],"version-history":[{"count":3,"href":"https:\/\/brasil.mapbiomas.org\/en\/wp-json\/wp\/v2\/pages\/6265\/revisions"}],"predecessor-version":[{"id":6268,"href":"https:\/\/brasil.mapbiomas.org\/en\/wp-json\/wp\/v2\/pages\/6265\/revisions\/6268"}],"wp:attachment":[{"href":"https:\/\/brasil.mapbiomas.org\/en\/wp-json\/wp\/v2\/media?parent=6265"}],"curies":[{"name":"wp","href":"https:\/\/api.w.org\/{rel}","templated":true}]}}