{"id":5806,"date":"2024-11-07T14:45:55","date_gmt":"2024-11-07T17:45:55","guid":{"rendered":"https:\/\/brasil.mapbiomas.org\/?page_id=5806"},"modified":"2026-03-04T10:44:47","modified_gmt":"2026-03-04T13:44:47","slug":"modulo-urbano","status":"publish","type":"page","link":"https:\/\/brasil.mapbiomas.org\/en\/modulo-urbano\/","title":{"rendered":"Urban Module"},"content":{"rendered":"<p>The Urban Module on the MapBiomas platform provides detailed mapping of urbanized areas in Brazil, covering the period from 1985 to 2024 (Collection 10). It allows users to consult urbanization data by year and by 5-year periods, urban vegetation data, and urbanization data by slope and altitude in relation to the nearest drainage system.&nbsp;<\/p>\n\n\n\n<p>Informa\u00e7\u00f5es sobre o m\u00e9todo est\u00e3o dispon\u00edveis no<a href=\"https:\/\/brasil.mapbiomas.org\/wp-content\/uploads\/sites\/4\/2026\/03\/Urban-Areas-ATBD-Collection-10-rev.-Modulo.docx.pdf\" target=\"_blank\" rel=\"noreferrer noopener\"> ATDB <\/a>no Ap\u00eandice do M\u00f3dulo Urbano.<\/p>\n\n\n\n<p><strong>The maps of the most current collections of the Urban Module can be accessed in the following ways:<\/strong><\/p>\n\n\n\n<p class=\"has-small-font-size\">1. browsing<em>&nbsp;on line<\/em>&nbsp;through the&nbsp;<strong>MapBiomas dashboard<\/strong>:&nbsp;<a href=\"https:\/\/plataforma.brasil.mapbiomas.org\/urbano\" target=\"_blank\" rel=\"noreferrer noopener\">https:\/\/plataforma.brasil.mapbiomas.org\/urbano<\/a><\/p>\n\n\n\n<p class=\"has-small-font-size\">2. Access the&nbsp;<em>asset<\/em>&nbsp;asset on&nbsp;<em><strong>Google Earth Engine<\/strong><\/em>: ID:&nbsp;<\/p>\n\n\n\n<ul>\n<li>Proximity to Hydrography (HAND): (<a href=\"https:\/\/code.earthengine.google.com\/545feaa9f7b2d1481f6aaeca48514836?noload=true\" data-type=\"URL\" target=\"_blank\" rel=\"noreferrer noopener\">see GEE code example<\/a>)<\/li>\n<\/ul>\n\n\n\n<p class=\"has-small-font-size\"> projects\/mapbiomas-public\/assets\/brazil\/urban\/collection2\/mapbiomas_brazil_collection2_urban_hand_v2<\/p>\n\n\n\n<ul>\n<li>Slope: (<a href=\"https:\/\/code.earthengine.google.com\/4f5c665e22940bc5b2e8501b27891b5c\" target=\"_blank\" rel=\"noreferrer noopener\">see GEE code example<\/a>)<\/li>\n<\/ul>\n\n\n\n<p class=\"has-small-font-size\"> projects\/mapbiomas-public\/assets\/brazil\/urban\/collection2\/mapbiomas_brazil_collection2_urban_slope_v2<\/p>\n\n\n\n<ul>\n<li>Periods of Urban Expansion: (<a href=\"https:\/\/code.earthengine.google.com\/0c2b19abdd4742a9809b78184596aaaf\" data-type=\"URL\" target=\"_blank\" rel=\"noreferrer noopener\">see GEE code example<\/a>)<\/li>\n<\/ul>\n\n\n\n<p class=\"has-small-font-size\">projects\/mapbiomas-public\/assets\/brazil\/urban\/collection2\/mapbiomas_brazil_collection2_urban_periods_v2<\/p>\n\n\n\n<ul>\n<li>Urban vegetation<a href=\"https:\/\/code.earthengine.google.com\/82d7666068855d4b63fb709634de1abd\">: (veja exemplo de c\u00f3digo no GEE<\/a>)<\/li>\n<\/ul>\n\n\n\n<p class=\"has-small-font-size\">projects\/mapbiomas-public\/assets\/brazil\/urban\/collection2\/mapbiomas_brazil_collection2_urban_vegetation_v2 <\/p>\n\n\n\n<p class=\"has-medium-font-size\"><strong>Table with <a rel=\"noreferrer noopener\" href=\"https:\/\/drive.usercontent.google.com\/download?id=1Bxa_irBxpT7gzBXj1nzpr-uQD8tergOO&amp;export=download&amp;authuser=3\" data-type=\"URL\" data-id=\"https:\/\/drive.usercontent.google.com\/download?id=1Bxa_irBxpT7gzBXj1nzpr-uQD8tergOO&amp;export=download&amp;authuser=3\" target=\"_blank\">Urban Module statistics<\/a><\/strong> (Collection 10)<\/p>","protected":false},"excerpt":{"rendered":"<p>O M\u00f3dulo Urbano na plataforma do MapBiomas fornece um mapeamento detalhado das \u00e1reas urbanizadas no Brasil, abrangendo o per\u00edodo de 1985 a 2024 (Cole\u00e7\u00e3o 10). Nele \u00e9 poss\u00edvel consultar os dados de urbaniza\u00e7\u00e3o por ano e por per\u00edodos de 5 anos, os dados de vegeta\u00e7\u00e3o urbana e dados da urbaniza\u00e7\u00e3o por faixa de declividade e [&hellip;]<\/p>","protected":false},"author":21,"featured_media":0,"parent":0,"menu_order":0,"comment_status":"closed","ping_status":"closed","template":"","meta":{"_uag_custom_page_level_css":""},"acf":[],"uagb_featured_image_src":{"full":false,"thumbnail":false,"medium":false,"medium_large":false,"large":false,"1536x1536":false,"2048x2048":false,"trp-custom-language-flag":false,"infographic":false,"team":false},"uagb_author_info":{"display_name":"Marcos Rosa","author_link":"https:\/\/brasil.mapbiomas.org\/en\/author\/marcosrosa\/"},"uagb_comment_info":0,"uagb_excerpt":"O M\u00f3dulo Urbano na plataforma do MapBiomas fornece um mapeamento detalhado das \u00e1reas urbanizadas no Brasil, abrangendo o per\u00edodo de 1985 a 2024 (Cole\u00e7\u00e3o 10). Nele \u00e9 poss\u00edvel consultar os dados de urbaniza\u00e7\u00e3o por ano e por per\u00edodos de 5 anos, os dados de vegeta\u00e7\u00e3o urbana e dados da urbaniza\u00e7\u00e3o por faixa de declividade e&hellip;","_links":{"self":[{"href":"https:\/\/brasil.mapbiomas.org\/en\/wp-json\/wp\/v2\/pages\/5806"}],"collection":[{"href":"https:\/\/brasil.mapbiomas.org\/en\/wp-json\/wp\/v2\/pages"}],"about":[{"href":"https:\/\/brasil.mapbiomas.org\/en\/wp-json\/wp\/v2\/types\/page"}],"author":[{"embeddable":true,"href":"https:\/\/brasil.mapbiomas.org\/en\/wp-json\/wp\/v2\/users\/21"}],"replies":[{"embeddable":true,"href":"https:\/\/brasil.mapbiomas.org\/en\/wp-json\/wp\/v2\/comments?post=5806"}],"version-history":[{"count":38,"href":"https:\/\/brasil.mapbiomas.org\/en\/wp-json\/wp\/v2\/pages\/5806\/revisions"}],"predecessor-version":[{"id":8516,"href":"https:\/\/brasil.mapbiomas.org\/en\/wp-json\/wp\/v2\/pages\/5806\/revisions\/8516"}],"wp:attachment":[{"href":"https:\/\/brasil.mapbiomas.org\/en\/wp-json\/wp\/v2\/media?parent=5806"}],"curies":[{"name":"wp","href":"https:\/\/api.w.org\/{rel}","templated":true}]}}