{"id":4278,"date":"2024-07-04T22:21:54","date_gmt":"2024-07-04T22:21:54","guid":{"rendered":"https:\/\/brasil.mapbiomas.org\/?page_id=4278"},"modified":"2024-07-05T02:55:42","modified_gmt":"2024-07-05T02:55:42","slug":"dados-do-modulo-mapbiomas-degradacao","status":"publish","type":"page","link":"https:\/\/brasil.mapbiomas.org\/en\/dados-do-modulo-mapbiomas-degradacao\/","title":{"rendered":"MAPBIOMAS DEGRADATION MODULE DATA"},"content":{"rendered":"<p>The beta version of the Degradation module available on the MapBiomas platform presents the degradation drivers of native vegetation in Brazil between 1986 and 2021. The drivers include edge area, fragment size, isolation, fire frequency, time since the last fire, and secondary vegetation age.<\/p>\n\n\n\n<p>The data of this beta version of the degradation module is available for download by clicking <strong><a href=\"https:\/\/code.earthengine.google.com\/?scriptPath=usersmapbiomasuser-toolkitmapbiomas-user-toolkit-degradation.js\" target=\"_blank\" rel=\"noreferrer noopener\">here<\/a><\/strong>.<\/p>\n\n\n\n<p>Statistics are available in files by country, biome, states, municipalities, river basins and protected areas for each of the drivers (fire, edge area, fragment size, isolation, secondary vegetation) in this <a href=\"https:\/\/storage.googleapis.com\/mapbiomas-public\/initiatives\/brasil\/collection_8\/degradation\/statistics\/brazil-degradation-statistics.zip\" target=\"_blank\" rel=\"noreferrer noopener\">zip file<\/a>.<\/p>\n\n\n\n<p>If you have questions, suggestions, or feedback, please contact us at the following email: <a href=\"mailto:contato@mapbiomas.org\">contato@mapbiomas.org<\/a>.<\/p>\n\n\n\n<p>MapBiomas data is public, open, and free under the CC-BY-SA license and must be cited in the following format: \"Brazil's native vegetation degradation module (1986-2021) - beta version, accessed on [DATE] [LINK]\"<\/p>","protected":false},"excerpt":{"rendered":"<p>A vers\u00e3o beta do m\u00f3dulo de Degrada\u00e7\u00e3o dispon\u00edvel na plataforma do MapBiomas apresenta os vetores de degrada\u00e7\u00e3o da vegeta\u00e7\u00e3o nativa do Brasil entre 1986 a 2021. Os vetores incluem: \u00e1rea de borda, tamanho do fragmento, isolamento, frequ\u00eancia do fogo, tempo desde o \u00faltimo fogo e idade da vegeta\u00e7\u00e3o secund\u00e1ria. Os dados do m\u00f3dulo da vers\u00e3o [&hellip;]<\/p>","protected":false},"author":2,"featured_media":0,"parent":0,"menu_order":0,"comment_status":"closed","ping_status":"closed","template":"","meta":{"_uag_custom_page_level_css":""},"acf":[],"uagb_featured_image_src":{"full":false,"thumbnail":false,"medium":false,"medium_large":false,"large":false,"1536x1536":false,"2048x2048":false,"trp-custom-language-flag":false,"infographic":false,"team":false},"uagb_author_info":{"display_name":"Adriel Fernandes","author_link":"https:\/\/brasil.mapbiomas.org\/en\/author\/adriel-fernandes\/"},"uagb_comment_info":0,"uagb_excerpt":"A vers\u00e3o beta do m\u00f3dulo de Degrada\u00e7\u00e3o dispon\u00edvel na plataforma do MapBiomas apresenta os vetores de degrada\u00e7\u00e3o da vegeta\u00e7\u00e3o nativa do Brasil entre 1986 a 2021. Os vetores incluem: \u00e1rea de borda, tamanho do fragmento, isolamento, frequ\u00eancia do fogo, tempo desde o \u00faltimo fogo e idade da vegeta\u00e7\u00e3o secund\u00e1ria. Os dados do m\u00f3dulo da vers\u00e3o&hellip;","_links":{"self":[{"href":"https:\/\/brasil.mapbiomas.org\/en\/wp-json\/wp\/v2\/pages\/4278"}],"collection":[{"href":"https:\/\/brasil.mapbiomas.org\/en\/wp-json\/wp\/v2\/pages"}],"about":[{"href":"https:\/\/brasil.mapbiomas.org\/en\/wp-json\/wp\/v2\/types\/page"}],"author":[{"embeddable":true,"href":"https:\/\/brasil.mapbiomas.org\/en\/wp-json\/wp\/v2\/users\/2"}],"replies":[{"embeddable":true,"href":"https:\/\/brasil.mapbiomas.org\/en\/wp-json\/wp\/v2\/comments?post=4278"}],"version-history":[{"count":4,"href":"https:\/\/brasil.mapbiomas.org\/en\/wp-json\/wp\/v2\/pages\/4278\/revisions"}],"predecessor-version":[{"id":4284,"href":"https:\/\/brasil.mapbiomas.org\/en\/wp-json\/wp\/v2\/pages\/4278\/revisions\/4284"}],"wp:attachment":[{"href":"https:\/\/brasil.mapbiomas.org\/en\/wp-json\/wp\/v2\/media?parent=4278"}],"curies":[{"name":"wp","href":"https:\/\/api.w.org\/{rel}","templated":true}]}}