{"id":3366,"date":"2023-11-23T19:18:01","date_gmt":"2023-11-23T19:18:01","guid":{"rendered":"https:\/\/brasil.mapbiomas.org\/?page_id=3366"},"modified":"2026-01-28T17:28:09","modified_gmt":"2026-01-28T20:28:09","slug":"destaques-de-colecoes-anteriores","status":"publish","type":"page","link":"https:\/\/brasil.mapbiomas.org\/en\/destaques-de-colecoes-anteriores\/","title":{"rendered":"DESTAQUES DE COLE\u00c7\u00d5ES ANTERIORES"},"content":{"rendered":"<p><strong>202<\/strong>4<\/p>\n\n\n\n<ul>\n<li><a href=\"https:\/\/brasil.mapbiomas.org\/wp-content\/uploads\/sites\/4\/2024\/12\/Factsheet-Solo_06.12_v3.pdf\">Mapeamento da textura e estoque anual de carbono org\u00e2nico do solo (COS) no Brasil (0-30cm) (MapBiomas Solo Cole\u00e7\u00e3o 2 beta)<\/a><\/li>\n\n\n\n<li><a href=\"https:\/\/brasil.mapbiomas.org\/wp-content\/uploads\/sites\/4\/2024\/09\/Factsheet-Cerrado_C9_17.09.24_FG-e-AG_v3.pdf\">Annual mapping of land cover and use in Brazil from 1985 to 2023 - Caatinga biome (Collection 9 | Available only in Portuguese)<\/a><\/li>\n\n\n\n<li><a href=\"https:\/\/brasil.mapbiomas.org\/wp-content\/uploads\/sites\/4\/2024\/12\/Factsheet-Pastagem_C9_05.12_v3.pdf\">Annual mapping of land cover and use in Brazil from 1985 to 2023 - Pasture (Collection 9 | Available only in Portuguese)<\/a><\/li>\n\n\n\n<li><a href=\"https:\/\/brasil.mapbiomas.org\/wp-content\/uploads\/sites\/4\/2024\/12\/Factsheet-Agricultura_C9_05.12_v2.pdf\">Annual mapping of land cover and use in Brazil from 1985 to 2023 - Agriculture and Irrigation (Collection 9 | Available only in Portuguese)<\/a><\/li>\n\n\n\n<li><a href=\"https:\/\/brasil.mapbiomas.org\/wp-content\/uploads\/sites\/4\/2024\/10\/Factsheet-Amazonia_C9_01.10_v2.pdf\" data-type=\"URL\" data-id=\"https:\/\/brasil.mapbiomas.org\/wp-content\/uploads\/sites\/4\/2024\/10\/Factsheet-Amazonia_C9_01.10_v2.pdf\">Annual mapping of land cover and use in Brazil from 1985 to 2023 - Amazon biome (Collection 9 | Available only in Portuguese)<\/a><\/li>\n\n\n\n<li><a href=\"https:\/\/brasil.mapbiomas.org\/wp-content\/uploads\/sites\/4\/2024\/12\/Factsheet-Mata_Atlantica_C9_26.11.pdf\">Annual mapping of land cover and use in Brazil from 1985 to 2023 - Atlantic Forest biome (Collection 9 | Available only in Portuguese)<\/a><\/li>\n\n\n\n<li><a href=\"https:\/\/brasil.mapbiomas.org\/wp-content\/uploads\/sites\/4\/2024\/12\/Factsheet-Areas-Urbanizadas_C9_25.11.pdf\">Annual mapping of land cover and use in Brazil from 1985 to 2023 - Urban areas (Collection 9 | Available only in Portuguese)<\/a><\/li>\n\n\n\n<li><a href=\"https:\/\/brasil.mapbiomas.org\/wp-content\/uploads\/sites\/4\/2024\/12\/Factsheet-Pantanal_C9_25.10_v6-1.pdf\">Annual mapping of land cover and use in Brazil from 1985 to 2023 - Pantanal biome (Collection 9 | Available only in Portuguese)<\/a><\/li>\n\n\n\n<li><a href=\"https:\/\/brasil.mapbiomas.org\/wp-content\/uploads\/sites\/4\/2024\/09\/Factsheet-Cerrado_C9_17.09.24_FG-e-AG_v3.pdf\">Annual mapping of land cover and use in Brazil from 1985 to 2023 - Cerrado biome (Collection 9 | Available only in Portuguese)<\/a><\/li>\n\n\n\n<li><a href=\"https:\/\/brasil.mapbiomas.org\/wp-content\/uploads\/sites\/4\/2024\/08\/Fact_Colecao-9_21.08-OK.pdf\">Annual mapping of land cover and use in Brazil from 1985 to 2023 (Collection 9 | Available only in Portuguese)<\/a><\/li>\n\n\n\n<li><a rel=\"noreferrer noopener\" href=\"https:\/\/brasil.mapbiomas.org\/wp-content\/uploads\/sites\/4\/2024\/06\/Fact_MapBiomas_Agua_2023_25.06.24.pdf\" target=\"_blank\">Overview of Brazil's surface water area from 1985 to 2023<\/a> (Collection 2)<\/li>\n\n\n\n<li><a href=\"https:\/\/brasil.mapbiomas.org\/wp-content\/uploads\/sites\/4\/2024\/04\/Factsheet_Mineracao-e-Agua_18.04.24.pdf\">Garimpo's proximity to rivers and lakes in the Amazon<\/a> (MapBiomas Brazil Collection 8 and MapBiomas Water Collection 2)<\/li>\n\n\n\n<li><a href=\"https:\/\/brasil.mapbiomas.org\/wp-content\/uploads\/sites\/4\/2024\/06\/Fact_MapBiomas_Fogo_Colecao3_28.06-1.pdf\" target=\"_blank\" rel=\"noreferrer noopener\">Hist\u00f3rico do fogo no Brasil de 1985 a 2023 (Cole\u00e7\u00e3o 3)<\/a><\/li>\n<\/ul>\n\n\n\n<p><strong>2023<\/strong><\/p>\n\n\n\n<ul>\n<li><a rel=\"noreferrer noopener\" href=\"https:\/\/brasil.mapbiomas.org\/wp-content\/uploads\/sites\/4\/2023\/08\/MapBiomas_Solo_JUNHO_2023_21.06_OK_Alta__1_.pdf\" target=\"_blank\">Annual mapping of soil organic carbon stock in Brazil from 1985 to 2021.<\/a> (Collection 1 Beta)<\/li>\n\n\n\n<li><a rel=\"noreferrer noopener\" href=\"https:\/\/brasil.mapbiomas.org\/wp-content\/uploads\/sites\/4\/2023\/12\/FACT_MapBiomas_Quilombos_18.12.pdf\" target=\"_blank\">Cobertura de vegeta\u00e7\u00e3o nativa nos territ\u00f3rios quilombolas no Brasil<\/a> (collection 8)<\/li>\n\n\n\n<li><a rel=\"noreferrer noopener\" href=\"https:\/\/brasil.mapbiomas.org\/wp-content\/uploads\/sites\/4\/2023\/10\/FACT_MapBiomas_Florestas_23.10.2023_v5.pdf\" target=\"_blank\">As florestas do Brasil de 1985 a 2022<\/a> (collection 8)<\/li>\n\n\n\n<li><a rel=\"noreferrer noopener\" href=\"https:\/\/brasil.mapbiomas.org\/wp-content\/uploads\/sites\/4\/2023\/11\/FACT_MapBiomas_Nao_Florestais_22.11_v6.pdf\" target=\"_blank\">Brasil al\u00e9m da florestas: a vegeta\u00e7\u00e3o herb\u00e1cea e arbustiva nos biomas de 1985 a 2022<\/a> (collection 8)<\/li>\n\n\n\n<li><a rel=\"noreferrer noopener\" href=\"https:\/\/brasil.mapbiomas.org\/wp-content\/uploads\/sites\/4\/2023\/10\/FACT_Areas-Urbanas-no-Brasil_31.10_v2.pdf\" target=\"_blank\">\u00c1reas urbanizadas no Brasil de 1985 a 2022<\/a> (collection 8)<\/li>\n\n\n\n<li><a rel=\"noreferrer noopener\" href=\"https:\/\/brasil.mapbiomas.org\/wp-content\/uploads\/sites\/4\/2023\/09\/Fact_ing_versao-final.pdf\" target=\"_blank\">Mapeamento do uso e cobertura da terra no brasil de 1985 a 2022.<\/a> (collection 8)<\/li>\n\n\n\n<li><a rel=\"noreferrer noopener\" href=\"https:\/\/brasil.mapbiomas.org\/wp-content\/uploads\/sites\/4\/2023\/09\/MapBiomas-FACT_Mineracao_21.09-1.pdf\" target=\"_blank\">Destaque do mapeamento anual da minera\u00e7\u00e3o &#8211; 1985 a 2022.<\/a> (collection 8)<\/li>\n\n\n\n<li><a rel=\"noreferrer noopener\" href=\"https:\/\/brasil.mapbiomas.org\/wp-content\/uploads\/sites\/4\/2023\/10\/FACT_MapBiomas_Agropecuaria_04.10_v2-1.pdf\" target=\"_blank\">Destaque da agropecu\u00e1ria no brasil de 1985 a 2022.<\/a> (collection 8)<\/li>\n\n\n\n<li><a href=\"https:\/\/brasil.mapbiomas.org\/wp-content\/uploads\/sites\/4\/2026\/01\/image_fact_sheet_degradacao.jpg\">Destaques do m\u00f3dulo de Degrada\u00e7\u00e3o da vegeta\u00e7\u00e3o nativa do Brasil (Vers\u00e3o Beta) (1986-2021)<\/a> (Cole\u00e7\u00e3o 8 &#8211; Cobertura e Uso da Terra | Cole\u00e7\u00e3o 2 &#8211; Fogo)<\/li>\n\n\n\n<li><a rel=\"noreferrer noopener\" href=\"https:\/\/brasil.mapbiomas.org\/wp-content\/uploads\/sites\/4\/2024\/08\/MapBiomas_Agua_2023_final.pdf\" target=\"_blank\">The dynamics of water surfaces in Brazil from 1985 to 2022 (only in portuguese).<\/a> (collection 2)<\/li>\n\n\n\n<li><a rel=\"noreferrer noopener\" href=\"https:\/\/brasil.mapbiomas.org\/wp-content\/uploads\/sites\/4\/2024\/08\/MapBiomas_Fogo_2023_v6_25.04__1_.pdf\" target=\"_blank\">The scars left by fire on Brazilian territory from 1985 to 2022 (only in Portuguese).<\/a> (collection 2)<\/li>\n<\/ul>\n\n\n\n<p><strong>2022<\/strong><\/p>\n\n\n\n<ul>\n<li><a rel=\"noreferrer noopener\" href=\"https:\/\/brasil.mapbiomas.org\/wp-content\/uploads\/sites\/4\/2023\/11\/MapBiomas_Colecao7_2022_10.10.pdf-_.pdf\" target=\"_blank\">Annual mapping of land cover and land use in Brazil from 1985 to 2021 (only in Portuguese).<\/a> (cole\u00e7\u00e3o 7)<\/li>\n\n\n\n<li><a rel=\"noreferrer noopener\" href=\"https:\/\/brasil.mapbiomas.org\/wp-content\/uploads\/sites\/4\/2023\/11\/MapBiomas_CERRADO_2022_09092022__1_.pdf-_.pdf\" target=\"_blank\">Annual mapping of land cover and land use in Brazil from 1985 to 2021 \u2013 Cerrado (only in Portuguese).<\/a> (cole\u00e7\u00e3o 7)<\/li>\n\n\n\n<li><a rel=\"noreferrer noopener\" href=\"https:\/\/brasil.mapbiomas.org\/wp-content\/uploads\/sites\/4\/2023\/11\/MapBiomas_AMAZONIA_Setembro_2022_03092022.pdf-_.pdf\" target=\"_blank\">Annual mapping of land cover and land use in Brazil from 1985 to 2021 \u2013 Amazon (only in Portuguese).<\/a> (cole\u00e7\u00e3o 7)<\/li>\n\n\n\n<li><a rel=\"noreferrer noopener\" href=\"https:\/\/brasil.mapbiomas.org\/wp-content\/uploads\/sites\/4\/2023\/11\/MapBiomas_Caatinga_2022_10.10.pdf-_.pdf\" target=\"_blank\">Annual mapping of land cover and land use in Brazil from 1985 to 2021 \u2013 Caatinga (only in Portuguese).<\/a> (cole\u00e7\u00e3o 7)<\/li>\n\n\n\n<li><a rel=\"noreferrer noopener\" href=\"https:\/\/brasil.mapbiomas.org\/wp-content\/uploads\/sites\/4\/2023\/11\/MapBiomas_MATA_ATLANTICA_2022_19102022.pdf-_.pdf\" target=\"_blank\">Annual mapping of land cover and land use in Brazil from 1985 to 2021 \u2013 Atlantic Forest (only in Portuguese).<\/a> (cole\u00e7\u00e3o 7)<\/li>\n\n\n\n<li><a rel=\"noreferrer noopener\" href=\"https:\/\/brasil.mapbiomas.org\/wp-content\/uploads\/sites\/4\/2023\/11\/MapBiomas_PAMPA_2022_11.10__1_.pdf-_.pdf\" target=\"_blank\">Annual mapping of land cover and land use in Brazil from 1985 to 2021 \u2013 Pampa (only in Portuguese).<\/a> (cole\u00e7\u00e3o 7)<\/li>\n\n\n\n<li><a href=\"https:\/\/brasil.mapbiomas.org\/wp-content\/uploads\/sites\/4\/2025\/04\/MapBiomas-Area-Urbanizada_2022_03_11-1.pdf-_.pdf\" data-type=\"URL\" data-id=\"https:\/\/brasil.mapbiomas.org\/wp-content\/uploads\/sites\/4\/2025\/04\/MapBiomas-Area-Urbanizada_2022_03_11-1.pdf-_.pdf\" target=\"_blank\" rel=\"noreferrer noopener\">Annual mapping of land cover and land use in Brazil from 1985 to 2021 \u2013 Urban Areas (only in Portuguese).<\/a> (cole\u00e7\u00e3o 7)<\/li>\n\n\n\n<li><a rel=\"noreferrer noopener\" href=\"https:\/\/brasil.mapbiomas.org\/wp-content\/uploads\/sites\/4\/2023\/11\/MapBiomas_Pastagem_2022_30_11.pdf-_.pdf\" target=\"_blank\">Annual mapping of land cover and land use in Brazil from 1985 to 2021 \u2013 Pasture (only in Portuguese).<\/a> (cole\u00e7\u00e3o 7)<\/li>\n\n\n\n<li><a rel=\"noreferrer noopener\" href=\"https:\/\/brasil.mapbiomas.org\/wp-content\/uploads\/sites\/4\/2023\/11\/FactSheet-Pantanal_2022.pdf\" target=\"_blank\">Annual mapping of land cover and land use in Brazil from 1985 to 2021 \u2013 Pantanal (only in Portuguese).<\/a> (cole\u00e7\u00e3o 7)<\/li>\n\n\n\n<li><a rel=\"noreferrer noopener\" href=\"https:\/\/brasil.mapbiomas.org\/wp-content\/uploads\/sites\/4\/2023\/11\/MapBiomas_Irrigacao_2022_22_11_v2.pdf-_.pdf\" target=\"_blank\">Annual mapping of land cover and land use in Brazil from 1985 to 2021 \u2013 Irrigation (only in Portuguese).<\/a> (cole\u00e7\u00e3o 7)<\/li>\n\n\n\n<li><a rel=\"noreferrer noopener\" href=\"https:\/\/brasil.mapbiomas.org\/wp-content\/uploads\/sites\/4\/2023\/11\/MapBiomas_Agricultura_Outubro_2022_25.10.2022_1.pdf-_.pdf\" target=\"_blank\">Annual mapping of Agriculture and Forestry in Brazil from 1985 to 2021 (only in Portuguese).<\/a> (cole\u00e7\u00e3o 7)<\/li>\n\n\n\n<li><a rel=\"noreferrer noopener\" href=\"https:\/\/brasil.mapbiomas.org\/wp-content\/uploads\/sites\/4\/2023\/11\/MapBiomas_Zona_Costeira_2022_18_11_OK.pdf-_.pdf\" target=\"_blank\">Mapeamento anual da zona Costeira no Brasil de 1985 a 2021.<\/a> (cole\u00e7\u00e3o 7)<\/li>\n\n\n\n<li><a rel=\"noreferrer noopener\" href=\"https:\/\/brasil.mapbiomas.org\/wp-content\/uploads\/sites\/4\/2023\/11\/MapBiomas_Mineracao_2022_30_09_1.pdf-_.pdf\" target=\"_blank\">Mapeamento anual de minera\u00e7\u00e3o e Garimpo no Brasil de 1985 a 2021.<\/a> (cole\u00e7\u00e3o 7)<\/li>\n\n\n\n<li><a rel=\"noreferrer noopener\" href=\"https:\/\/brasil.mapbiomas.org\/wp-content\/uploads\/sites\/4\/2023\/11\/MapBiomas_Terras_Indigenas_28.04_OK-.pdf-_.pdf\" target=\"_blank\">7 Facts about Indigenous Lands in Brazil (only in Portuguese).<\/a> (cole\u00e7\u00e3o 7)<\/li>\n\n\n\n<li><a rel=\"noreferrer noopener\" href=\"https:\/\/brasil.mapbiomas.org\/wp-content\/uploads\/sites\/4\/2023\/11\/FSRioSaoFrancisco_03062022_ok3.pdf-_.pdf\" target=\"_blank\">S\u00e3o Francisco Basin \u2013 National Day in Defense of the S\u00e3o Francisco River (only in Portuguese).<\/a> (cole\u00e7\u00e3o 7)<\/li>\n\n\n\n<li><a href=\"https:\/\/brasil.mapbiomas.org\/wp-content\/uploads\/sites\/4\/2023\/08\/MBI-factsheet-COP22-EN-digital-rev4_1.pdf\" data-type=\"URL\" data-id=\"https:\/\/brasil.mapbiomas.org\/wp-content\/uploads\/sites\/4\/2023\/08\/MBI-factsheet-COP22-EN-digital-rev4_1.pdf\">Land use change on threatened biomes in South America and Indonesia: Pressing challenges in the face of climate change<\/a> (cole\u00e7\u00e3o 7)<\/li>\n<\/ul>\n\n\n\n<p><strong>2021<\/strong><\/p>\n\n\n\n<ul>\n<li><a rel=\"noreferrer noopener\" href=\"https:\/\/brasil.mapbiomas.org\/wp-content\/uploads\/sites\/4\/2023\/12\/Fact_Sheet_Colecao_6_Agosto_2021_27082021_OK_ALTA.pdf\" target=\"_blank\">Annual mapping of land cover and land use in Brazil from 1985 to 2020 (only in Portuguese).<\/a> (cole\u00e7\u00e3o 6)<\/li>\n\n\n\n<li><a rel=\"noreferrer noopener\" href=\"https:\/\/brasil.mapbiomas.org\/wp-content\/uploads\/sites\/4\/2023\/12\/Fact_Sheet_CAATINGA_06102010.pdf\" target=\"_blank\">Annual mapping of land cover and land use in Brazil from 1985 to 2020 \u2013 Caatinga (only in Portuguese).<\/a> (cole\u00e7\u00e3o 6)<\/li>\n\n\n\n<li><a rel=\"noreferrer noopener\" href=\"https:\/\/brasil.mapbiomas.org\/wp-content\/uploads\/sites\/4\/2023\/12\/Fact_sheet_MataAtlantica2021.pdf\" target=\"_blank\">Annual mapping of land cover and land use in Brazil from 1985 to 2020 \u2013 Atlantic Forest (only in Portuguese).<\/a> (cole\u00e7\u00e3o 6)<\/li>\n\n\n\n<li><a rel=\"noreferrer noopener\" href=\"https:\/\/brasil.mapbiomas.org\/wp-content\/uploads\/sites\/4\/2023\/12\/Fact_Sheet_Pampa_2021.pdf\" target=\"_blank\">Annual mapping of land cover and land use in Brazil from 1985 to 2020 \u2013 Pampa (only in Portuguese).<\/a> (cole\u00e7\u00e3o 6)<\/li>\n\n\n\n<li><a rel=\"noreferrer noopener\" href=\"https:\/\/brasil.mapbiomas.org\/wp-content\/uploads\/sites\/4\/2023\/12\/Fact_Sheet_Pantanal_2021.pdf\" target=\"_blank\">Annual mapping of land cover and land use in Brazil from 1985 to 2020 \u2013 Pantanal (only in Portuguese).<\/a> (cole\u00e7\u00e3o 6)<\/li>\n\n\n\n<li><a rel=\"noreferrer noopener\" href=\"https:\/\/brasil.mapbiomas.org\/wp-content\/uploads\/sites\/4\/2023\/12\/Fact_Sheet_cerrado_2021.pdf\" target=\"_blank\">Annual mapping of land cover and land use in Brazil from 1985 to 2020 \u2013 Cerrado (only in Portuguese).<\/a> (cole\u00e7\u00e3o 6)<\/li>\n\n\n\n<li><a rel=\"noreferrer noopener\" href=\"https:\/\/brasil.mapbiomas.org\/wp-content\/uploads\/sites\/4\/2023\/12\/Fact_Sheet_Mineracao.pdf\" target=\"_blank\">Annual mapping of Mining and Gold Panning in Brazil from 1985 to 2020 (only in Portuguese).<\/a> (cole\u00e7\u00e3o 6)<\/li>\n\n\n\n<li><a rel=\"noreferrer noopener\" href=\"https:\/\/brasil.mapbiomas.org\/wp-content\/uploads\/sites\/4\/2023\/12\/Fact_Sheet_fogo_2021.pdf\" target=\"_blank\">The scars left by fire on Brazilian territory from 1985 to 2020 (only in Portuguese).<\/a> (cole\u00e7\u00e3o 6)<\/li>\n\n\n\n<li><a rel=\"noreferrer noopener\" href=\"https:\/\/brasil.mapbiomas.org\/wp-content\/uploads\/sites\/4\/2023\/12\/MapBiomas_Agua_Agosto_2021.pdf\" target=\"_blank\">The dynamics of water surfaces in Brazilian territory from 1985 to 2020 (only in Portuguese).<\/a> (cole\u00e7\u00e3o 1)<\/li>\n\n\n\n<li><a rel=\"noreferrer noopener\" href=\"https:\/\/brasil.mapbiomas.org\/wp-content\/uploads\/sites\/4\/2023\/12\/Fact_Sheet_PASTAGEM_13.10.2021.pdf\" target=\"_blank\">Annual mapping of pasture in Brazil from 1985 to 2020 (only in Portuguese).<\/a> (cole\u00e7\u00e3o 6)<\/li>\n\n\n\n<li><a rel=\"noreferrer noopener\" href=\"https:\/\/brasil.mapbiomas.org\/wp-content\/uploads\/sites\/4\/2023\/12\/Fact-Sheet_Agricultura_Silvicultura_2021.pdf\" target=\"_blank\">Annual mapping of Agriculture and Forestry in Brazil from 1985 to 2020 (only in Portuguese).<\/a> (cole\u00e7\u00e3o 6)<\/li>\n<\/ul>\n\n\n\n<p><\/p>","protected":false},"excerpt":{"rendered":"<p>2024 2023 2022 2021<\/p>","protected":false},"author":16,"featured_media":0,"parent":0,"menu_order":0,"comment_status":"closed","ping_status":"closed","template":"","meta":{"_uag_custom_page_level_css":""},"acf":[],"uagb_featured_image_src":{"full":false,"thumbnail":false,"medium":false,"medium_large":false,"large":false,"1536x1536":false,"2048x2048":false,"trp-custom-language-flag":false,"infographic":false,"team":false},"uagb_author_info":{"display_name":"juliashimbo","author_link":"https:\/\/brasil.mapbiomas.org\/en\/author\/juliashimbo\/"},"uagb_comment_info":0,"uagb_excerpt":"2024 2023 2022 2021","_links":{"self":[{"href":"https:\/\/brasil.mapbiomas.org\/en\/wp-json\/wp\/v2\/pages\/3366"}],"collection":[{"href":"https:\/\/brasil.mapbiomas.org\/en\/wp-json\/wp\/v2\/pages"}],"about":[{"href":"https:\/\/brasil.mapbiomas.org\/en\/wp-json\/wp\/v2\/types\/page"}],"author":[{"embeddable":true,"href":"https:\/\/brasil.mapbiomas.org\/en\/wp-json\/wp\/v2\/users\/16"}],"replies":[{"embeddable":true,"href":"https:\/\/brasil.mapbiomas.org\/en\/wp-json\/wp\/v2\/comments?post=3366"}],"version-history":[{"count":25,"href":"https:\/\/brasil.mapbiomas.org\/en\/wp-json\/wp\/v2\/pages\/3366\/revisions"}],"predecessor-version":[{"id":8370,"href":"https:\/\/brasil.mapbiomas.org\/en\/wp-json\/wp\/v2\/pages\/3366\/revisions\/8370"}],"wp:attachment":[{"href":"https:\/\/brasil.mapbiomas.org\/en\/wp-json\/wp\/v2\/media?parent=3366"}],"curies":[{"name":"wp","href":"https:\/\/api.w.org\/{rel}","templated":true}]}}