{"id":1117,"date":"2023-08-22T13:17:33","date_gmt":"2023-08-22T13:17:33","guid":{"rendered":"https:\/\/staging-brasil.mapbiomas.org\/?page_id=1117"},"modified":"2024-02-23T14:40:54","modified_gmt":"2024-02-23T14:40:54","slug":"premio-mapbiomas-4a-edicao","status":"publish","type":"page","link":"https:\/\/brasil.mapbiomas.org\/en\/premio-mapbiomas-4a-edicao\/","title":{"rendered":"MAPBIOMAS AWARD 4TH EDITION"},"content":{"rendered":"<figure class=\"wp-block-image size-large\"><img decoding=\"async\" loading=\"lazy\" width=\"1024\" height=\"348\" src=\"https:\/\/staging-brasil.mapbiomas.org\/wp-content\/uploads\/sites\/4\/2023\/08\/topo_pr_c3_a_amio_map_biomas___4_c2_aa_edi_c3_a7_c3_a3o__1047_x_367_px___1__1-1024x348.png\" alt=\"\" class=\"wp-image-1149\" srcset=\"https:\/\/brasil.mapbiomas.org\/wp-content\/uploads\/sites\/4\/2023\/08\/topo_pr_c3_a_amio_map_biomas___4_c2_aa_edi_c3_a7_c3_a3o__1047_x_367_px___1__1-1024x348.png 1024w, https:\/\/brasil.mapbiomas.org\/wp-content\/uploads\/sites\/4\/2023\/08\/topo_pr_c3_a_amio_map_biomas___4_c2_aa_edi_c3_a7_c3_a3o__1047_x_367_px___1__1-300x102.png 300w, https:\/\/brasil.mapbiomas.org\/wp-content\/uploads\/sites\/4\/2023\/08\/topo_pr_c3_a_amio_map_biomas___4_c2_aa_edi_c3_a7_c3_a3o__1047_x_367_px___1__1-768x261.png 768w, https:\/\/brasil.mapbiomas.org\/wp-content\/uploads\/sites\/4\/2023\/08\/topo_pr_c3_a_amio_map_biomas___4_c2_aa_edi_c3_a7_c3_a3o__1047_x_367_px___1__1-18x6.png 18w, https:\/\/brasil.mapbiomas.org\/wp-content\/uploads\/sites\/4\/2023\/08\/topo_pr_c3_a_amio_map_biomas___4_c2_aa_edi_c3_a7_c3_a3o__1047_x_367_px___1__1.png 1176w\" sizes=\"(max-width: 1024px) 100vw, 1024px\" \/><\/figure>\n\n\n\n<p>The 4th edition of the MapBiomas Award, held in partnership with Instituto Ci\u00eancia Hoje, ended on August 9, 2022, with an online ceremony to announce the winners and present their work. This year's edition aimed to encourage applications and works that use data from any MapBiomas initiative, module or product, including initiatives from other countries such as MapBiomas Amaz\u00f4nia, Chaco, Bosque Atl\u00e2ntico and South American Pampa and Indonesia. To understand a little more about the initiatives, acess:\u00a0<a href=\"https:\/\/brasil.mapbiomas.org\/en\/iniciativas-mapbiomas\/\">https:\/\/brasil.mapbiomas.org\/iniciativas-mapbiomas\/<\/a><\/p>\n\n\n\n<p><strong>Check out the awards ceremony:<\/strong><\/p>\n\n\n<p><strong><\/strong><\/p>\n\n\n<hr class=\"wp-block-separator has-alpha-channel-opacity\"\/>\n\n\n\n<p><strong>Winners of the 4th Edition of the MapBiomas Award<\/strong><\/p>\n\n\n\n<p>Know more about the winning works of the 4th Edition of the MapBiomas Award below:<\/p>\n\n\n\n<ul>\n<li><strong>General Category<br><\/strong>\n<ul>\n<li class=\" translation-block\"><strong>1st place:  Trevor Ray Tisler (UFMG)<\/strong><br><a rel=\"noreferrer noopener\" href=\"https:\/\/www.science.org\/doi\/10.1126\/sciadv.abi5548\" target=\"_blank\">Conservation opportunities and challenges in Brazil\u2019s roadless and railroad-less areas<\/a><br><\/li>\n<\/ul>\n<\/li>\n<\/ul>\n\n\n\n<figure class=\"wp-block-embed is-type-rich is-provider-incorporar-manipulador wp-block-embed-incorporar-manipulador wp-embed-aspect-16-9 wp-has-aspect-ratio\"><div class=\"wp-block-embed__wrapper\">\n<iframe loading=\"lazy\" title=\"Oportunidades e desafios de conserva\u00e7\u00e3o nas \u00e1reas sem estradas e ferrovias do Brasil\" width=\"500\" height=\"281\" src=\"https:\/\/www.youtube.com\/embed\/19IniOiz4Tc?feature=oembed\" frameborder=\"0\" allow=\"accelerometer; autoplay; clipboard-write; encrypted-media; gyroscope; picture-in-picture; web-share\" allowfullscreen><\/iframe>\n<\/div><\/figure>\n\n\n\n<ul>\n<li class=\" translation-block\"><strong>2nd place: Patricia G. C. Ruggiero (USP)<br><\/strong><a rel=\"noreferrer noopener\" href=\"https:\/\/conbio.onlinelibrary.wiley.com\/doi\/10.1111\/conl.12818\" target=\"_blank\">Election cycles affect deforestation within Brazil's Atlantic Forest<\/a><br><\/li>\n<\/ul>\n\n\n\n<figure class=\"wp-block-embed is-type-rich is-provider-incorporar-manipulador wp-block-embed-incorporar-manipulador wp-embed-aspect-16-9 wp-has-aspect-ratio\"><div class=\"wp-block-embed__wrapper\">\n<iframe loading=\"lazy\" title=\"Os ciclos eleitorais afetam o desmatamento na Mata Atl\u00e2ntica brasileira\" width=\"500\" height=\"281\" src=\"https:\/\/www.youtube.com\/embed\/4hYJ3of0ui8?feature=oembed\" frameborder=\"0\" allow=\"accelerometer; autoplay; clipboard-write; encrypted-media; gyroscope; picture-in-picture; web-share\" allowfullscreen><\/iframe>\n<\/div><\/figure>\n\n\n\n<hr class=\"wp-block-separator has-alpha-channel-opacity\"\/>\n\n\n\n<ul>\n<li><strong>Young Category<br><\/strong>\n<ul>\n<li class=\" translation-block\"><strong>1st place: Alexandre Bomfim Gurgel do Carmo (UFSCar)<br><\/strong><a href=\"https:\/\/staging-brasil.mapbiomas.org\/wp-content\/uploads\/sites\/4\/2023\/08\/1oLugar_CategoriaJovem_AlexandreBomfimGurgeldoCarmo.pdf\" target=\"_blank\" rel=\"noreferrer noopener\">\nQualitative, Quantitative and Temporal Analysis of the Coverage of Native Vegetation in the Buffer Zones of Conservation Units in the State of S\u00e3o Paulo<\/a><br><\/li>\n<\/ul>\n<\/li>\n<\/ul>\n\n\n\n<figure class=\"wp-block-embed is-type-rich is-provider-incorporar-manipulador wp-block-embed-incorporar-manipulador wp-embed-aspect-16-9 wp-has-aspect-ratio\"><div class=\"wp-block-embed__wrapper\">\n<iframe loading=\"lazy\" title=\"Como as Zonas de Amortecimento de UCs de SP est\u00e3o evoluindo em cobertura de vegeta\u00e7\u00e3o nativa\" width=\"500\" height=\"281\" src=\"https:\/\/www.youtube.com\/embed\/IK0b6dwkGsI?feature=oembed\" frameborder=\"0\" allow=\"accelerometer; autoplay; clipboard-write; encrypted-media; gyroscope; picture-in-picture; web-share\" allowfullscreen><\/iframe>\n<\/div><\/figure>\n\n\n\n<ul>\n<li class=\" translation-block\"><strong>2nd place: Bruno Ant\u00f4nio Manzolli (UFMG)<br><\/strong><a href=\"https:\/\/staging-brasil.mapbiomas.org\/wp-content\/uploads\/sites\/4\/2023\/08\/2oLugar_CategoriaJovem_BrunoAntonioManzolli.pdf\" target=\"_blank\" rel=\"noreferrer noopener\">\nDiagnosis of gold exploration in Brazil<\/a><br><\/li>\n<\/ul>\n\n\n\n<figure class=\"wp-block-embed is-type-rich is-provider-incorporar-manipulador wp-block-embed-incorporar-manipulador wp-embed-aspect-16-9 wp-has-aspect-ratio\"><div class=\"wp-block-embed__wrapper\">\n<iframe loading=\"lazy\" title=\"Diagnosis of Gold Mining in Brazil.\" width=\"500\" height=\"281\" src=\"https:\/\/www.youtube.com\/embed\/3KE1y0rpSK4?feature=oembed\" frameborder=\"0\" allow=\"accelerometer; autoplay; clipboard-write; encrypted-media; gyroscope; picture-in-picture; web-share\" allowfullscreen><\/iframe>\n<\/div><\/figure>\n\n\n\n<hr class=\"wp-block-separator has-alpha-channel-opacity\"\/>\n\n\n\n<ul>\n<li><strong>Highlight Applications in Public Policies<br><\/strong>\n<ul>\n<li class=\" translation-block\"><strong>Winner: Mariella Butti de Freitas Guilherme<br><\/strong><a href=\"https:\/\/staging-brasil.mapbiomas.org\/wp-content\/uploads\/sites\/4\/2023\/08\/1oLugar_CategoriaDestaqueAplicacoesEmPoliticasPublicas_MariellaButti.pdf\" data-type=\"URL\" data-id=\"https:\/\/staging-brasil.mapbiomas.org\/wp-content\/uploads\/sites\/4\/2023\/08\/1oLugar_CategoriaDestaqueAplicacoesEmPoliticasPublicas_MariellaButti.pdf\" target=\"_blank\" rel=\"noreferrer noopener\">Habitat loss estimation to assess terrestrial mammal species extinction risk: an open data framework<\/a><br><\/li>\n<\/ul>\n<\/li>\n<\/ul>\n\n\n\n<figure class=\"wp-block-embed is-type-rich is-provider-incorporar-manipulador wp-block-embed-incorporar-manipulador wp-embed-aspect-16-9 wp-has-aspect-ratio\"><div class=\"wp-block-embed__wrapper\">\n<iframe loading=\"lazy\" title=\"Estimativa de perda de habitat para avaliar risco de extin\u00e7\u00e3o de mam\u00edferos terrestres\" width=\"500\" height=\"281\" src=\"https:\/\/www.youtube.com\/embed\/0igzDP5Wkxc?feature=oembed\" frameborder=\"0\" allow=\"accelerometer; autoplay; clipboard-write; encrypted-media; gyroscope; picture-in-picture; web-share\" allowfullscreen><\/iframe>\n<\/div><\/figure>\n\n\n\n<ul>\n<li class=\" translation-block\"><strong>Honorable Mention: Lucas S\u00e1 Barreto Jord\u00e3o (Instituto de Pesquisas Jardim Bot\u00e2nico do Rio de Janeiro)<\/strong><br><a href=\"https:\/\/staging-brasil.mapbiomas.org\/wp-content\/uploads\/sites\/4\/2023\/08\/MencaoHonrosa_CategoriaDestaqueAplicacoesEmPoliticasPublicas_LucasSBJordao.pdf\" data-type=\"URL\" data-id=\"https:\/\/staging-brasil.mapbiomas.org\/wp-content\/uploads\/sites\/4\/2023\/08\/MencaoHonrosa_CategoriaDestaqueAplicacoesEmPoliticasPublicas_LucasSBJordao.pdf\" target=\"_blank\" rel=\"noreferrer noopener\">MapBiomas and the Assessment of Extinction Risk of Brazilian Flora<\/a><\/li>\n<\/ul>\n\n\n\n<figure class=\"wp-block-embed is-type-rich is-provider-incorporar-manipulador wp-block-embed-incorporar-manipulador wp-embed-aspect-16-9 wp-has-aspect-ratio\"><div class=\"wp-block-embed__wrapper\">\n<iframe loading=\"lazy\" title=\"MapBiomas and the assessment of extinction risk of Brazilian flora\" width=\"500\" height=\"281\" src=\"https:\/\/www.youtube.com\/embed\/Te4FLR2k-bo?feature=oembed\" frameborder=\"0\" allow=\"accelerometer; autoplay; clipboard-write; encrypted-media; gyroscope; picture-in-picture; web-share\" allowfullscreen><\/iframe>\n<\/div><\/figure>\n\n\n\n<ul>\n<li class=\" translation-block\"><strong>Honorable Mention:  Jakeline Bezerra Pinheiro (MPE Acre)<\/strong><br><a href=\"https:\/\/staging-brasil.mapbiomas.org\/wp-content\/uploads\/sites\/4\/2023\/08\/MencaoHonrosa_CategoriaDestaqueAplicacoesEmPoliticasPublicas_JakelineBezerraPinheiro.pdf\" target=\"_blank\" rel=\"noreferrer noopener\">Utilization of the MapBiomas Alertas Platform as the Foundation Tool for the Task Force to Combat Illegal Fires and Deforestation within the Public Prosecutor's Office of the State of Acre<\/a><\/li>\n<\/ul>\n\n\n\n<figure class=\"wp-block-embed is-type-rich is-provider-incorporar-manipulador wp-block-embed-incorporar-manipulador wp-embed-aspect-16-9 wp-has-aspect-ratio\"><div class=\"wp-block-embed__wrapper\">\n<iframe loading=\"lazy\" title=\"MP do Acre: Plataforma MapBiomas Alerta no combate \u00e0s queimadas e desmatamentos ilegais\" width=\"500\" height=\"281\" src=\"https:\/\/www.youtube.com\/embed\/K5T5uWUrVkw?feature=oembed\" frameborder=\"0\" allow=\"accelerometer; autoplay; clipboard-write; encrypted-media; gyroscope; picture-in-picture; web-share\" allowfullscreen><\/iframe>\n<\/div><\/figure>\n\n\n\n<hr class=\"wp-block-separator has-alpha-channel-opacity\"\/>\n\n\n\n<ul>\n<li><strong>Highlight Applications in Business<br><\/strong>\n<ul>\n<li class=\" translation-block\"><strong>Winner: Renato Kreczkiuski (Klabin SA)<br><\/strong><a href=\"https:\/\/staging-brasil.mapbiomas.org\/wp-content\/uploads\/sites\/4\/2023\/08\/1oLugar_CategoriaDestaqueAplicacoesEmNegocios_RenatoKreczkiuski.pdf\" target=\"_self\">Environmental Compliance Using MapBiomas Data<\/a><strong><br><\/strong><\/li>\n<\/ul>\n<\/li>\n<\/ul>\n\n\n\n<figure class=\"wp-block-embed is-type-rich is-provider-incorporar-manipulador wp-block-embed-incorporar-manipulador wp-embed-aspect-16-9 wp-has-aspect-ratio\"><div class=\"wp-block-embed__wrapper\">\n<iframe loading=\"lazy\" title=\"Compliance ambiental utilizando dados do MapBiomas\" width=\"500\" height=\"281\" src=\"https:\/\/www.youtube.com\/embed\/sKRyV4EsaE8?feature=oembed\" frameborder=\"0\" allow=\"accelerometer; autoplay; clipboard-write; encrypted-media; gyroscope; picture-in-picture; web-share\" allowfullscreen><\/iframe>\n<\/div><\/figure>\n\n\n\n<hr class=\"wp-block-separator has-alpha-channel-opacity\"\/>\n\n\n\n<p><strong>The 4th Edition of the MapBiomas Award<\/strong><a href=\"https:\/\/mapbiomas.org\/initiatives\"><\/a><\/p>\n\n\n\n<p>In this edition the awarded works were divided in four categories:<\/p>\n\n\n\n<ul>\n<li class=\" translation-block\"><strong>General Category::<\/strong>\u00a0Works regardless of age and education level;<\/li>\n\n\n\n<li class=\" translation-block\"><strong>Young Category:<\/strong>\u00a0Works whose first author is under 30 years old and has not completed graduation or completed it throughout 2021;<\/li>\n\n\n\n<li class=\" translation-block\"><strong>Highlight Applications in Public Policy:<\/strong>\u00a0Works regardless of age and education level.<\/li>\n\n\n\n<li class=\" translation-block\"><strong>New Category - Highlight Applications in Business:<\/strong>\u00a0Works regardless of age and education level.<\/li>\n<\/ul>\n\n\n\n<p><strong>Winners in each category will be awarded as follows:<\/strong><\/p>\n\n\n\n<ul>\n<li class=\" translation-block\"><strong>1st place in General Category<\/strong>\u00a0\u2013 value of R$ 15,000.00 (fifteen thousand reais);<\/li>\n\n\n\n<li class=\" translation-block\"><strong>2nd place in General Category<\/strong>\u00a0\u2013 value of R$ 10,000 (ten thousand reais);<\/li>\n\n\n\n<li class=\" translation-block\"><strong>1st place in the Young Category<\/strong>\u00a0\u2013 value of R$ 10,000 (ten thousand reais);<\/li>\n\n\n\n<li class=\" translation-block\"><strong>2nd place in the Young Category<\/strong>\u00a0\u2013 value of R$5,000 (five thousand reais);<\/li>\n\n\n\n<li class=\" translation-block\"><strong>Highlight Applications in Public Policies<\/strong>\u00a0\u2013 value of R$ 10,000 (ten thousand reais);<\/li>\n\n\n\n<li class=\" translation-block\"><strong>Highlight Applications in Business<\/strong>\u00a0\u2013 value of R$ 10,000 (ten thousand reais).<\/li>\n<\/ul>\n\n\n\n<p class=\" translation-block\">All winners will receive an annual subscription to Ci\u00eancia Hoje Digital Magazine, in addition to a scholarship for a course about Geoprocessing of satellite images using\u00a0<em>o Google Earth Engine<\/em>\u00a0(promoted by Solved), and the production of a short video (up to 2 minutes) about the winning work.<\/p>\n\n\n\n<p><strong>Registration closed.<\/strong><\/p>\n\n\n\n<p><strong><a href=\"https:\/\/brasil.mapbiomas.org\/wp-content\/uploads\/sites\/4\/2024\/02\/4th-Edition-MapBiomas-Award-2021-Instructions-deadline-March-20th.pdf\">AWARD RULES<\/a><\/strong><\/p>\n\n\n\n<p class=\" translation-block\"><a href=\"https:\/\/staging-brasil.mapbiomas.org\/wp-content\/uploads\/sites\/4\/2023\/08\/PT-BR-FAQ-2a-Ed.-Premio-MapBiomas-2019.pdf\" data-type=\"URL\" data-id=\"https:\/\/staging-brasil.mapbiomas.org\/wp-content\/uploads\/sites\/4\/2023\/08\/PT-BR-FAQ-2a-Ed.-Premio-MapBiomas-2019.pdf\" target=\"_self\">FAQ (ONLY IN PORTUGUESE)<\/a><a href=\"https:\/\/mapbiomas-br-site.s3.amazonaws.com\/_EN__FAQ_2a_Ed._Prmio_MapBiomas_2019.pdf\" target=\"_self\"><\/a><\/p>\n\n\n\n<p class=\" translation-block\">If you have any questions, please send an email to\u00a0<a href=\"mailto:premio@mapbiomas.org\" target=\"_self\">premio@mapbiomas.org<\/a>\u00a0<\/p>\n\n\n\n<hr class=\"wp-block-separator has-alpha-channel-opacity\"\/>\n\n\n\n<p><strong>Launch Webinar<\/strong><\/p>\n\n\n\n<p>The launch webinar of the 4th Edition of the MapBiomas Award was held to present the news of this edition and how to use the new data and modules of the MapBiomas platform in Brazil. Check out below or click here to watch directly from our YouTube channel.<\/p>\n\n\n\n<figure class=\"wp-block-embed is-type-rich is-provider-incorporar-manipulador wp-block-embed-incorporar-manipulador wp-embed-aspect-16-9 wp-has-aspect-ratio\"><div class=\"wp-block-embed__wrapper\">\n<iframe loading=\"lazy\" title=\"MapBiomas: as solu\u00e7\u00f5es que revelam as transforma\u00e7\u00f5es do Brasil\" width=\"500\" height=\"281\" src=\"https:\/\/www.youtube.com\/embed\/3G3SY8zi31k?feature=oembed\" frameborder=\"0\" allow=\"accelerometer; autoplay; clipboard-write; encrypted-media; gyroscope; picture-in-picture; web-share\" allowfullscreen><\/iframe>\n<\/div><\/figure>\n\n\n\n<p><strong>Find out more about previous editions<\/strong><\/p>\n\n\n\n<p class=\" translation-block\"><a href=\"https:\/\/brasil.mapbiomas.org\/en\/premio-mapbiomas-3a-edicao\/\" target=\"_self\">3RD EDITION AWARD<\/a>\u00a0\u00a0<a href=\"https:\/\/brasil.mapbiomas.org\/en\/premio-mapbiomas-2a-edicao\/\" target=\"_self\">2\u00aa EDITION AWARD<\/a>\u00a0\u00a0<a href=\"https:\/\/brasil.mapbiomas.org\/en\/premio-mapbiomas-1a-edicao\/\" target=\"_self\">1\u00aaEDITION AWARD<\/a><\/p>","protected":false},"excerpt":{"rendered":"<p>A 4\u00aa edi\u00e7\u00e3o do Pr\u00eamio MapBiomas, realizada em parceria com o Instituto Ci\u00eancia Hoje, foi encerrada em 09 de agosto de 2022, com a cerim\u00f4nia online de an\u00fancio dos vencedores e apresenta\u00e7\u00e3o de seus trabalhos. A edi\u00e7\u00e3o deste ano visou estimular\u00a0 aplica\u00e7\u00f5es e trabalhos que utilizam dados de qualquer iniciativa, m\u00f3dulo ou produto do MapBiomas, [&hellip;]<\/p>","protected":false},"author":2,"featured_media":0,"parent":0,"menu_order":0,"comment_status":"closed","ping_status":"closed","template":"","meta":{"_uag_custom_page_level_css":""},"acf":[],"uagb_featured_image_src":{"full":false,"thumbnail":false,"medium":false,"medium_large":false,"large":false,"1536x1536":false,"2048x2048":false,"trp-custom-language-flag":false,"infographic":false,"team":false},"uagb_author_info":{"display_name":"Adriel Fernandes","author_link":"https:\/\/brasil.mapbiomas.org\/en\/author\/adriel-fernandes\/"},"uagb_comment_info":0,"uagb_excerpt":"A 4\u00aa edi\u00e7\u00e3o do Pr\u00eamio MapBiomas, realizada em parceria com o Instituto Ci\u00eancia Hoje, foi encerrada em 09 de agosto de 2022, com a cerim\u00f4nia online de an\u00fancio dos vencedores e apresenta\u00e7\u00e3o de seus trabalhos. A edi\u00e7\u00e3o deste ano visou estimular\u00a0 aplica\u00e7\u00f5es e trabalhos que utilizam dados de qualquer iniciativa, m\u00f3dulo ou produto do MapBiomas,&hellip;","_links":{"self":[{"href":"https:\/\/brasil.mapbiomas.org\/en\/wp-json\/wp\/v2\/pages\/1117"}],"collection":[{"href":"https:\/\/brasil.mapbiomas.org\/en\/wp-json\/wp\/v2\/pages"}],"about":[{"href":"https:\/\/brasil.mapbiomas.org\/en\/wp-json\/wp\/v2\/types\/page"}],"author":[{"embeddable":true,"href":"https:\/\/brasil.mapbiomas.org\/en\/wp-json\/wp\/v2\/users\/2"}],"replies":[{"embeddable":true,"href":"https:\/\/brasil.mapbiomas.org\/en\/wp-json\/wp\/v2\/comments?post=1117"}],"version-history":[{"count":9,"href":"https:\/\/brasil.mapbiomas.org\/en\/wp-json\/wp\/v2\/pages\/1117\/revisions"}],"predecessor-version":[{"id":3815,"href":"https:\/\/brasil.mapbiomas.org\/en\/wp-json\/wp\/v2\/pages\/1117\/revisions\/3815"}],"wp:attachment":[{"href":"https:\/\/brasil.mapbiomas.org\/en\/wp-json\/wp\/v2\/media?parent=1117"}],"curies":[{"name":"wp","href":"https:\/\/api.w.org\/{rel}","templated":true}]}}