{"id":1109,"date":"2023-08-22T13:16:34","date_gmt":"2023-08-22T13:16:34","guid":{"rendered":"https:\/\/staging-brasil.mapbiomas.org\/?page_id=1109"},"modified":"2024-02-23T14:49:41","modified_gmt":"2024-02-23T14:49:41","slug":"premio-mapbiomas-3a-edicao","status":"publish","type":"page","link":"https:\/\/brasil.mapbiomas.org\/en\/premio-mapbiomas-3a-edicao\/","title":{"rendered":"MAPBIOMAS AWARD 3RD EDITION"},"content":{"rendered":"<figure class=\"wp-block-image size-large\"><img decoding=\"async\" loading=\"lazy\" width=\"1024\" height=\"359\" src=\"https:\/\/staging-brasil.mapbiomas.org\/wp-content\/uploads\/sites\/4\/2023\/08\/SITE_1042x367_px3_1_3ed-1024x359.jpg\" alt=\"\" class=\"wp-image-1148\" srcset=\"https:\/\/brasil.mapbiomas.org\/wp-content\/uploads\/sites\/4\/2023\/08\/SITE_1042x367_px3_1_3ed-1024x359.jpg 1024w, https:\/\/brasil.mapbiomas.org\/wp-content\/uploads\/sites\/4\/2023\/08\/SITE_1042x367_px3_1_3ed-300x105.jpg 300w, https:\/\/brasil.mapbiomas.org\/wp-content\/uploads\/sites\/4\/2023\/08\/SITE_1042x367_px3_1_3ed-768x269.jpg 768w, https:\/\/brasil.mapbiomas.org\/wp-content\/uploads\/sites\/4\/2023\/08\/SITE_1042x367_px3_1_3ed-18x6.jpg 18w, https:\/\/brasil.mapbiomas.org\/wp-content\/uploads\/sites\/4\/2023\/08\/SITE_1042x367_px3_1_3ed.jpg 1047w\" sizes=\"(max-width: 1024px) 100vw, 1024px\" \/><\/figure>\n\n\n\n<p>The 3rd Edition of the MapBiomas Award ended on July 8, 2021, with an online ceremony to announce the winners and present their work. This year's edition broke a record of subscribers. There were 160 for the three categories: General, Young, and Highlight Applications in Public Policies. A 60% growth compared to the previous year. This year, the presence of young people and those over 30 years old was balanced. Land use was the predominant theme, followed by Diversity.<\/p>\n\n\n\n<p><strong>Check out the awards ceremony:<\/strong><\/p>\n\n\n\n<figure class=\"wp-block-embed is-type-rich is-provider-incorporar-manipulador wp-block-embed-incorporar-manipulador wp-embed-aspect-16-9 wp-has-aspect-ratio\"><div class=\"wp-block-embed__wrapper\">\n<iframe loading=\"lazy\" title=\"Award Ceremony | 3rd Edition MapBiomas Award\" width=\"500\" height=\"281\" src=\"https:\/\/www.youtube.com\/embed\/JRV0735MLqQ?feature=oembed\" frameborder=\"0\" allow=\"accelerometer; autoplay; clipboard-write; encrypted-media; gyroscope; picture-in-picture; web-share\" allowfullscreen><\/iframe>\n<\/div><\/figure>\n\n\n\n<hr class=\"wp-block-separator has-alpha-channel-opacity\"\/>\n\n\n\n<p><strong>Winners and finalists of the 3rd Edition of the MapBiomas Award<\/strong><\/p>\n\n\n\n<p>Below is the list of finalists and winners in each category:<\/p>\n\n\n\n<p><strong>General Category:<\/strong><\/p>\n\n\n\n<ul>\n<li><strong>1st Place: Patrick Calvano Kuchler (UERJ\/Embrapa Solos\/CIRAD)<\/strong><\/li>\n\n\n\n<li><a href=\"https:\/\/staging-brasil.mapbiomas.org\/wp-content\/uploads\/sites\/4\/2023\/08\/PREMIO_MAPBIOMAS_KUCHLER_FINAL-Patrick-Kuchler.pdf\"><strong>GeoABC and MapBiomas: Classification of Integrated Production Systems to support the monitoring of sustainable intensification of Brazilian agriculture.<\/strong><\/a><\/li>\n<\/ul>\n\n\n<p><strong><\/strong><\/p>\n\n\n<ul>\n<li><strong>2nd Place: Renato Crouzeilles Pereira Rocha (International Institute for Sustainability \u2013 IIS)<\/strong><\/li>\n\n\n\n<li><strong><a href=\"https:\/\/doi.org\/10.1111\/conl.12709\">Achieving cost-effective landscape-scale forest restoration through targeted natural regeneration<\/a><\/strong><\/li>\n<\/ul>\n\n\n<p><strong><\/strong><\/p>\n\n\n<p><strong>Other finalists:<\/strong><\/p>\n\n\n\n<ul>\n<li><strong>Alan Eduardo de Barros, IB-USP<br><\/strong><a href=\"https:\/\/staging-brasil.mapbiomas.org\/wp-content\/uploads\/sites\/4\/2023\/08\/Critical-Jaguar-Habitat-Destroyedby-fire-in-Pantanal.pdf\" target=\"_blank\" rel=\"noreferrer noopener\">Critical jaguar habitat destroyed by fire in Pantanal<\/a><\/li>\n\n\n\n<li><strong>Carmen Elena Barrag\u00e1n Ruiz, UFSCar<\/strong><br><a href=\"https:\/\/staging-brasil.mapbiomas.org\/wp-content\/uploads\/sites\/4\/2023\/08\/Barragan-Ruiz_2021_-_Carmen_Elena_Barragan_Ruiz.pdf\">How do temporal and spatial features affect anteater roadkill in Brazil?<\/a><\/li>\n\n\n\n<li><strong>Charlotte Caroline Smith, Lancaster University<\/strong><br><a href=\"https:\/\/doi.org\/10.1111\/gcb.15352\" target=\"_blank\" rel=\"noreferrer noopener\">Secondary forests offset less than 10% of deforestation-mediated carbon emissions in Brazilian Amazon<\/a><\/li>\n\n\n\n<li><strong>Dhemerson Estev\u00e3o Conciani da Costa, Unesp<br><\/strong><a href=\"https:\/\/staging-brasil.mapbiomas.org\/wp-content\/uploads\/sites\/4\/2023\/08\/manuscrito-Dhemerson-Conciani.pdf\" target=\"_blank\" rel=\"noreferrer noopener\">Developing a machine learning based algorithm for regional time-series burned area mapping: The highly antropized Cerrado challenge<\/a><\/li>\n\n\n\n<li class=\" translation-block\"><strong>Mariana Eiko Mendes, USP<\/strong><br><a href=\"https:\/\/staging-brasil.mapbiomas.org\/wp-content\/uploads\/sites\/4\/2023\/08\/Dissertacao_MarianaMendes_Premio_MapBiomas-Mariana-Mendes.pdf\" target=\"_blank\" rel=\"noreferrer noopener\">The importance of Refuge Landscapes in preventing extinctions of endemic species.\n<\/a><\/li>\n\n\n\n<li><strong>Thales Augusto Pupo West, New Zealand Forest Research Institute<\/strong><br><a href=\"https:\/\/staging-brasil.mapbiomas.org\/wp-content\/uploads\/sites\/4\/2023\/08\/West-2020-Overstated-carbon-emission-reductions-from-voluntary-REDD-projects-in-the-Brazilian-Amazon-Thales-West.pdf\" target=\"_blank\" rel=\"noreferrer noopener\">Overstated carbon emission reductions from voluntary REDD+ projects in the Brazilian Amazon<\/a><\/li>\n<\/ul>\n\n\n\n<hr class=\"wp-block-separator has-alpha-channel-opacity\"\/>\n\n\n\n<p><strong>Young Category:<\/strong><\/p>\n\n\n\n<ul>\n<li><strong>1\u00ba lugar: Sof\u00eda Mar\u00eda Chevallier Boutell (Facultad de Agronom\u00eda, Universidad de Buenos Aires)<\/strong>\n<ul>\n<li><a href=\"https:\/\/staging-brasil.mapbiomas.org\/wp-content\/uploads\/sites\/4\/2023\/08\/Concurso-Mapbiomas-Chaco_ChevallierBoutellSofia-Sofia-Maria-Chevallier-Boutell.pdf\"><strong>Impactos de los cambios en el uso del suelo sobre la provisi\u00f3n de Servicios Ecosist\u00e9micos em el Chaco Seco argentino<\/strong><\/a><\/li>\n<\/ul>\n<\/li>\n<\/ul>\n\n\n<p><strong><\/strong><\/p>\n\n\n<ul>\n<li><strong>2\u00ba lugar: Danylo Mendon\u00e7a Magalh\u00e3es (UFRJ)<\/strong>\n<ul>\n<li><strong><a href=\"https:\/\/staging-brasil.mapbiomas.org\/wp-content\/uploads\/sites\/4\/2023\/08\/MapBiomas-Oficial_Final.docx-Danylo-Magalhaes.pdf\">Where is the forest?<\/a><\/strong><\/li>\n<\/ul>\n<\/li>\n<\/ul>\n\n\n<p><strong><\/strong><\/p>\n\n\n<ul>\n<li><strong>Men\u00e7\u00e3o Honrosa: Nicolli Albuquerque de Carvalho (UFAL)<\/strong>\n<ul>\n<li><a href=\"https:\/\/staging-brasil.mapbiomas.org\/wp-content\/uploads\/sites\/4\/2023\/08\/NICOLLIALBUQUERQUE_MAPBIOMAS-Nicolli-Albuquerque.pdf\" data-type=\"URL\" data-id=\"https:\/\/staging-brasil.mapbiomas.org\/wp-content\/uploads\/sites\/4\/2023\/08\/NICOLLIALBUQUERQUE_MAPBIOMAS-Nicolli-Albuquerque.pdf\"><strong>An\u00e1lise espa\u00e7o-temporal da influ\u00eancia do uso e cobertura do solo de bacias hidrogr\u00e1ficas sobre a APA Costa dos Corais<\/strong><\/a><\/li>\n<\/ul>\n<\/li>\n<\/ul>\n\n\n<p><strong><\/strong><\/p>\n\n\n<p><strong>Other finalists:<\/strong><\/p>\n\n\n\n<ul>\n<li><strong>Guilherme Henrique Expedito Lense, Unifal<br><\/strong><a href=\"https:\/\/doi.org\/10.5039\/agraria.v15i4a8500\" target=\"_blank\" rel=\"noreferrer noopener\">Effects of deforestation on water erosion rates in the Amazon region<\/a><\/li>\n\n\n\n<li><strong>Isadora Salvalaggio Baggio, PUC-PR<\/strong><br><a href=\"https:\/\/mapbiomas-br-site.s3.amazonaws.com\/3a%20edicao%20premio%20mapbiomas\/The_Spatial_Relationship_of_Transportation_Infrastructure_and_Deforestation_in_Brazil_-_isadora_salvalaggio_baggio.pdf\" target=\"_blank\" rel=\"noreferrer noopener\">The Spatial Relationship of Transportation Infrastructure and Deforestation in Brazil: a Machine Learning Approach<\/a><\/li>\n\n\n\n<li><strong>Vict\u00f3ria Varela<\/strong><br><a href=\"https:\/\/staging-brasil.mapbiomas.org\/wp-content\/uploads\/sites\/4\/2023\/08\/TCC_Victoria_Varela_2020-Victoria-Varela.pdf\" data-type=\"URL\" data-id=\"https:\/\/staging-brasil.mapbiomas.org\/wp-content\/uploads\/sites\/4\/2023\/08\/TCC_Victoria_Varela_2020-Victoria-Varela.pdf\" target=\"_blank\" rel=\"noreferrer noopener\">MapBiomas Alerta: Uma nova oportunidade de monitoramento do desmatamento brasileiro a curto prazo. Uma vis\u00e3o sobre o Cerrado do Matopiba<\/a><\/li>\n<\/ul>\n\n\n\n<hr class=\"wp-block-separator has-alpha-channel-opacity\"\/>\n\n\n\n<p><strong>Highlight Applications in Public Policies:<\/strong><\/p>\n\n\n\n<ul>\n<li><strong>Vencedor: Jos\u00e9 M\u00e1rio Fraga Miranda (17\u00aa Brigada de Infantaria de Selva &#8211; Porto Velho)<\/strong>\n<ul>\n<li><a href=\"https:\/\/staging-brasil.mapbiomas.org\/wp-content\/uploads\/sites\/4\/2023\/08\/Projeto-Guardioes-da-Amazonia-update-06-01-2021-Mario-Fraga.pdf\">Plataforma de Software: Guardi\u00f5es da Amaz\u00f4nia<\/a><\/li>\n<\/ul>\n<\/li>\n<\/ul>\n\n\n<p><strong><\/strong><\/p>\n\n\n<p><strong>Other finalists:<\/strong><\/p>\n\n\n\n<ul>\n<li><strong>Germano Augusto Frantz<br><\/strong><a href=\"https:\/\/staging-brasil.mapbiomas.org\/wp-content\/uploads\/sites\/4\/2023\/08\/Estudo-MAPBIOMAS-Germano-Augusto-Frantz.pdf\" data-type=\"URL\" data-id=\"https:\/\/staging-brasil.mapbiomas.org\/wp-content\/uploads\/sites\/4\/2023\/08\/Estudo-MAPBIOMAS-Germano-Augusto-Frantz.pdf\" target=\"_blank\" rel=\"noreferrer noopener\">A import\u00e2ncia do georrefenciamento nas a\u00e7\u00f5es de combate de crimes ambientais no estado do Paran\u00e1 e a utiliza\u00e7\u00e3o dos alertas do MapBiomas como base de planejamento de a\u00e7\u00f5es e opera\u00e7\u00f5es de fiscaliza\u00e7\u00e3o de \u00e1reas irregularmente desmatadas<\/a><\/li>\n\n\n\n<li><strong>Margareth Sim\u00f5es, Embrapa Solos e UERJ<br><\/strong><a href=\"https:\/\/staging-brasil.mapbiomas.org\/wp-content\/uploads\/sites\/4\/2023\/08\/PREMIO-MAPBIOMAS_VulnerabilidadeErosao_FINAL-Margareth-Simoes.pdf\" target=\"_blank\" rel=\"noreferrer noopener\">Mapeamento da vulnerabilidade \u00e0 eros\u00e3o h\u00eddrica dos solos brasileiros em fun\u00e7\u00e3o da din\u00e2mica de uso e cobertura da terra \u2013 Subs\u00eddio \u00e0s pol\u00edticas de conserva\u00e7\u00e3o de solo e \u00e1gua conduzidas pelo MAPA<\/a><\/li>\n\n\n\n<li><strong>Paula Bernasconi, Instituto Centro de Vida &#8211; ICV<br><\/strong><a href=\"https:\/\/staging-brasil.mapbiomas.org\/wp-content\/uploads\/sites\/4\/2023\/08\/Balanco-das-Metas-PCI-Ano4_2015-2019-Nota-Tecnica-Paula-Bernasconi-1.pdf\" target=\"_blank\" rel=\"noreferrer noopener\">Estrat\u00e9gia Produzir, Conservar e Incluir em Mato Grosso &#8211; PCI &#8211; Balan\u00e7o das Metas 2015 a 2019 &#8211; Ano 4<\/a><\/li>\n\n\n\n<li><strong>Viviane Vanessa de Vilhena Amanaj\u00e1s<\/strong><br><a href=\"https:\/\/staging-brasil.mapbiomas.org\/wp-content\/uploads\/sites\/4\/2023\/08\/ONDA-TECNOLOGICA_MPAP_MapBiomas-1-MARIANA-ZANATTA.pdf\" data-type=\"URL\" data-id=\"https:\/\/staging-brasil.mapbiomas.org\/wp-content\/uploads\/sites\/4\/2023\/08\/ONDA-TECNOLOGICA_MPAP_MapBiomas-1-MARIANA-ZANATTA.pdf\">Onda Tecnol\u00f3gica: mudan\u00e7a metodol\u00f3gica na atua\u00e7\u00e3o do MPAP na busca dos il\u00edcitos ambientais, contribui\u00e7\u00f5es da plataforma MapBiomas<\/a><\/li>\n<\/ul>\n\n\n\n<hr class=\"wp-block-separator has-alpha-channel-opacity\"\/>\n\n\n\n<p><strong>The 3rd Edition of the MapBiomas Award<\/strong><\/p>\n\n\n\n<p>In partnership with Instituto Ci\u00eancia Hoje, the MapBiomas Award reaches its 3rd edition. Papers that use data or cite any of MapBiomas' initiatives can be registered. To understand a little more about the initiatives, visit:\u00a0<a href=\"https:\/\/brasil.mapbiomas.org\/en\/iniciativas-mapbiomas\/\">https:\/\/brasil.mapbiomas.org\/iniciativas-mapbiomas\/.<\/a><\/p>\n\n\n\n<p>Five works were awarded, divided into three categories:<\/p>\n\n\n\n<ul>\n<li class=\" translation-block\"><strong>1st place in General Category<\/strong>\u00a0\u2013 value of R$ 15,000.00 (fifteen thousand reais);<\/li>\n\n\n\n<li class=\" translation-block\"><strong>2nd place in General Category<\/strong>\u00a0\u2013 value of R$ 10,000 (ten thousand reais);<\/li>\n\n\n\n<li class=\" translation-block\"><strong>1st place in the Young Category<\/strong>\u00a0\u2013 value of R$ 10,000 (ten thousand reais);<\/li>\n\n\n\n<li class=\" translation-block\"><strong>2nd place in the Young Category<\/strong>\u00a0\u2013 value of R$5,000 (five thousand reais);<\/li>\n\n\n\n<li><strong>Highlight Applications in Public Policies<\/strong>&nbsp;- value of R$ 10,000 (ten thousand reais)<\/li>\n<\/ul>\n\n\n\n<p class=\" translation-block\">The winners will also be awarded with an annual subscription to the Ci\u00eancia Hoje Digital magazine and a scholarship to conduct a Geoprocessing course on satellite images using \u00a0<em>Google Earth Engine \u00a0<\/em>promoted \nby Solved.<\/p>\n\n\n\n<p class=\" translation-block\">Registration was open from November 1st, 2020 to <strong>February 7th, 2021<\/strong>*.<br><br><em>*The original deadline of January 10, 2021, was EXTENDED to February 7, 2021.<\/em><\/p>\n\n\n\n<p><strong><a href=\"https:\/\/mapbiomas-br-site.s3.amazonaws.com\/Edital_3a_Edi%C3%A7%C3%A3o_Pr%C3%AAmio_MapBiomas_2020.pdf\">AWARD RULES<\/a><\/strong><\/p>\n\n\n\n<p class=\" translation-block\"><a href=\"https:\/\/staging-brasil.mapbiomas.org\/wp-content\/uploads\/sites\/4\/2023\/08\/PT-BR-FAQ-2a-Ed.-Premio-MapBiomas-2019.pdf\" data-type=\"URL\" data-id=\"https:\/\/staging-brasil.mapbiomas.org\/wp-content\/uploads\/sites\/4\/2023\/08\/PT-BR-FAQ-2a-Ed.-Premio-MapBiomas-2019.pdf\" target=\"_self\">FAQ (ONLY IN PORTUGUESE)<\/a><a href=\"https:\/\/mapbiomas-br-site.s3.amazonaws.com\/_EN__FAQ_2a_Ed._Prmio_MapBiomas_2019.pdf\" target=\"_self\"><\/a><\/p>\n\n\n\n<hr class=\"wp-block-separator has-alpha-channel-opacity\"\/>\n\n\n\n<p><strong>Webinar Launching<\/strong><\/p>\n\n\n\n<p class=\" translation-block\">The organization of the 3rd Edition of the MapBiomas Award held a launching webinar to present this year's news and answer questions. Check it out below or click <a href=\"https:\/\/youtu.be\/0ox-KyzXCo0\" target=\"_self\">here <\/a>to watch it directly from our YouTube channel.<\/p>\n\n\n<p><\/p>\n\n\n<p><strong>Find out more about other editions<\/strong><\/p>\n\n\n\n<p class=\" translation-block\"><a href=\"https:\/\/brasil.mapbiomas.org\/en\/premio-mapbiomas-1a-edicao\/\" target=\"_self\">1ST EDITION<\/a>\u00a0\u00a0<a href=\"https:\/\/brasil.mapbiomas.org\/en\/premio-mapbiomas-2a-edicao\/\" target=\"_self\">2ND EDITION<\/a>\u00a0\u00a0<a href=\"https:\/\/brasil.mapbiomas.org\/en\/premio-mapbiomas-4a-edicao\/\" target=\"_self\">4TH EDITION<\/a><\/p>","protected":false},"excerpt":{"rendered":"<p>A 3\u00aa Edi\u00e7\u00e3o do Pr\u00eamio MapBiomas foi encerrada em 8 de julho de 2021 com a cerim\u00f4nia online de an\u00fancio dos vencedores e apresenta\u00e7\u00e3o de seus trabalhos. A edi\u00e7\u00e3o deste ano bateu recorde de inscritos. Foram 160 para as tr\u00eas categorias: Geral, Jovem e Destaque Aplica\u00e7\u00f5es Para Pol\u00edticas P\u00fablicas. Um crescimento de 60% em compara\u00e7\u00e3o [&hellip;]<\/p>","protected":false},"author":2,"featured_media":0,"parent":0,"menu_order":0,"comment_status":"closed","ping_status":"closed","template":"","meta":{"_uag_custom_page_level_css":""},"acf":[],"uagb_featured_image_src":{"full":false,"thumbnail":false,"medium":false,"medium_large":false,"large":false,"1536x1536":false,"2048x2048":false,"trp-custom-language-flag":false,"infographic":false,"team":false},"uagb_author_info":{"display_name":"Adriel Fernandes","author_link":"https:\/\/brasil.mapbiomas.org\/en\/author\/adriel-fernandes\/"},"uagb_comment_info":0,"uagb_excerpt":"A 3\u00aa Edi\u00e7\u00e3o do Pr\u00eamio MapBiomas foi encerrada em 8 de julho de 2021 com a cerim\u00f4nia online de an\u00fancio dos vencedores e apresenta\u00e7\u00e3o de seus trabalhos. A edi\u00e7\u00e3o deste ano bateu recorde de inscritos. Foram 160 para as tr\u00eas categorias: Geral, Jovem e Destaque Aplica\u00e7\u00f5es Para Pol\u00edticas P\u00fablicas. Um crescimento de 60% em compara\u00e7\u00e3o&hellip;","_links":{"self":[{"href":"https:\/\/brasil.mapbiomas.org\/en\/wp-json\/wp\/v2\/pages\/1109"}],"collection":[{"href":"https:\/\/brasil.mapbiomas.org\/en\/wp-json\/wp\/v2\/pages"}],"about":[{"href":"https:\/\/brasil.mapbiomas.org\/en\/wp-json\/wp\/v2\/types\/page"}],"author":[{"embeddable":true,"href":"https:\/\/brasil.mapbiomas.org\/en\/wp-json\/wp\/v2\/users\/2"}],"replies":[{"embeddable":true,"href":"https:\/\/brasil.mapbiomas.org\/en\/wp-json\/wp\/v2\/comments?post=1109"}],"version-history":[{"count":10,"href":"https:\/\/brasil.mapbiomas.org\/en\/wp-json\/wp\/v2\/pages\/1109\/revisions"}],"predecessor-version":[{"id":3819,"href":"https:\/\/brasil.mapbiomas.org\/en\/wp-json\/wp\/v2\/pages\/1109\/revisions\/3819"}],"wp:attachment":[{"href":"https:\/\/brasil.mapbiomas.org\/en\/wp-json\/wp\/v2\/media?parent=1109"}],"curies":[{"name":"wp","href":"https:\/\/api.w.org\/{rel}","templated":true}]}}