{"id":1105,"date":"2023-08-22T13:15:49","date_gmt":"2023-08-22T13:15:49","guid":{"rendered":"https:\/\/staging-brasil.mapbiomas.org\/?page_id=1105"},"modified":"2024-02-23T14:53:21","modified_gmt":"2024-02-23T14:53:21","slug":"premio-mapbiomas-2a-edicao","status":"publish","type":"page","link":"https:\/\/brasil.mapbiomas.org\/en\/premio-mapbiomas-2a-edicao\/","title":{"rendered":"MAPBIOMAS AWARD 2ND EDITION"},"content":{"rendered":"<figure class=\"wp-block-image size-large\"><img decoding=\"async\" loading=\"lazy\" width=\"1024\" height=\"449\" src=\"https:\/\/staging-brasil.mapbiomas.org\/wp-content\/uploads\/sites\/4\/2023\/08\/vencedores_pr_c3_a_amio_map_biomas_1-1024x449.jpeg\" alt=\"\" class=\"wp-image-1147\" srcset=\"https:\/\/brasil.mapbiomas.org\/wp-content\/uploads\/sites\/4\/2023\/08\/vencedores_pr_c3_a_amio_map_biomas_1-1024x449.jpeg 1024w, https:\/\/brasil.mapbiomas.org\/wp-content\/uploads\/sites\/4\/2023\/08\/vencedores_pr_c3_a_amio_map_biomas_1-300x131.jpeg 300w, https:\/\/brasil.mapbiomas.org\/wp-content\/uploads\/sites\/4\/2023\/08\/vencedores_pr_c3_a_amio_map_biomas_1-768x336.jpeg 768w, https:\/\/brasil.mapbiomas.org\/wp-content\/uploads\/sites\/4\/2023\/08\/vencedores_pr_c3_a_amio_map_biomas_1-18x8.jpeg 18w, https:\/\/brasil.mapbiomas.org\/wp-content\/uploads\/sites\/4\/2023\/08\/vencedores_pr_c3_a_amio_map_biomas_1.jpeg 1073w\" sizes=\"(max-width: 1024px) 100vw, 1024px\" \/><\/figure>\n\n\n\n<p><strong>We are grateful for all the works submitted in the 2nd Edition of the MapBiomas Award.<\/strong><\/p>\n\n\n\n<p>The Award's committee selected the finalists and among them the winners in each category. In addition, this year a study received an honorable mention.<\/p>\n\n\n\n<p class=\" translation-block\">Due to the context of the pandemic, the award event was virtual, on the 16th of June, 2020. Watch the event on the MapBiomas <strong><a href=\"https:\/\/www.youtube.com\/channel\/UCYXyUt65II43fvpeEJTmXZQ\/featured\" target=\"_self\">Youtube<\/a><\/strong> channel. \nCheck out the event and the winners below:<\/p>\n\n\n\n<figure class=\"wp-block-embed is-type-rich is-provider-incorporar-manipulador wp-block-embed-incorporar-manipulador wp-embed-aspect-16-9 wp-has-aspect-ratio\"><div class=\"wp-block-embed__wrapper\">\n<iframe loading=\"lazy\" title=\"Cerim\u00f4nia de premia\u00e7\u00e3o da 2\u00aa Edi\u00e7\u00e3o do Pr\u00eamio MapBiomas\" width=\"500\" height=\"281\" src=\"https:\/\/www.youtube.com\/embed\/zf4yLNxiQqI?feature=oembed\" frameborder=\"0\" allow=\"accelerometer; autoplay; clipboard-write; encrypted-media; gyroscope; picture-in-picture; web-share\" allowfullscreen><\/iframe>\n<\/div><\/figure>\n\n\n\n<figure class=\"wp-block-embed is-type-rich is-provider-incorporar-manipulador wp-block-embed-incorporar-manipulador wp-embed-aspect-16-9 wp-has-aspect-ratio\"><div class=\"wp-block-embed__wrapper\">\n<iframe loading=\"lazy\" title=\"2\u00aa Edi\u00e7\u00e3o do Pr\u00eamio MapBiomas: saiba mais sobre os vencedores\" width=\"500\" height=\"281\" src=\"https:\/\/www.youtube.com\/embed\/AdgCQIc5_9I?feature=oembed\" frameborder=\"0\" allow=\"accelerometer; autoplay; clipboard-write; encrypted-media; gyroscope; picture-in-picture; web-share\" allowfullscreen><\/iframe>\n<\/div><\/figure>\n\n\n\n<hr class=\"wp-block-separator has-alpha-channel-opacity\"\/>\n\n\n\n<p><strong>Winners and finalists of the 2nd Edition of the MapBiomas Award<\/strong><\/p>\n\n\n\n<p><strong>General Category:<\/strong><\/p>\n\n\n\n<ul>\n<li class=\" translation-block\"><strong>1st Place:<\/strong>\u00a0Livia dos Santos Abdalla\u00a0 (FIOCRUZ\/IME)<\/li>\n\n\n\n<li><a href=\"https:\/\/staging-brasil.mapbiomas.org\/wp-content\/uploads\/sites\/4\/2023\/08\/MODELAGEM-BASEADA-EM-DADOS-PARA-PREVISAO-DA-EMERGENCIA-DE-ZOONOSES_-UM-ESTUDO-DE-CASO-DA-FEBRE-AMARELA-SILVESTRE-NO-BRASIL-2.pdf\"><strong>Data-driven modeling for predicting the emergence of zoonoses: a case study of wild Yellow Fever in Brazil.<\/strong><\/a><\/li>\n<\/ul>\n\n\n\n<figure class=\"wp-block-embed is-type-rich is-provider-incorporar-manipulador wp-block-embed-incorporar-manipulador wp-embed-aspect-16-9 wp-has-aspect-ratio\"><div class=\"wp-block-embed__wrapper\">\n<iframe loading=\"lazy\" title=\"Modelagem para previs\u00e3o da emerg\u00eancia de zoonoses: um estudo de caso da Febre Amarela silvestre\" width=\"500\" height=\"281\" src=\"https:\/\/www.youtube.com\/embed\/QZEzqbayNB0?feature=oembed\" frameborder=\"0\" allow=\"accelerometer; autoplay; clipboard-write; encrypted-media; gyroscope; picture-in-picture; web-share\" allowfullscreen><\/iframe>\n<\/div><\/figure>\n\n\n\n<ul>\n<li class=\" translation-block\"><strong>2nd Place:<\/strong>\u00a0Thomas P\u00fcttker et al (UNIFESP)<\/li>\n\n\n\n<li class=\" translation-block\"><strong><a href=\"https:\/\/staging-brasil.mapbiomas.org\/wp-content\/uploads\/sites\/4\/2023\/08\/Indirect-effects-of-habitat-loss-via-habitat-fragmentation-A-cross-taxa-analysis-of-forest-dependent-species.pdf\" target=\"_self\">Indirect<em>\u00a0effects of habitat loss via habitat fragmentation: a cross-taxa analysis of forest-dependent species<\/em><\/a><\/strong><\/li>\n<\/ul>\n\n\n\n<figure class=\"wp-block-embed is-type-rich is-provider-incorporar-manipulador wp-block-embed-incorporar-manipulador wp-embed-aspect-16-9 wp-has-aspect-ratio\"><div class=\"wp-block-embed__wrapper\">\n<iframe loading=\"lazy\" title=\"Os efeitos da perda e da fragmenta\u00e7\u00e3o da mata sobre o n\u00famero de esp\u00e9cies na Mata Atl\u00e2ntica\" width=\"500\" height=\"281\" src=\"https:\/\/www.youtube.com\/embed\/-kzN76wugcU?feature=oembed\" frameborder=\"0\" allow=\"accelerometer; autoplay; clipboard-write; encrypted-media; gyroscope; picture-in-picture; web-share\" allowfullscreen><\/iframe>\n<\/div><\/figure>\n\n\n\n<ul>\n<li class=\" translation-block\"><strong>Honorable Mention: <\/strong>Mateus Camana et al (UFRGS)<\/li>\n\n\n\n<li><strong><a href=\"https:\/\/staging-brasil.mapbiomas.org\/wp-content\/uploads\/sites\/4\/2023\/08\/Avaliando-o-legado-de-trajetorias-do-uso-da-terra-em-comunidades-de-peixes-de-riacho-no-sul-do-Brasil.pdf\" data-type=\"URL\" data-id=\"https:\/\/staging-brasil.mapbiomas.org\/wp-content\/uploads\/sites\/4\/2023\/08\/Avaliando-o-legado-de-trajetorias-do-uso-da-terra-em-comunidades-de-peixes-de-riacho-no-sul-do-Brasil.pdf\">Assessing the legacy of land use trajectories on stream fish communities in southern Brazil.<\/a><\/strong><\/li>\n<\/ul>\n\n\n\n<figure class=\"wp-block-embed is-type-rich is-provider-incorporar-manipulador wp-block-embed-incorporar-manipulador wp-embed-aspect-16-9 wp-has-aspect-ratio\"><div class=\"wp-block-embed__wrapper\">\n<iframe loading=\"lazy\" title=\"Como as comunidades de peixes de riacho respondem ao uso da terra no passado e no presente\" width=\"500\" height=\"281\" src=\"https:\/\/www.youtube.com\/embed\/hr21sQ1PEks?feature=oembed\" frameborder=\"0\" allow=\"accelerometer; autoplay; clipboard-write; encrypted-media; gyroscope; picture-in-picture; web-share\" allowfullscreen><\/iframe>\n<\/div><\/figure>\n\n\n\n<p><strong>Other finalists:<\/strong><\/p>\n\n\n\n<ul>\n<li>Adrian David Gonz\u00e1lez Chaves (USP) &#8211;&nbsp;<em>Protecting natural habitat within farmland enhances coffee yields: regional analyses throughout the Brazilian Atlantic Forest<\/em><\/li>\n\n\n\n<li>Celso Henrique Leite Silva Junior (INPE) &#8211;&nbsp;<em>Fire Responses to the 2010 and 2015\/2016 Amazonian Droughts<\/em><\/li>\n\n\n\n<li class=\" translation-block\">Henrique Yugo Shirai (IP\u00ca) \u2013\u00a0<em>Landscape connectivity dynamics in the Atlantic Forest<\/em><\/li>\n\n\n\n<li>Isabella Romitelli (USP) &#8211;&nbsp;<em>Landscape effects overtake abiotic and age influences on forest biomass in tropical fragmented landscapes<\/em><\/li>\n<\/ul>\n\n\n\n<hr class=\"wp-block-separator has-alpha-channel-opacity\"\/>\n\n\n\n<p><strong>Young Category:<\/strong><\/p>\n\n\n\n<ul>\n<li class=\" translation-block\"><strong>1st Place:<\/strong>\u00a0Jo\u00e3o Pedro Gra\u00e7a Melo Vieira (PUC-Rio)<\/li>\n\n\n\n<li><strong><a href=\"https:\/\/staging-brasil.mapbiomas.org\/wp-content\/uploads\/sites\/4\/2023\/08\/Curbing-or-Displacing-Deforestation_-The-Amazon-_Blacklist_-Policy.pdf\" data-type=\"URL\" data-id=\"https:\/\/staging-brasil.mapbiomas.org\/wp-content\/uploads\/sites\/4\/2023\/08\/Curbing-or-Displacing-Deforestation_-The-Amazon-_Blacklist_-Policy.pdf\">Curbing or Displacing Deforestation? The Amazon Blacklist Policy<\/a><\/strong><\/li>\n<\/ul>\n\n\n\n<figure class=\"wp-block-embed is-type-rich is-provider-incorporar-manipulador wp-block-embed-incorporar-manipulador wp-embed-aspect-16-9 wp-has-aspect-ratio\"><div class=\"wp-block-embed__wrapper\">\n<iframe loading=\"lazy\" title=\"Combatendo ou deslocando o desmatamento?\" width=\"500\" height=\"281\" src=\"https:\/\/www.youtube.com\/embed\/62gWc_qUy4I?feature=oembed\" frameborder=\"0\" allow=\"accelerometer; autoplay; clipboard-write; encrypted-media; gyroscope; picture-in-picture; web-share\" allowfullscreen><\/iframe>\n<\/div><\/figure>\n\n\n\n<ul>\n<li class=\" translation-block\"><strong>2nd Place:<\/strong>\u00a0Angela Gabrielly Pires Silva (IFG)<\/li>\n\n\n\n<li><strong><a href=\"https:\/\/staging-brasil.mapbiomas.org\/wp-content\/uploads\/sites\/4\/2023\/08\/Selecao-de-areas-aptas-para-implantacao-de-usinas-fotovoltaicas-baseada-em-modelo-de-logica-Booleana-Fuzzy.pdf\" data-type=\"URL\" data-id=\"https:\/\/staging-brasil.mapbiomas.org\/wp-content\/uploads\/sites\/4\/2023\/08\/Selecao-de-areas-aptas-para-implantacao-de-usinas-fotovoltaicas-baseada-em-modelo-de-logica-Booleana-Fuzzy.pdf\">Selection of suitable areas for photovoltaic power plant deployment based on Boolean-Fuzzy logic model.<\/a><\/strong><\/li>\n<\/ul>\n\n\n\n<figure class=\"wp-block-embed is-type-rich is-provider-incorporar-manipulador wp-block-embed-incorporar-manipulador wp-embed-aspect-16-9 wp-has-aspect-ratio\"><div class=\"wp-block-embed__wrapper\">\n<iframe loading=\"lazy\" title=\"Uso da terra e a \u00e1rea dispon\u00edvel para usinas de energia solar em Goi\u00e1s\" width=\"500\" height=\"281\" src=\"https:\/\/www.youtube.com\/embed\/iI9xJu4dOwA?feature=oembed\" frameborder=\"0\" allow=\"accelerometer; autoplay; clipboard-write; encrypted-media; gyroscope; picture-in-picture; web-share\" allowfullscreen><\/iframe>\n<\/div><\/figure>\n\n\n\n<p><strong>Other finalists:<\/strong><\/p>\n\n\n\n<ul>\n<li class=\" translation-block\">Shaxahmary de Mori Crepaldi dos Santos (ESALQ-USP) \u2013\u00a0<em>Effects of forest protection on wellspring mobility in sugarcane areas in the state of S\u00e3o Paulo<\/em><\/li>\n\n\n\n<li class=\" translation-block\">Viviane Sobral Domingos dos Santos (UnB) \u2013<em>\u00a0Prioritization and evaluation of the importance of Private Conservation Units (RPPNs) for fragment connectivity in the biogeographical unit \"Serra do Mar\" (Brazilian Atlantic Forest)<\/em><\/li>\n<\/ul>\n\n\n\n<hr class=\"wp-block-separator has-alpha-channel-opacity\"\/>\n\n\n\n<p><a href=\"https:\/\/staging-brasil.mapbiomas.org\/wp-content\/uploads\/sites\/4\/2023\/08\/Edital-2a-Edicao-Premio-MapBiomas-2019.pdf\" data-type=\"URL\" data-id=\"https:\/\/staging-brasil.mapbiomas.org\/wp-content\/uploads\/sites\/4\/2023\/08\/Edital-2a-Edicao-Premio-MapBiomas-2019.pdf\">AWARD RULES<\/a><\/p>\n\n\n\n<p class=\" translation-block\"><a href=\"https:\/\/staging-brasil.mapbiomas.org\/wp-content\/uploads\/sites\/4\/2023\/08\/PT-BR-FAQ-2a-Ed.-Premio-MapBiomas-2019.pdf\" data-type=\"URL\" data-id=\"https:\/\/staging-brasil.mapbiomas.org\/wp-content\/uploads\/sites\/4\/2023\/08\/PT-BR-FAQ-2a-Ed.-Premio-MapBiomas-2019.pdf\" target=\"_self\">FAQ (ONLY IN PORTUGUESE)<\/a><a href=\"https:\/\/mapbiomas-br-site.s3.amazonaws.com\/_EN__FAQ_2a_Ed._Prmio_MapBiomas_2019.pdf\" target=\"_self\"><\/a><\/p>\n\n\n\n<p class=\" translation-block\">For more information about the MapBiomas Award visit the website \u2013\u00a0<a href=\"https:\/\/brasil.mapbiomas.org\/premio\" target=\"_self\">www.brasil.mapbiomas.org\/premio<\/a><\/p>\n\n\n\n<p class=\" translation-block\">Questions and clarifications via e-mail:\u00a0<a href=\"mailto:premio@mapbiomas.org\" target=\"_self\">premio@mapbiomas.org<\/a><\/p>\n\n\n\n<hr class=\"wp-block-separator has-alpha-channel-opacity\"\/>\n\n\n\n<p><strong>Find out more about other editions<\/strong><\/p>\n\n\n\n<p class=\" translation-block\"><a href=\"https:\/\/brasil.mapbiomas.org\/en\/premio-mapbiomas-1a-edicao\/\" target=\"_self\">1ST EDITION<\/a>\u00a0\u00a0<a href=\"https:\/\/brasil.mapbiomas.org\/en\/premio-mapbiomas-3a-edicao\/\" target=\"_self\">3RD EDITION<\/a>\u00a0\u00a0<a href=\"https:\/\/brasil.mapbiomas.org\/en\/premio-mapbiomas-4a-edicao\/\" target=\"_self\">4TH EDITION<\/a><\/p>","protected":false},"excerpt":{"rendered":"<p>Agradecemos todos os trabalhos inscritos na 2a edi\u00e7\u00e3o do Pr\u00eamio MapBiomas. A Comiss\u00e3o de Premia\u00e7\u00e3o da 2a Edi\u00e7\u00e3o do Pr\u00eamio MapBiomas selecionou os trabalhos finalistas e dentre eles os vencedores em cada categoria. Al\u00e9m disso, esse ano excepcionalmente foi selecionado um trabalho para men\u00e7\u00e3o honrosa. Devido ao contexto da pandemia, o evento de premia\u00e7\u00e3o foi [&hellip;]<\/p>","protected":false},"author":2,"featured_media":0,"parent":0,"menu_order":0,"comment_status":"closed","ping_status":"closed","template":"","meta":{"_uag_custom_page_level_css":""},"acf":[],"uagb_featured_image_src":{"full":false,"thumbnail":false,"medium":false,"medium_large":false,"large":false,"1536x1536":false,"2048x2048":false,"trp-custom-language-flag":false,"infographic":false,"team":false},"uagb_author_info":{"display_name":"Adriel Fernandes","author_link":"https:\/\/brasil.mapbiomas.org\/en\/author\/adriel-fernandes\/"},"uagb_comment_info":0,"uagb_excerpt":"Agradecemos todos os trabalhos inscritos na 2a edi\u00e7\u00e3o do Pr\u00eamio MapBiomas. A Comiss\u00e3o de Premia\u00e7\u00e3o da 2a Edi\u00e7\u00e3o do Pr\u00eamio MapBiomas selecionou os trabalhos finalistas e dentre eles os vencedores em cada categoria. Al\u00e9m disso, esse ano excepcionalmente foi selecionado um trabalho para men\u00e7\u00e3o honrosa. Devido ao contexto da pandemia, o evento de premia\u00e7\u00e3o foi&hellip;","_links":{"self":[{"href":"https:\/\/brasil.mapbiomas.org\/en\/wp-json\/wp\/v2\/pages\/1105"}],"collection":[{"href":"https:\/\/brasil.mapbiomas.org\/en\/wp-json\/wp\/v2\/pages"}],"about":[{"href":"https:\/\/brasil.mapbiomas.org\/en\/wp-json\/wp\/v2\/types\/page"}],"author":[{"embeddable":true,"href":"https:\/\/brasil.mapbiomas.org\/en\/wp-json\/wp\/v2\/users\/2"}],"replies":[{"embeddable":true,"href":"https:\/\/brasil.mapbiomas.org\/en\/wp-json\/wp\/v2\/comments?post=1105"}],"version-history":[{"count":8,"href":"https:\/\/brasil.mapbiomas.org\/en\/wp-json\/wp\/v2\/pages\/1105\/revisions"}],"predecessor-version":[{"id":3821,"href":"https:\/\/brasil.mapbiomas.org\/en\/wp-json\/wp\/v2\/pages\/1105\/revisions\/3821"}],"wp:attachment":[{"href":"https:\/\/brasil.mapbiomas.org\/en\/wp-json\/wp\/v2\/media?parent=1105"}],"curies":[{"name":"wp","href":"https:\/\/api.w.org\/{rel}","templated":true}]}}