{"id":1070,"date":"2024-08-21T00:00:09","date_gmt":"2024-08-21T03:00:09","guid":{"rendered":"https:\/\/staging-brasil.mapbiomas.org\/?page_id=1070"},"modified":"2026-03-10T11:17:39","modified_gmt":"2026-03-10T14:17:39","slug":"download-dos-atbds-com-metodo-detalhado","status":"publish","type":"page","link":"https:\/\/brasil.mapbiomas.org\/en\/download-dos-atbds-com-metodo-detalhado\/","title":{"rendered":"Download ATBD with details of the method"},"content":{"rendered":"<h4 class=\"wp-block-heading\">ATDB<\/h4>\n\n\n\n<p>From MapBiomas Collection 2 the methodological notes were replaced by the ATBD (Algorithm Theoretical Basis Document) which describes the entire process of map development and production and the algorithms used.<\/p>\n\n\n\n<p>ATBD is a living document that is constantly updated to aggregate new information and learning.<\/p>\n\n\n\n<p>Existe um ATBD Geral da Cole\u00e7\u00e3o 10.1 de mapas anuais de cobertura e uso da terra do Brasil, baseados em imagens Landsat (resolu\u00e7\u00e3o de 30 metros), com um conjunto de ap\u00eandices que detalham as especificidades dos m\u00e9todos e algoritmos para cada bioma e tema transversal.<\/p>\n\n\n\n<h4 class=\"wp-block-heading\"><strong>GENERAL ATBD<\/strong><\/h4>\n\n\n\n<p><a href=\"https:\/\/brasil.mapbiomas.org\/wp-content\/uploads\/sites\/4\/2026\/02\/ATBD-Collection-10.1.pdf\" data-type=\"URL\" target=\"_blank\" rel=\"noreferrer noopener\">DOCUMENTO GERAL COLE\u00c7\u00c3O 10.1<\/a>  (DOI: <a rel=\"noreferrer noopener\" href=\"https:\/\/doi.org\/10.58053\/MapBiomas\/2XSLB3\" target=\"_blank\">https:\/\/doi.org\/10.58053\/MapBiomas\/2XSLB3<\/a>)<\/p>\n\n\n\n<h4 class=\"wp-block-heading\"><strong>APPENDIX<\/strong><\/h4>\n\n\n\n<p><a href=\"https:\/\/brasil.mapbiomas.org\/wp-content\/uploads\/sites\/4\/2025\/08\/Amazon-Appendix-ATBD-Collection-10-v2.pdf\">AMAZON<\/a>  (DOI: <a rel=\"noreferrer noopener\" href=\"https:\/\/doi.org\/10.58053\/MapBiomas\/8YBV4N\" target=\"_blank\">https:\/\/doi.org\/10.58053\/MapBiomas\/8YBV4N<\/a>)<\/p>\n\n\n\n<p><a href=\"https:\/\/brasil.mapbiomas.org\/wp-content\/uploads\/sites\/4\/2025\/08\/Caatinga-Appendix-ATBD-Collection-10-v1.pdf\" data-type=\"URL\">CAATINGA<\/a>  (DOI: <a rel=\"noreferrer noopener\" href=\"https:\/\/doi.org\/10.58053\/MapBiomas\/NYGMCN\" target=\"_blank\">https:\/\/doi.org\/10.58053\/MapBiomas\/NYGMCN<\/a>)<\/p>\n\n\n\n<p><a href=\"https:\/\/brasil.mapbiomas.org\/wp-content\/uploads\/sites\/4\/2025\/08\/Cerrado-Appendix-ATBD-Collection-10-v1.pdf\" data-type=\"URL\">CERRADO<\/a> (DOI: <a rel=\"noreferrer noopener\" href=\"https:\/\/doi.org\/10.58053\/MapBiomas\/8WFXHU\" target=\"_blank\">https:\/\/doi.org\/10.58053\/MapBiomas\/8WFXHU<\/a>)<\/p>\n\n\n\n<p><a href=\"https:\/\/brasil.mapbiomas.org\/wp-content\/uploads\/sites\/4\/2025\/08\/MataAtlantica-Appendix-ATBD-Collection-10-v1.docx.pdf\" data-type=\"URL\">ATLANTIC FOREST<\/a> (DOI: <a rel=\"noreferrer noopener\" href=\"https:\/\/doi.org\/10.58053\/MapBiomas\/IYLSF0\" target=\"_blank\">https:\/\/doi.org\/10.58053\/MapBiomas\/IYLSF0<\/a>)<\/p>\n\n\n\n<p><a href=\"https:\/\/brasil.mapbiomas.org\/wp-content\/uploads\/sites\/4\/2025\/08\/Pampa-Appendix-ATBD-Collection-10-v2.pdf\" data-type=\"URL\">PAMPA<\/a> ( DOI: <a rel=\"noreferrer noopener\" href=\"https:\/\/doi.org\/10.58053\/MapBiomas\/F7D7YD\" target=\"_blank\">https:\/\/doi.org\/10.58053\/MapBiomas\/F7D7YD<\/a>)<\/p>\n\n\n\n<p><a href=\"https:\/\/drive.google.com\/uc?id=13FuWi6lzNHRO_07tT1c9w8FexFApCFq2&amp;export=download\" target=\"_blank\" rel=\"noreferrer noopener\">PANTANAL<\/a> (DOI: <a rel=\"noreferrer noopener\" href=\"https:\/\/doi.org\/10.58053\/MapBiomas\/6SZRDU\" target=\"_blank\">https:\/\/doi.org\/10.58053\/MapBiomas\/6SZRDU<\/a>)<\/p>\n\n\n\n<p><a href=\"https:\/\/brasil.mapbiomas.org\/wp-content\/uploads\/sites\/4\/2025\/08\/Mining-Appendix-ATBD-Collection-10-v1.pdf\" data-type=\"URL\">MINING<\/a> (DOI: <a rel=\"noreferrer noopener\" href=\"https:\/\/doi.org\/10.58053\/MapBiomas\/C0A21M\" target=\"_blank\">https:\/\/doi.org\/10.58053\/MapBiomas\/C0A21M<\/a>,)<\/p>\n\n\n\n<p><a href=\"https:\/\/brasil.mapbiomas.org\/wp-content\/uploads\/sites\/4\/2026\/03\/Urban-Areas-ATBD-Collection-10-rev.-Modulo.docx.pdf\" data-type=\"URL\">Urban Areas<\/a>  (DOI:<a href=\"https:\/\/doi.org\/10.58053\/MapBiomas\/J7Y4S6\"> https:\/\/doi.org\/10.58053\/MapBiomas\/J7Y4S6<\/a>)<\/p>\n\n\n\n<p><a href=\"https:\/\/brasil.mapbiomas.org\/wp-content\/uploads\/sites\/4\/2025\/08\/Coastal-Zone-Appendix-ATBD-Collection-10-v1.pdf\" data-type=\"URL\">COASTAL ZONE<\/a> (DOI: <a rel=\"noreferrer noopener\" href=\"https:\/\/doi.org\/10.58053\/MapBiomas\/RD3XOB\" target=\"_blank\">https:\/\/doi.org\/10.58053\/MapBiomas\/RD3XOB<\/a>)<\/p>\n\n\n\n<p><a href=\"https:\/\/brasil.mapbiomas.org\/wp-content\/uploads\/sites\/4\/2026\/01\/Pasture-Appendix-ATBD-Collection-10-V2.pdf\" data-type=\"URL\">PASTURE<\/a> (DOI: <a rel=\"noreferrer noopener\" href=\"https:\/\/doi.org\/10.58053\/MapBiomas\/VJTTBB\" target=\"_blank\">https:\/\/doi.org\/10.58053\/MapBiomas\/VJTTBB<\/a>)<\/p>\n\n\n\n<p><a href=\"https:\/\/brasil.mapbiomas.org\/wp-content\/uploads\/sites\/4\/2025\/08\/Agriculture-and-Forest-Plantation-Appendix-ATBD-Collection-10-v2.pdf\" data-type=\"URL\">AGRICULTURE AND FOREST PLANTATION<\/a> (DOI: <a rel=\"noreferrer noopener\" href=\"https:\/\/doi.org\/10.58053\/MapBiomas\/DXS8Z9\" target=\"_blank\">https:\/\/doi.org\/10.58053\/MapBiomas\/DXS8Z9<\/a>)<\/p>\n\n\n\n<p><a href=\"https:\/\/brasil.mapbiomas.org\/wp-content\/uploads\/sites\/4\/2026\/01\/Agriculture-Module-Appendix-Collection-10.pdf\" data-type=\"URL\">M\u00d3DULO AGRICULTURA<\/a>  (DOI: <a rel=\"noreferrer noopener\" href=\"https:\/\/doi.org\/10.58053\/MapBiomas\/NKKJLW\" target=\"_blank\">https:\/\/doi.org\/10.58053\/MapBiomas\/NKKJLW<\/a>)<\/p>\n\n\n\n<p><a href=\"https:\/\/brasil.mapbiomas.org\/wp-content\/uploads\/sites\/4\/2023\/08\/MapBiomas_Infrastructure_Layers_Appendix_ATBD_C8.docx.pdf\" data-type=\"URL\" data-id=\"https:\/\/brasil.mapbiomas.org\/wp-content\/uploads\/sites\/4\/2023\/08\/MapBiomas_Infrastructure_Layers_Appendix_ATBD_C8.docx.pdf\">INFRASTRUCTURE LAYERS<\/a> (COL.8) <\/p>\n\n\n\n<p><a href=\"https:\/\/brasil.mapbiomas.org\/wp-content\/uploads\/sites\/4\/2025\/08\/Photovoltaic-Power-Plants-Appendix-ATBD-Collection-10-v1.pdf\">PHOTOVOLTAIC POWER PLANTS<\/a> (DOI: <a rel=\"noreferrer noopener\" href=\"https:\/\/doi.org\/10.58053\/MapBiomas\/DENOGU\" target=\"_blank\">https:\/\/doi.org\/10.58053\/MapBiomas\/DENOGU<\/a>)<\/p>\n\n\n\n<p><a rel=\"noreferrer noopener\" href=\"https:\/\/brasil.mapbiomas.org\/wp-content\/uploads\/sites\/4\/2025\/08\/Deforestation-_-Secondary-Vegetation-Appendix-ATBD-Collection10-v1.pdf\" target=\"_blank\">DEFORESTATION AND SECONDARY VEGETATION<\/a> (DOI: <a rel=\"noreferrer noopener\" href=\"https:\/\/doi.org\/10.58053\/MapBiomas\/CA28GS\" target=\"_blank\">https:\/\/doi.org\/10.58053\/MapBiomas\/CA28GS<\/a>)<\/p>\n\n\n\n<p><a rel=\"noreferrer noopener\" href=\"https:\/\/brasil.mapbiomas.org\/wp-content\/uploads\/sites\/4\/2025\/08\/Accuracy-assessment-Appendix-ATBD-Collection-10-v1-1.pdf\" target=\"_blank\">ACCURACY<\/a> (DOI:<a rel=\"noreferrer noopener\" href=\"https:\/\/doi.org\/10.58053\/MapBiomas\/WU9XMG\" target=\"_blank\">https:\/\/doi.org\/10.58053\/MapBiomas\/WU9XMG<\/a>)<\/p>\n\n\n\n<hr class=\"wp-block-separator has-alpha-channel-opacity\" \/>\n\n\n\n<p class=\" translation-block\"><a href=\"https:\/\/brasil.mapbiomas.org\/wp-content\/uploads\/sites\/4\/2025\/09\/ATBD_MAPBIOMAS_10m_COLLECTION_2_BETA_SENTINEL.pdf\" target=\"_self\">MAPBIOMAS 10 METERS ATBD (Collection 2 beta)<\/a> : Document describing the method developed and applied in Collection 2 (beta) 10 meters (with Sentinel satellite images) of the annual mapping of land cover and land use in Brazil (2016-2023). (DOI:\u00a0<a rel=\"noreferrer noopener\" href=\"https:\/\/doi.org\/10.58053\/MapBiomas\/F1SN9W\" target=\"_blank\">https:\/\/doi.org\/10.58053\/MapBiomas\/F1SN9W<\/a>)<\/p>","protected":false},"excerpt":{"rendered":"<p>ATBD A partir da Cole\u00e7\u00e3o 2 do MapBiomas as notas metodol\u00f3gicas foram substitu\u00eddas pelo ATBD (Algorithm Theoretical Basis Document), que descreve todo o processo de desenvolvimento e produ\u00e7\u00e3o dos mapas e os algoritmos utilizados. O ATBD \u00e9 um documento vivo que \u00e9 atualizado constantemente para agregar novas informa\u00e7\u00f5es e aprendizados. Existe um ATBD Geral da [&hellip;]<\/p>","protected":false},"author":2,"featured_media":0,"parent":0,"menu_order":0,"comment_status":"closed","ping_status":"closed","template":"","meta":{"_uag_custom_page_level_css":""},"acf":[],"uagb_featured_image_src":{"full":false,"thumbnail":false,"medium":false,"medium_large":false,"large":false,"1536x1536":false,"2048x2048":false,"trp-custom-language-flag":false,"infographic":false,"team":false},"uagb_author_info":{"display_name":"Adriel Fernandes","author_link":"https:\/\/brasil.mapbiomas.org\/en\/author\/adriel-fernandes\/"},"uagb_comment_info":0,"uagb_excerpt":"ATBD A partir da Cole\u00e7\u00e3o 2 do MapBiomas as notas metodol\u00f3gicas foram substitu\u00eddas pelo ATBD (Algorithm Theoretical Basis Document), que descreve todo o processo de desenvolvimento e produ\u00e7\u00e3o dos mapas e os algoritmos utilizados. O ATBD \u00e9 um documento vivo que \u00e9 atualizado constantemente para agregar novas informa\u00e7\u00f5es e aprendizados. Existe um ATBD Geral da&hellip;","_links":{"self":[{"href":"https:\/\/brasil.mapbiomas.org\/en\/wp-json\/wp\/v2\/pages\/1070"}],"collection":[{"href":"https:\/\/brasil.mapbiomas.org\/en\/wp-json\/wp\/v2\/pages"}],"about":[{"href":"https:\/\/brasil.mapbiomas.org\/en\/wp-json\/wp\/v2\/types\/page"}],"author":[{"embeddable":true,"href":"https:\/\/brasil.mapbiomas.org\/en\/wp-json\/wp\/v2\/users\/2"}],"replies":[{"embeddable":true,"href":"https:\/\/brasil.mapbiomas.org\/en\/wp-json\/wp\/v2\/comments?post=1070"}],"version-history":[{"count":37,"href":"https:\/\/brasil.mapbiomas.org\/en\/wp-json\/wp\/v2\/pages\/1070\/revisions"}],"predecessor-version":[{"id":8567,"href":"https:\/\/brasil.mapbiomas.org\/en\/wp-json\/wp\/v2\/pages\/1070\/revisions\/8567"}],"wp:attachment":[{"href":"https:\/\/brasil.mapbiomas.org\/en\/wp-json\/wp\/v2\/media?parent=1070"}],"curies":[{"name":"wp","href":"https:\/\/api.w.org\/{rel}","templated":true}]}}